{"id":8907,"date":"2021-05-22T12:09:56","date_gmt":"2021-05-22T10:09:56","guid":{"rendered":"http:\/\/kostelecuholesova.eu\/?page_id=8907"},"modified":"2021-05-22T12:19:00","modified_gmt":"2021-05-22T10:19:00","slug":"zzo-c-17-zapis-2","status":"publish","type":"page","link":"https:\/\/kostelecuholesova.eu\/?page_id=8907","title":{"rendered":"ZZO \u010d. 17 \u2013 z\u00e1pis"},"content":{"rendered":"<p>Z\u00e1pis na uzob, tak jak jej vid\u00ed nep\u0159ihl\u00e1\u0161en\u00ed u\u017eivatel\u00e9 <a href=\"http:\/\/kostelecuholesova.eu\/wp-content\/uploads\/2021\/05\/zapis-zastupitelstvo-c-17-25.02.2021-public.pdf\" target=\"_blank\" rel=\"noopener noreferrer\">zapis zastupitelstvo c 17 &#8211; 25.02.2021 public<\/a><\/p>\n<p>Plnohodnotn\u00fd origin\u00e1ln\u00ed z\u00e1pis ze ZZO 17 konan\u00e9ho dne 25. \u00fanora 2021 &#8211;<\/p>\n<p>P\u0159\u00edlohy k z\u00e1pisu:<\/p>\n","protected":false},"excerpt":{"rendered":"<p>Z\u00e1pis na uzob, tak jak jej vid\u00ed nep\u0159ihl\u00e1\u0161en\u00ed u\u017eivatel\u00e9 zapis zastupitelstvo c 17 &#8211; 25.02.2021 public Plnohodnotn\u00fd origin\u00e1ln\u00ed z\u00e1pis ze ZZO 17 konan\u00e9ho dne 25. \u00fanora 2021 &#8211; P\u0159\u00edlohy k z\u00e1pisu:<\/p>\n","protected":false},"author":1,"featured_media":0,"parent":663,"menu_order":0,"comment_status":"closed","ping_status":"closed","template":"","meta":{"_monsterinsights_skip_tracking":false,"_monsterinsights_sitenote_active":false,"_monsterinsights_sitenote_note":"","_monsterinsights_sitenote_category":0,"footnotes":""},"class_list":["post-8907","page","type-page","status-publish","hentry"],"_links":{"self":[{"href":"https:\/\/kostelecuholesova.eu\/index.php?rest_route=\/wp\/v2\/pages\/8907","targetHints":{"allow":["GET"]}}],"collection":[{"href":"https:\/\/kostelecuholesova.eu\/index.php?rest_route=\/wp\/v2\/pages"}],"about":[{"href":"https:\/\/kostelecuholesova.eu\/index.php?rest_route=\/wp\/v2\/types\/page"}],"author":[{"embeddable":true,"href":"https:\/\/kostelecuholesova.eu\/index.php?rest_route=\/wp\/v2\/users\/1"}],"replies":[{"embeddable":true,"href":"https:\/\/kostelecuholesova.eu\/index.php?rest_route=%2Fwp%2Fv2%2Fcomments&post=8907"}],"version-history":[{"count":1,"href":"https:\/\/kostelecuholesova.eu\/index.php?rest_route=\/wp\/v2\/pages\/8907\/revisions"}],"predecessor-version":[{"id":8909,"href":"https:\/\/kostelecuholesova.eu\/index.php?rest_route=\/wp\/v2\/pages\/8907\/revisions\/8909"}],"up":[{"embeddable":true,"href":"https:\/\/kostelecuholesova.eu\/index.php?rest_route=\/wp\/v2\/pages\/663"}],"wp:attachment":[{"href":"https:\/\/kostelecuholesova.eu\/index.php?rest_route=%2Fwp%2Fv2%2Fmedia&parent=8907"}],"curies":[{"name":"wp","href":"https:\/\/api.w.org\/{rel}","templated":true}]}}