{"id":7303,"date":"2019-08-28T19:36:38","date_gmt":"2019-08-28T17:36:38","guid":{"rendered":"http:\/\/kostelecuholesova.eu\/?page_id=7303"},"modified":"2019-11-21T19:43:41","modified_gmt":"2019-11-21T17:43:41","slug":"ro-c-162019-zapis","status":"publish","type":"page","link":"https:\/\/kostelecuholesova.eu\/?page_id=7303","title":{"rendered":"RO \u010d. 16\/2019 \u2013 z\u00e1pis"},"content":{"rendered":"<p><strong style=\"font-weight: bold;\">z\u00e1pis:<\/strong><\/p>\n<ul>\n<li>podepsan\u00fd origin\u00e1ln\u00ed z\u00e1pis \u2013 <a href=\"http:\/\/kostelecuholesova.eu\/wp-content\/uploads\/2019\/08\/16-RO-19-zapis-rada-c.-16_2019-19.-8.-2019-an.pdf\" target=\"_blank\">16 RO 19 zapis rada c. 16_2019 &#8211; 19. 8. 2019 an<\/a><\/li>\n<li>z\u00e1pis z aplikace uzob \u2013 nepodepsan\u00fd a bez data vyhotoven\u00ed <a href=\"http:\/\/kostelecuholesova.eu\/wp-content\/uploads\/2019\/08\/16-RO-19-zapis-rada-c.-16_2019-19.-8.-2019-public.pdf\" target=\"_blank\">16 RO 19 zapis rada c. 16_2019 &#8211; 19. 8. 2019 public<\/a><\/li>\n<\/ul>\n<p><strong style=\"font-weight: bold;\">p\u0159\u00edlohy:<\/strong><\/p>\n<ul>\n<li><a href=\"http:\/\/kostelecuholesova.eu\/wp-content\/uploads\/2019\/08\/16-RO-19-bod-5-\u017d\u00e1dost-o-zm\u011bnu-vyu\u017eit\u00ed-pozemk\u016f-v-\u00daP_16-2019R-5-1.pdf\" target=\"_blank\">bod 5 \u017d\u00e1dost o zm\u011bnu vyu\u017eit\u00ed pozemk\u016f v \u00daP_16-2019R-5-1<\/a><\/li>\n<li><a href=\"http:\/\/kostelecuholesova.eu\/wp-content\/uploads\/2019\/08\/16-RO-19-bod-6-Hromadn\u00fd-protokol-o-vy\u0159azen\u00ed-\u010d.-1_2019_16-2019R-8-1.pdf\" target=\"_blank\">bod 6 Hromadn\u00fd protokol o vy\u0159azen\u00ed \u010d. 1_2019_16-2019R-8-1<\/a><\/li>\n<li><a href=\"http:\/\/kostelecuholesova.eu\/wp-content\/uploads\/2019\/08\/16-RO-19-bod-7-\u017d\u00e1dost-\u0159editelky-M\u0160-o-vy\u0159azen\u00ed-nepot\u0159ebn\u00e9ho-majetku-z-evidence_16-2019R-5-1.pdf\" target=\"_blank\">bod 7 \u017d\u00e1dost \u0159editelky M\u0160 o vy\u0159azen\u00ed nepot\u0159ebn\u00e9ho majetku z evidence_16-2019R-5-1<\/a><\/li>\n<li><a href=\"http:\/\/kostelecuholesova.eu\/wp-content\/uploads\/2019\/08\/16-RO-19-bod-8-\u017d\u00e1dost-o-odkoupen\u00ed-pozemku-situace_16-2019R-6-2.pdf\" target=\"_blank\">bod 8 \u017d\u00e1dost o odkoupen\u00ed pozemku &#8211; situace_16-2019R-6-2<\/a><\/li>\n<li><a href=\"http:\/\/kostelecuholesova.eu\/wp-content\/uploads\/2019\/08\/16-RO-19-bod-8-\u017d\u00e1dost-o-odkoupen\u00ed-pozemku-v-majetku-obce_16-2019R-6-1.pdf\" target=\"_blank\">bod 8 \u017d\u00e1dost o odkoupen\u00ed pozemku v majetku obce_16-2019R-6-1<\/a><\/li>\n<li><a href=\"http:\/\/kostelecuholesova.eu\/wp-content\/uploads\/2019\/08\/16-RO-19-bod-9-Cestovn\u00ed-zpr\u00e1va-19.8.2019_16-2019R-9-2.pdf\" target=\"_blank\">bod 9 Cestovn\u00ed zpr\u00e1va 19.8.2019_16-2019R-9-2<\/a><\/li>\n<li><a href=\"http:\/\/kostelecuholesova.eu\/wp-content\/uploads\/2019\/08\/16-RO-19-bod-9-Zpr\u00e1vy-ze-slu\u017eebn\u00edch-cest-starostky-obce_16-2019R-9-1.pdf\" target=\"_blank\">bod 9 Zpr\u00e1vy ze slu\u017eebn\u00edch cest starostky obce_16-2019R-9-1<\/a><\/li>\n<li><a href=\"http:\/\/kostelecuholesova.eu\/wp-content\/uploads\/2019\/08\/16-RO-19-bod-10-obec-kostelec-b\u0159\u00edzy+jasan_16-2019R-12-1.odt\" target=\"_blank\">bod 10 obec kostelec b\u0159\u00edzy+jasan_16-2019R-12-1<\/a><\/li>\n<li><a href=\"http:\/\/kostelecuholesova.eu\/wp-content\/uploads\/2019\/08\/16-RO-19-bod-11-Karlovice-chodn\u00edk-a-VO-CN-na-zpracov\u00e1n\u00ed-PD-v\u010detn\u011b-in\u017een\u00fdringu-upraven\u00e1_16-2019R-11-1.pdf\" target=\"_blank\">bod 11 Karlovice &#8211; chodn\u00edk a VO &#8211; CN na zpracov\u00e1n\u00ed PD v\u010detn\u011b in\u017een\u00fdringu &#8211; upraven\u00e1_16-2019R-11-1<\/a><\/li>\n<li><a href=\"http:\/\/kostelecuholesova.eu\/wp-content\/uploads\/2019\/08\/16-RO-19-bod-12-\u00daP-nab\u00eddkov\u00e9-ceny_16-2019R-12-1.pdf\" target=\"_blank\">bod 12 \u00daP &#8211; nab\u00eddkov\u00e9 ceny_16-2019R-12-1<\/a><\/li>\n<\/ul>\n","protected":false},"excerpt":{"rendered":"<p>z\u00e1pis: podepsan\u00fd origin\u00e1ln\u00ed z\u00e1pis \u2013 16 RO 19 zapis rada c. 16_2019 &#8211; 19. 8. 2019 an z\u00e1pis z aplikace uzob \u2013 nepodepsan\u00fd a bez data vyhotoven\u00ed 16 RO 19 zapis rada c. 16_2019 &#8211; 19. 8. 2019 public p\u0159\u00edlohy: bod 5 \u017d\u00e1dost o zm\u011bnu vyu\u017eit\u00ed pozemk\u016f v \u00daP_16-2019R-5-1 bod 6 Hromadn\u00fd protokol o vy\u0159azen\u00ed &hellip; <a href=\"https:\/\/kostelecuholesova.eu\/?page_id=7303\" class=\"more-link\">Pokra\u010dov\u00e1n\u00ed textu <span class=\"screen-reader-text\">RO \u010d. 16\/2019 \u2013 z\u00e1pis<\/span> <span class=\"meta-nav\">&rarr;<\/span><\/a><\/p>\n","protected":false},"author":1,"featured_media":0,"parent":1138,"menu_order":0,"comment_status":"closed","ping_status":"closed","template":"","meta":{"_monsterinsights_skip_tracking":false,"_monsterinsights_sitenote_active":false,"_monsterinsights_sitenote_note":"","_monsterinsights_sitenote_category":0,"footnotes":""},"class_list":["post-7303","page","type-page","status-publish","hentry"],"_links":{"self":[{"href":"https:\/\/kostelecuholesova.eu\/index.php?rest_route=\/wp\/v2\/pages\/7303","targetHints":{"allow":["GET"]}}],"collection":[{"href":"https:\/\/kostelecuholesova.eu\/index.php?rest_route=\/wp\/v2\/pages"}],"about":[{"href":"https:\/\/kostelecuholesova.eu\/index.php?rest_route=\/wp\/v2\/types\/page"}],"author":[{"embeddable":true,"href":"https:\/\/kostelecuholesova.eu\/index.php?rest_route=\/wp\/v2\/users\/1"}],"replies":[{"embeddable":true,"href":"https:\/\/kostelecuholesova.eu\/index.php?rest_route=%2Fwp%2Fv2%2Fcomments&post=7303"}],"version-history":[{"count":4,"href":"https:\/\/kostelecuholesova.eu\/index.php?rest_route=\/wp\/v2\/pages\/7303\/revisions"}],"predecessor-version":[{"id":7539,"href":"https:\/\/kostelecuholesova.eu\/index.php?rest_route=\/wp\/v2\/pages\/7303\/revisions\/7539"}],"up":[{"embeddable":true,"href":"https:\/\/kostelecuholesova.eu\/index.php?rest_route=\/wp\/v2\/pages\/1138"}],"wp:attachment":[{"href":"https:\/\/kostelecuholesova.eu\/index.php?rest_route=%2Fwp%2Fv2%2Fmedia&parent=7303"}],"curies":[{"name":"wp","href":"https:\/\/api.w.org\/{rel}","templated":true}]}}