{"id":7191,"date":"2019-07-29T17:09:24","date_gmt":"2019-07-29T15:09:24","guid":{"rendered":"http:\/\/kostelecuholesova.eu\/?page_id=7191"},"modified":"2019-07-29T17:09:24","modified_gmt":"2019-07-29T15:09:24","slug":"20-6-2019-dokument-pcr-citovany-mistostarostou-hlobilem-na-zzo-c-4","status":"publish","type":"page","link":"https:\/\/kostelecuholesova.eu\/?page_id=7191","title":{"rendered":"20.6.2019 &#8211; dokument P\u010cR citovan\u00fd m\u00edstostarostou Hlobilem na ZZO \u010d. 4"},"content":{"rendered":"<p><span style=\"color: #0000ff;\"><strong style=\"font-weight: bold;\">20.6.2019, z\u00e1kon 128\/2000 Sb., obec Kostelec u Hole\u0161ova<br style=\"font-weight: bold;\" \/> <\/strong><\/span><\/p>\n<p><strong style=\"font-weight: bold;\">obsah: <span style=\"text-decoration: underline; color: #ff0000;\">dokument P\u010cR ukazovan\u00fd a citovan\u00fd m\u00edstostarostou Hlobilem na ZZO \u010d. 4<\/span><\/strong><br \/>\n<strong style=\"font-weight: bold;\">\u017e\u00e1dost: <\/strong><a href=\"http:\/\/kostelecuholesova.eu\/wp-content\/uploads\/2019\/07\/zadost-o-poskytnuti-dokumentu-190620.pdf\" target=\"_blank\">zadost o poskytnuti dokumentu 190620<\/a><br \/>\n<strong style=\"font-weight: bold;\">odpov\u011b\u010f 3.7.2019:\u00a0<\/strong><a href=\"http:\/\/kostelecuholesova.eu\/wp-content\/uploads\/2019\/07\/dokumenty-m\u00edstostarosty-odm\u00edtnut\u00ed.pdf\" target=\"_blank\">dokumenty m\u00edstostarosty -odm\u00edtnut\u00ed<\/a><strong style=\"font-weight: bold;\"><br \/>\n<\/strong><\/p>\n<hr \/>\n<p>&nbsp;<\/p>\n<p><strong>odvol\u00e1n\u00ed proti Rozhodnut\u00ed 8.7.2019:<\/strong> <a href=\"http:\/\/kostelecuholesova.eu\/wp-content\/uploads\/2019\/07\/odvolani-k-rozhodnuti-o-zadosti-190620.pdf\" target=\"_blank\">odvolani k rozhodnuti o zadosti 190620<\/a><\/p>\n<p><strong>Nad\u0159\u00edzen\u00fd org\u00e1n K\u00da Zl\u00ednsk\u00e9ho kraje &#8211; zru\u0161en\u00ed Rozhodnut\u00ed obce na z\u00e1klad\u011b podan\u00e9ho odvol\u00e1n\u00ed 24.7.2019:<\/strong> <a href=\"http:\/\/kostelecuholesova.eu\/wp-content\/uploads\/2019\/07\/KU-Zlin_106_Petr-\u017d\u016frek_Kostelec-u-Hole\u0161ova_.pdf\" target=\"_blank\">KU Zlin_106_Petr \u017d\u016frek_Kostelec u Hole\u0161ova_<\/a><\/p>\n<hr \/>\n<p>&nbsp;<\/p>\n<p><strong style=\"font-weight: bold;\"><strong style=\"font-weight: bold;\">poskytnut\u00e9 informace: <\/strong><\/strong><\/p>\n<p><strong style=\"font-weight: bold;\">\u00a0zve\u0159ejn\u011bn\u00ed dle \u00a75 odst. 3 InfZ: <\/strong>ne<\/p>\n","protected":false},"excerpt":{"rendered":"<p>20.6.2019, z\u00e1kon 128\/2000 Sb., obec Kostelec u Hole\u0161ova obsah: dokument P\u010cR ukazovan\u00fd a citovan\u00fd m\u00edstostarostou Hlobilem na ZZO \u010d. 4 \u017e\u00e1dost: zadost o poskytnuti dokumentu 190620 odpov\u011b\u010f 3.7.2019:\u00a0dokumenty m\u00edstostarosty -odm\u00edtnut\u00ed &nbsp; odvol\u00e1n\u00ed proti Rozhodnut\u00ed 8.7.2019: odvolani k rozhodnuti o zadosti 190620 Nad\u0159\u00edzen\u00fd org\u00e1n K\u00da Zl\u00ednsk\u00e9ho kraje &#8211; zru\u0161en\u00ed Rozhodnut\u00ed obce na z\u00e1klad\u011b podan\u00e9ho odvol\u00e1n\u00ed 24.7.2019: &hellip; <a href=\"https:\/\/kostelecuholesova.eu\/?page_id=7191\" class=\"more-link\">Pokra\u010dov\u00e1n\u00ed textu <span class=\"screen-reader-text\">20.6.2019 &#8211; dokument P\u010cR citovan\u00fd m\u00edstostarostou Hlobilem na ZZO \u010d. 4<\/span> <span class=\"meta-nav\">&rarr;<\/span><\/a><\/p>\n","protected":false},"author":1,"featured_media":0,"parent":6424,"menu_order":0,"comment_status":"closed","ping_status":"closed","template":"","meta":{"_monsterinsights_skip_tracking":false,"_monsterinsights_sitenote_active":false,"_monsterinsights_sitenote_note":"","_monsterinsights_sitenote_category":0,"footnotes":""},"class_list":["post-7191","page","type-page","status-publish","hentry"],"_links":{"self":[{"href":"https:\/\/kostelecuholesova.eu\/index.php?rest_route=\/wp\/v2\/pages\/7191","targetHints":{"allow":["GET"]}}],"collection":[{"href":"https:\/\/kostelecuholesova.eu\/index.php?rest_route=\/wp\/v2\/pages"}],"about":[{"href":"https:\/\/kostelecuholesova.eu\/index.php?rest_route=\/wp\/v2\/types\/page"}],"author":[{"embeddable":true,"href":"https:\/\/kostelecuholesova.eu\/index.php?rest_route=\/wp\/v2\/users\/1"}],"replies":[{"embeddable":true,"href":"https:\/\/kostelecuholesova.eu\/index.php?rest_route=%2Fwp%2Fv2%2Fcomments&post=7191"}],"version-history":[{"count":1,"href":"https:\/\/kostelecuholesova.eu\/index.php?rest_route=\/wp\/v2\/pages\/7191\/revisions"}],"predecessor-version":[{"id":7196,"href":"https:\/\/kostelecuholesova.eu\/index.php?rest_route=\/wp\/v2\/pages\/7191\/revisions\/7196"}],"up":[{"embeddable":true,"href":"https:\/\/kostelecuholesova.eu\/index.php?rest_route=\/wp\/v2\/pages\/6424"}],"wp:attachment":[{"href":"https:\/\/kostelecuholesova.eu\/index.php?rest_route=%2Fwp%2Fv2%2Fmedia&parent=7191"}],"curies":[{"name":"wp","href":"https:\/\/api.w.org\/{rel}","templated":true}]}}