{"id":667,"date":"2016-05-17T11:46:04","date_gmt":"2016-05-17T10:46:04","guid":{"rendered":"http:\/\/kostelecuholesova.eu\/?page_id=667"},"modified":"2018-11-29T14:18:42","modified_gmt":"2018-11-29T12:18:42","slug":"zzo-c-10-zapis","status":"publish","type":"page","link":"https:\/\/kostelecuholesova.eu\/?page_id=667","title":{"rendered":"ZZO \u010d. 10 \u2013 z\u00e1pis"},"content":{"rendered":"<p><a href=\"http:\/\/kostelecuholesova.eu\/wp-content\/uploads\/2016\/05\/Z\u00e1pis-ZO-\u010d.-10-ze-dne-3.3.2016_Page_1-e1463482059675.jpg\"><img loading=\"lazy\" decoding=\"async\" class=\"alignnone size-large wp-image-670\" src=\"http:\/\/kostelecuholesova.eu\/wp-content\/uploads\/2016\/05\/Z\u00e1pis-ZO-\u010d.-10-ze-dne-3.3.2016_Page_1-e1463482059675-1024x505.jpg\" alt=\"Z\u00e1pis ZO \u010d. 10 ze dne 3.3.2016_Page_1\" width=\"474\" height=\"233\" srcset=\"https:\/\/kostelecuholesova.eu\/wp-content\/uploads\/2016\/05\/Z\u00e1pis-ZO-\u010d.-10-ze-dne-3.3.2016_Page_1-e1463482059675-1024x505.jpg 1024w, https:\/\/kostelecuholesova.eu\/wp-content\/uploads\/2016\/05\/Z\u00e1pis-ZO-\u010d.-10-ze-dne-3.3.2016_Page_1-e1463482059675-300x148.jpg 300w, https:\/\/kostelecuholesova.eu\/wp-content\/uploads\/2016\/05\/Z\u00e1pis-ZO-\u010d.-10-ze-dne-3.3.2016_Page_1-e1463482059675.jpg 1095w\" sizes=\"auto, (max-width: 474px) 100vw, 474px\" \/><\/a><\/p>\n<p>Plnohodnotn\u00fd z\u00e1pis ze\u00a0<a href=\"http:\/\/kostelecuholesova.eu\/wp-content\/uploads\/2016\/05\/Z\u00e1pis-ZO-\u010d.-10-ze-dne-3.3.2016.pdf\" target=\"_blank\">ZO 10<\/a> konan\u00e9ho dne 3. b\u0159ezna 2016.<\/p>\n<p>P\u0159\u00edlohy k z\u00e1pisu:<\/p>\n<ul>\n<li><a href=\"http:\/\/kostelecuholesova.eu\/wp-content\/uploads\/2016\/05\/N\u00e1mitky-\u010dlena-ZO-proti-z\u00e1pisu.pdf\" target=\"_blank\">p\u0159\u00edloha k bodu \u010d. 1 ZO \u010d. 10<\/a> &#8211; n\u00e1mitky k p\u0159edchoz\u00edm z\u00e1pis\u016fm ZO, p\u0159edkladatel Ing. Petr \u017d\u016frek<\/li>\n<li><a href=\"http:\/\/kostelecuholesova.eu\/wp-content\/uploads\/2016\/05\/P\u0159\u00edloha-k-bodu-\u010d.-4-ZO-\u010d.-10-ze-dne-3.3.2016.pdf\" target=\"_blank\">p\u0159\u00edloha k bodu \u010d. 4 ZO \u010d. 10<\/a> &#8211; projedn\u00e1n\u00ed a schv\u00e1len\u00ed rozpo\u010dtu obce na rok 2016 &#8211; rozpo\u010det po jednotliv\u00fdch kapitol\u00e1ch<\/li>\n<li><a href=\"http:\/\/kostelecuholesova.eu\/wp-content\/uploads\/2016\/05\/42-4_P-3_160307144912.pdf\" target=\"_blank\">p\u0159\u00edloha k bodu \u010d. 4 ZO \u010d. 10<\/a> &#8211; projedn\u00e1n\u00ed a schv\u00e1len\u00ed rozpo\u010dtu obce na rok 2016 &#8211; rozd\u011blen\u00ed p\u0159ebytku rozpo\u010dtu (porcov\u00e1n\u00ed medv\u011bda)<\/li>\n<li><a href=\"http:\/\/kostelecuholesova.eu\/wp-content\/uploads\/2016\/05\/Smlouva-\u010d.-D-2016-1.pdf\" target=\"_blank\">p\u0159\u00edloha k bodu \u010d. 5 ZO \u010d. 10<\/a> &#8211; smlouva na dotaci 10.000 K\u010d pro Mysliveck\u00e9 sdru\u017een\u00ed Kosteleck\u00fd les, o.s.<\/li>\n<li><a href=\"http:\/\/kostelecuholesova.eu\/wp-content\/uploads\/2016\/05\/Smlouva-\u010d.-D-2016-2.pdf\" target=\"_blank\">p\u0159\u00edloha k bodu \u010d. 5 ZO \u010d. 10<\/a> &#8211; smlouva na dotaci 10.000 K\u010d pro TJ Sokol Kostelec u Hole\u0161ova<\/li>\n<li><a href=\"http:\/\/kostelecuholesova.eu\/wp-content\/uploads\/2016\/05\/Smlouva-\u010d.-D-2016-3.pdf\" target=\"_blank\">p\u0159\u00edloha k bodu \u010d. 5 ZO \u010d. 10<\/a> &#8211; smlouva na dotaci 110.000 K\u010d pro SK Moravan Kostelec u Hole\u0161ova, z.s.<\/li>\n<li><a href=\"http:\/\/kostelecuholesova.eu\/wp-content\/uploads\/2016\/05\/Smlouva-\u010d.-D-2016-4.pdf\" target=\"_blank\">p\u0159\u00edloha k bodu \u010d. 5 ZO \u010d. 10<\/a> &#8211; smlouva na dotaci 7.000 K\u010d pro SDH Kostelec u Hole\u0161ova<\/li>\n<li><a href=\"http:\/\/kostelecuholesova.eu\/wp-content\/uploads\/2016\/05\/Smlouva-\u010d.-D-2016-5.pdf\" target=\"_blank\">p\u0159\u00edloha k bodu \u010d. 5 ZO \u010d. 10<\/a> &#8211; smlouva na dotaci 28.350 K\u010d pro SDH Karlovice<\/li>\n<li><a href=\"http:\/\/kostelecuholesova.eu\/wp-content\/uploads\/2016\/05\/Smlouva-\u010d.-D-2016-6.pdf\" target=\"_blank\">p\u0159\u00edloha k bodu \u010d. 5 ZO \u010d. 10<\/a> &#8211; smlouva na dotaci 10.000 K\u010d pro KVZ Kostelec u Hole\u0161ova<\/li>\n<li><a href=\"http:\/\/kostelecuholesova.eu\/wp-content\/uploads\/2016\/05\/Smlouva-\u010d.-D-2016-7.pdf\" target=\"_blank\">p\u0159\u00edloha k bodu \u010d. 5 ZO \u010d. 10<\/a> &#8211; smlouva na dotaci 18.000 K\u010d pro Kostel\u00e1\u0148 z.s.<\/li>\n<li><a href=\"http:\/\/kostelecuholesova.eu\/wp-content\/uploads\/2016\/05\/Smlouva-\u010d.-D-2016-8.pdf\" target=\"_blank\">p\u0159\u00edloha k bodu \u010d. 5 ZO \u010d. 10<\/a> &#8211; smlouva na dotaci 2.000 K\u010d pro \u010cesk\u00fd svaz v\u010dela\u0159\u016f, o.s., ZO Hole\u0161ov<\/li>\n<li><a href=\"http:\/\/kostelecuholesova.eu\/wp-content\/uploads\/2016\/05\/42-6_P-2_160307145221.xls\" target=\"_blank\">p\u0159\u00edloha k bodu \u010d. 6 ZO \u010d. 10<\/a><\/li>\n<li><a href=\"http:\/\/kostelecuholesova.eu\/wp-content\/uploads\/2016\/05\/42-7_P-2_160307145318.pdf\" target=\"_blank\">p\u0159\u00edloha k bodu \u010d. 7 ZO \u010d. 10<\/a><\/li>\n<li><a href=\"http:\/\/kostelecuholesova.eu\/wp-content\/uploads\/2016\/05\/42-8_P-2_160307145418.pdf\" target=\"_blank\">p\u0159\u00edloha k bodu \u010d. 8 ZO \u010d. 10<\/a><\/li>\n<li><a href=\"http:\/\/kostelecuholesova.eu\/wp-content\/uploads\/2016\/05\/42-9_P-3_160307145604.pdf\" target=\"_blank\">p\u0159\u00edloha k bodu \u010d. 9 ZO \u010d. 10<\/a><\/li>\n<li><a href=\"http:\/\/kostelecuholesova.eu\/wp-content\/uploads\/2016\/05\/42-10_P-1_160307145624.pdf\" target=\"_blank\">p\u0159\u00edloha k bodu \u010d. 10 ZO \u010d. 10<\/a> &#8211; dodatek k jednac\u00edmu \u0159\u00e1du RO<\/li>\n<li><a href=\"http:\/\/kostelecuholesova.eu\/wp-content\/uploads\/2016\/05\/42-10_P-2_160307145624.pdf\" target=\"_blank\">p\u0159\u00edloha k bodu \u010d. 10 ZO \u010d. 10<\/a> &#8211; dodatek k jednac\u00edmu \u0159\u00e1du ZO<\/li>\n<\/ul>\n<p style=\"text-align: justify;\">ZZO &#8211; zased\u00e1n\u00ed zastupitelstva obce. Dokumenty jsou publikov\u00e1ny tak, jak byly poskytnuty obc\u00ed (p. Hlobil) na z\u00e1klad\u011b m\u00e9 \u017e\u00e1dosti podle z\u00e1kona 106\/1999 Sb. o svobodn\u00e9m p\u0159\u00edstupu k informac\u00edm.<\/p>\n","protected":false},"excerpt":{"rendered":"<p>Plnohodnotn\u00fd z\u00e1pis ze\u00a0ZO 10 konan\u00e9ho dne 3. b\u0159ezna 2016. P\u0159\u00edlohy k z\u00e1pisu: p\u0159\u00edloha k bodu \u010d. 1 ZO \u010d. 10 &#8211; n\u00e1mitky k p\u0159edchoz\u00edm z\u00e1pis\u016fm ZO, p\u0159edkladatel Ing. Petr \u017d\u016frek p\u0159\u00edloha k bodu \u010d. 4 ZO \u010d. 10 &#8211; projedn\u00e1n\u00ed a schv\u00e1len\u00ed rozpo\u010dtu obce na rok 2016 &#8211; rozpo\u010det po jednotliv\u00fdch kapitol\u00e1ch p\u0159\u00edloha k bodu &hellip; <a href=\"https:\/\/kostelecuholesova.eu\/?page_id=667\" class=\"more-link\">Pokra\u010dov\u00e1n\u00ed textu <span class=\"screen-reader-text\">ZZO \u010d. 10 \u2013 z\u00e1pis<\/span> <span class=\"meta-nav\">&rarr;<\/span><\/a><\/p>\n","protected":false},"author":1,"featured_media":0,"parent":663,"menu_order":0,"comment_status":"closed","ping_status":"closed","template":"","meta":{"_monsterinsights_skip_tracking":false,"_monsterinsights_sitenote_active":false,"_monsterinsights_sitenote_note":"","_monsterinsights_sitenote_category":0,"footnotes":""},"class_list":["post-667","page","type-page","status-publish","hentry"],"_links":{"self":[{"href":"https:\/\/kostelecuholesova.eu\/index.php?rest_route=\/wp\/v2\/pages\/667","targetHints":{"allow":["GET"]}}],"collection":[{"href":"https:\/\/kostelecuholesova.eu\/index.php?rest_route=\/wp\/v2\/pages"}],"about":[{"href":"https:\/\/kostelecuholesova.eu\/index.php?rest_route=\/wp\/v2\/types\/page"}],"author":[{"embeddable":true,"href":"https:\/\/kostelecuholesova.eu\/index.php?rest_route=\/wp\/v2\/users\/1"}],"replies":[{"embeddable":true,"href":"https:\/\/kostelecuholesova.eu\/index.php?rest_route=%2Fwp%2Fv2%2Fcomments&post=667"}],"version-history":[{"count":11,"href":"https:\/\/kostelecuholesova.eu\/index.php?rest_route=\/wp\/v2\/pages\/667\/revisions"}],"predecessor-version":[{"id":6311,"href":"https:\/\/kostelecuholesova.eu\/index.php?rest_route=\/wp\/v2\/pages\/667\/revisions\/6311"}],"up":[{"embeddable":true,"href":"https:\/\/kostelecuholesova.eu\/index.php?rest_route=\/wp\/v2\/pages\/663"}],"wp:attachment":[{"href":"https:\/\/kostelecuholesova.eu\/index.php?rest_route=%2Fwp%2Fv2%2Fmedia&parent=667"}],"curies":[{"name":"wp","href":"https:\/\/api.w.org\/{rel}","templated":true}]}}