{"id":661,"date":"2016-05-16T20:16:32","date_gmt":"2016-05-16T19:16:32","guid":{"rendered":"http:\/\/kostelecuholesova.eu\/?page_id=661"},"modified":"2016-05-17T11:40:09","modified_gmt":"2016-05-17T10:40:09","slug":"zzo-c-9-zapis","status":"publish","type":"page","link":"https:\/\/kostelecuholesova.eu\/?page_id=661","title":{"rendered":"ZZO \u010d. 9 &#8211; z\u00e1pis"},"content":{"rendered":"<p><a href=\"http:\/\/kostelecuholesova.eu\/wp-content\/uploads\/2016\/02\/ZO-8.12.2015_Page_01-e1456678359934.jpg\"><img loading=\"lazy\" decoding=\"async\" class=\"alignnone size-large wp-image-202\" src=\"http:\/\/kostelecuholesova.eu\/wp-content\/uploads\/2016\/02\/ZO-8.12.2015_Page_01-e1456678359934-1024x208.jpg\" alt=\"ZO 8.12.2015_Page_01\" width=\"474\" height=\"96\" srcset=\"https:\/\/kostelecuholesova.eu\/wp-content\/uploads\/2016\/02\/ZO-8.12.2015_Page_01-e1456678359934-1024x208.jpg 1024w, https:\/\/kostelecuholesova.eu\/wp-content\/uploads\/2016\/02\/ZO-8.12.2015_Page_01-e1456678359934-300x61.jpg 300w, https:\/\/kostelecuholesova.eu\/wp-content\/uploads\/2016\/02\/ZO-8.12.2015_Page_01-e1456678359934.jpg 1315w\" sizes=\"auto, (max-width: 474px) 100vw, 474px\" \/><\/a><\/p>\n<p>Plnohodnotn\u00fd z\u00e1pis ze\u00a0<a href=\"http:\/\/kostelecuholesova.eu\/wp-content\/uploads\/2016\/02\/ZO-8.12.2015.pdf\" target=\"_blank\">ZO 9<\/a> konan\u00e9ho dne 8. prosince 2015.<\/p>\n<p>P\u0159\u00edlohy k z\u00e1pisu:<\/p>\n<ul>\n<li><a href=\"http:\/\/kostelecuholesova.eu\/wp-content\/uploads\/2016\/02\/N\u00e1vrh-rozpo\u010dtov\u00e9ho-opat\u0159en\u00ed-\u010d.-4-k-bodu-\u010d-4.pdf\" target=\"_blank\">p\u0159\u00edloha k bodu \u010d. 4 ZO \u010d. 9 &#8211; n\u00e1vrh rozpo\u010dtov\u00e9ho opat\u0159en\u00ed \u010d. 4<\/a><\/li>\n<li><a href=\"http:\/\/kostelecuholesova.eu\/wp-content\/uploads\/2016\/02\/P\u0159\u00edloha-k-bodu-\u010d.-4.pdf\" target=\"_blank\">p\u0159\u00edloha k bodu \u010d. 4 ZO \u010d. 9 &#8211; n\u00e1vrh usnesen\u00ed o rozpo\u010dtov\u00e9m provizoriu<\/a><\/li>\n<li><a href=\"http:\/\/kostelecuholesova.eu\/wp-content\/uploads\/2016\/02\/P\u0159\u00edloha-k-bodu-\u010d.-5-ZO-\u010d.-9.pdf\" target=\"_blank\">p\u0159\u00edloha k bodu \u010d. 5 ZO \u010d. 9<\/a><\/li>\n<li><a href=\"http:\/\/kostelecuholesova.eu\/wp-content\/uploads\/2016\/02\/P\u0159\u00edloha-k-bodu-\u010d.-6-ZO-\u010d.-9.pdf\">p\u0159\u00edloha k bodu \u010d. 6 ZO \u010d. 9<\/a><\/li>\n<li><a href=\"http:\/\/kostelecuholesova.eu\/wp-content\/uploads\/2016\/02\/P\u0159\u00edloha-k-bodu-\u010d.-7-ZO-\u010d.-9-Sm\u011brnice-n\u00e1vrh-1.pdf\" target=\"_blank\">p\u0159\u00edloha k bodu \u010d. 7 ZO \u010d. 9 &#8211; n\u00e1vrh sm\u011brnice RO<\/a><\/li>\n<li><a href=\"http:\/\/kostelecuholesova.eu\/wp-content\/uploads\/2016\/02\/P\u0159\u00edloha-k-bodu-\u010d.-7-ZO-\u010d.-9-Sm\u011brnice-n\u00e1vrh-2.pdf\" target=\"_blank\">p\u0159\u00edloha k bodu \u010d. 7 ZO \u010d. 9 &#8211; d\u016fvodov\u00e1 zpr\u00e1va a n\u00e1vrh sm\u011brnice zastupitele Ing. Petra \u017d\u016frka<\/a><\/li>\n<li><a href=\"http:\/\/kostelecuholesova.eu\/wp-content\/uploads\/2016\/02\/P\u0159\u00edloha-k-bodu-\u010d.-8-ZO-\u010d.-9.pdf\" target=\"_blank\">p\u0159\u00edloha k bodu \u010d. 8 ZO \u010d. 9<\/a><\/li>\n<li><a href=\"http:\/\/kostelecuholesova.eu\/wp-content\/uploads\/2016\/02\/P\u0159\u00edloha-k-bodu-\u010d.-9-ZO-\u010d.-9.pdf\" target=\"_blank\">p\u0159\u00edloha k bodu \u010d. 9 ZO \u010d. 9<\/a><\/li>\n<li><a href=\"http:\/\/kostelecuholesova.eu\/wp-content\/uploads\/2016\/02\/P\u0159\u00edloha-k-bodu-\u010d.-10-ZO-\u010d.-9.pdf\" target=\"_blank\">p\u0159\u00edloha k bodu \u010d. 10 ZO \u010d. 9<\/a><\/li>\n<li><a href=\"http:\/\/kostelecuholesova.eu\/wp-content\/uploads\/2016\/02\/P\u0159\u00edloha-k-bodu-\u010d.-11-ZO-\u010d.-9.pdf\" target=\"_blank\">p\u0159\u00edloha k bodu \u010d. 11 ZO \u010d. 9 &#8211; d\u016fvodov\u00e9 zpr\u00e1vy zastupitele Ing. Petra \u017d\u016frka (parkov\u00e1n\u00ed na chodn\u00edc\u00edch a zne\u010di\u0161\u0165ov\u00e1n\u00ed ulic \u00fakapy prov. kapalin &amp; dokumenta\u010dn\u00ed fotografie)<\/a><\/li>\n<li><a href=\"http:\/\/kostelecuholesova.eu\/wp-content\/uploads\/2016\/02\/P\u0159\u00edloha-k-bodu-\u010d.-12-ZO-\u010d.9.pdf\" target=\"_blank\">p\u0159\u00edloha k bodu \u010d. 12 ZO \u010d. 9 &#8211; d\u016fvodov\u00e1 zpr\u00e1va zastupitele Ing. Petra \u017d\u016frka<\/a><\/li>\n<li><a href=\"http:\/\/kostelecuholesova.eu\/wp-content\/uploads\/2016\/02\/P\u0159\u00edloha-k-bodu-\u010d.-13-ZO-\u010d.9.pdf\" target=\"_blank\">p\u0159\u00edloha k bodu \u010d. 13 ZO \u010d. 9 &#8211; d\u016fvodov\u00e1 zpr\u00e1va zastupitele Ing. Petra \u017d\u016frka<\/a><\/li>\n<li><a href=\"http:\/\/kostelecuholesova.eu\/wp-content\/uploads\/2016\/02\/P\u0159\u00edloha-k-bodu-\u010d.-14-ZO-\u010d.9.pdf\" target=\"_blank\">p\u0159\u00edloha k bodu \u010d. 14 ZO \u010d. 9 &#8211; d\u016fvodov\u00e1 zpr\u00e1va zastupitele Ing. Petra \u017d\u016frka<\/a><\/li>\n<li><a href=\"http:\/\/kostelecuholesova.eu\/wp-content\/uploads\/2016\/02\/P\u0159\u00edloha-k-bodu-\u010d.-15-ZO-\u010d.9.pdf\">p\u0159\u00edloha k bodu \u010d. 15 ZO \u010d. 9 &#8211; d\u016fvodov\u00e1 zpr\u00e1va zastupitele Ing. Petra \u017d\u016frka<\/a><\/li>\n<li><a href=\"http:\/\/kostelecuholesova.eu\/wp-content\/uploads\/2016\/02\/P\u0159\u00edloha-k-bodu-\u010d.-16-ZO-\u010d.9.pdf\" target=\"_blank\">p\u0159\u00edloha k bodu \u010d. 16 ZO \u010d. 9 &#8211; d\u016fvodov\u00e1 zpr\u00e1va zastupitele Ing. Petra \u017d\u016frka<\/a><\/li>\n<li><a href=\"http:\/\/kostelecuholesova.eu\/wp-content\/uploads\/2016\/02\/zadost-o-prosetreni-cerne-hospody-ZO-9-151208.pdf\" target=\"_blank\">p\u0159\u00edloha k bodu \u010d. 19 ZO \u010d. 9 &#8211; \u017e\u00e1dost o pro\u0161et\u0159en\u00ed \u010dern\u00e9 hospody<\/a><\/li>\n<\/ul>\n<p style=\"text-align: justify;\">ZZO &#8211; zased\u00e1n\u00ed zastupitelstva obce. Dokumenty jsou publikov\u00e1ny tak, jak byly poskytnuty obc\u00ed (p. Hlobil) na z\u00e1klad\u011b m\u00e9 \u017e\u00e1dosti podle z\u00e1kona 106\/1999 Sb. o svobodn\u00e9m p\u0159\u00edstupu k informac\u00edm.<\/p>\n","protected":false},"excerpt":{"rendered":"<p>Plnohodnotn\u00fd z\u00e1pis ze\u00a0ZO 9 konan\u00e9ho dne 8. prosince 2015. P\u0159\u00edlohy k z\u00e1pisu: p\u0159\u00edloha k bodu \u010d. 4 ZO \u010d. 9 &#8211; n\u00e1vrh rozpo\u010dtov\u00e9ho opat\u0159en\u00ed \u010d. 4 p\u0159\u00edloha k bodu \u010d. 4 ZO \u010d. 9 &#8211; n\u00e1vrh usnesen\u00ed o rozpo\u010dtov\u00e9m provizoriu p\u0159\u00edloha k bodu \u010d. 5 ZO \u010d. 9 p\u0159\u00edloha k bodu \u010d. 6 ZO \u010d. &hellip; <a href=\"https:\/\/kostelecuholesova.eu\/?page_id=661\" class=\"more-link\">Pokra\u010dov\u00e1n\u00ed textu <span class=\"screen-reader-text\">ZZO \u010d. 9 &#8211; z\u00e1pis<\/span> <span class=\"meta-nav\">&rarr;<\/span><\/a><\/p>\n","protected":false},"author":1,"featured_media":0,"parent":663,"menu_order":0,"comment_status":"closed","ping_status":"closed","template":"","meta":{"_monsterinsights_skip_tracking":false,"_monsterinsights_sitenote_active":false,"_monsterinsights_sitenote_note":"","_monsterinsights_sitenote_category":0,"footnotes":""},"class_list":["post-661","page","type-page","status-publish","hentry"],"_links":{"self":[{"href":"https:\/\/kostelecuholesova.eu\/index.php?rest_route=\/wp\/v2\/pages\/661","targetHints":{"allow":["GET"]}}],"collection":[{"href":"https:\/\/kostelecuholesova.eu\/index.php?rest_route=\/wp\/v2\/pages"}],"about":[{"href":"https:\/\/kostelecuholesova.eu\/index.php?rest_route=\/wp\/v2\/types\/page"}],"author":[{"embeddable":true,"href":"https:\/\/kostelecuholesova.eu\/index.php?rest_route=\/wp\/v2\/users\/1"}],"replies":[{"embeddable":true,"href":"https:\/\/kostelecuholesova.eu\/index.php?rest_route=%2Fwp%2Fv2%2Fcomments&post=661"}],"version-history":[{"count":1,"href":"https:\/\/kostelecuholesova.eu\/index.php?rest_route=\/wp\/v2\/pages\/661\/revisions"}],"predecessor-version":[{"id":662,"href":"https:\/\/kostelecuholesova.eu\/index.php?rest_route=\/wp\/v2\/pages\/661\/revisions\/662"}],"up":[{"embeddable":true,"href":"https:\/\/kostelecuholesova.eu\/index.php?rest_route=\/wp\/v2\/pages\/663"}],"wp:attachment":[{"href":"https:\/\/kostelecuholesova.eu\/index.php?rest_route=%2Fwp%2Fv2%2Fmedia&parent=661"}],"curies":[{"name":"wp","href":"https:\/\/api.w.org\/{rel}","templated":true}]}}