{"id":6280,"date":"2018-11-14T14:46:38","date_gmt":"2018-11-14T12:46:38","guid":{"rendered":"http:\/\/kostelecuholesova.eu\/?page_id=6280"},"modified":"2018-11-14T14:47:59","modified_gmt":"2018-11-14T12:47:59","slug":"zzo-c-1-zapis-2","status":"publish","type":"page","link":"https:\/\/kostelecuholesova.eu\/?page_id=6280","title":{"rendered":"ZZO \u010d. 1 \u2013 z\u00e1pis"},"content":{"rendered":"<p>Z\u00e1pis bez podpis\u016f a data vyhotoven\u00ed, tak jak byl publikovan\u00fd na uzob.cz \u2013 <a href=\"http:\/\/kostelecuholesova.eu\/wp-content\/uploads\/2018\/11\/zapis-zastupitelstvo-c.-1-5.-11.-2018.pdf\" target=\"_blank\">zapis zastupitelstvo c. 1 &#8211; 5. 11. 2018<\/a><\/p>\n<p>Plnohodnotn\u00fd origin\u00e1ln\u00ed z\u00e1pis ze\u00a0ZZO 1 konan\u00e9ho dne 5. listopadu 2018 \u2013 v procesu \u017e\u00e1dosti<\/p>\n<p><span style=\"text-decoration: underline;\">P\u0159\u00edlohy k z\u00e1pisu:<\/span><\/p>\n<p>&nbsp;<\/p>\n<p>ZZO \u2013 zased\u00e1n\u00ed zastupitelstva obce.<\/p>\n<p>Autentick\u00fd videoz\u00e1znam ze ZZO \u010d. 1 naleznete <a href=\"http:\/\/kostelecuholesova.eu\/?p=6271\" target=\"_blank\">zde<\/a>.<\/p>\n","protected":false},"excerpt":{"rendered":"<p>Z\u00e1pis bez podpis\u016f a data vyhotoven\u00ed, tak jak byl publikovan\u00fd na uzob.cz \u2013 zapis zastupitelstvo c. 1 &#8211; 5. 11. 2018 Plnohodnotn\u00fd origin\u00e1ln\u00ed z\u00e1pis ze\u00a0ZZO 1 konan\u00e9ho dne 5. listopadu 2018 \u2013 v procesu \u017e\u00e1dosti P\u0159\u00edlohy k z\u00e1pisu: &nbsp; ZZO \u2013 zased\u00e1n\u00ed zastupitelstva obce. Autentick\u00fd videoz\u00e1znam ze ZZO \u010d. 1 naleznete zde.<\/p>\n","protected":false},"author":1,"featured_media":0,"parent":663,"menu_order":0,"comment_status":"closed","ping_status":"closed","template":"","meta":{"_monsterinsights_skip_tracking":false,"_monsterinsights_sitenote_active":false,"_monsterinsights_sitenote_note":"","_monsterinsights_sitenote_category":0,"footnotes":""},"class_list":["post-6280","page","type-page","status-publish","hentry"],"_links":{"self":[{"href":"https:\/\/kostelecuholesova.eu\/index.php?rest_route=\/wp\/v2\/pages\/6280","targetHints":{"allow":["GET"]}}],"collection":[{"href":"https:\/\/kostelecuholesova.eu\/index.php?rest_route=\/wp\/v2\/pages"}],"about":[{"href":"https:\/\/kostelecuholesova.eu\/index.php?rest_route=\/wp\/v2\/types\/page"}],"author":[{"embeddable":true,"href":"https:\/\/kostelecuholesova.eu\/index.php?rest_route=\/wp\/v2\/users\/1"}],"replies":[{"embeddable":true,"href":"https:\/\/kostelecuholesova.eu\/index.php?rest_route=%2Fwp%2Fv2%2Fcomments&post=6280"}],"version-history":[{"count":1,"href":"https:\/\/kostelecuholesova.eu\/index.php?rest_route=\/wp\/v2\/pages\/6280\/revisions"}],"predecessor-version":[{"id":6283,"href":"https:\/\/kostelecuholesova.eu\/index.php?rest_route=\/wp\/v2\/pages\/6280\/revisions\/6283"}],"up":[{"embeddable":true,"href":"https:\/\/kostelecuholesova.eu\/index.php?rest_route=\/wp\/v2\/pages\/663"}],"wp:attachment":[{"href":"https:\/\/kostelecuholesova.eu\/index.php?rest_route=%2Fwp%2Fv2%2Fmedia&parent=6280"}],"curies":[{"name":"wp","href":"https:\/\/api.w.org\/{rel}","templated":true}]}}