{"id":5753,"date":"2018-08-13T10:30:16","date_gmt":"2018-08-13T08:30:16","guid":{"rendered":"http:\/\/kostelecuholesova.eu\/?page_id=5753"},"modified":"2018-08-16T12:53:40","modified_gmt":"2018-08-16T10:53:40","slug":"zzo-c-28-zapis","status":"publish","type":"page","link":"https:\/\/kostelecuholesova.eu\/?page_id=5753","title":{"rendered":"ZZO \u010d. 28 \u2013 z\u00e1pis"},"content":{"rendered":"<p><a href=\"http:\/\/kostelecuholesova.eu\/wp-content\/uploads\/2018\/08\/zapis-zastupitelstvo-c.-28-26.-6.-2018-1-e1534152444478.jpg\"><img loading=\"lazy\" decoding=\"async\" class=\"alignnone size-full wp-image-5799\" src=\"http:\/\/kostelecuholesova.eu\/wp-content\/uploads\/2018\/08\/zapis-zastupitelstvo-c.-28-26.-6.-2018-1-e1534152444478.jpg\" alt=\"zapis zastupitelstvo c. 28 - 26. 6. 2018 1\" width=\"1111\" height=\"551\" srcset=\"https:\/\/kostelecuholesova.eu\/wp-content\/uploads\/2018\/08\/zapis-zastupitelstvo-c.-28-26.-6.-2018-1-e1534152444478.jpg 1111w, https:\/\/kostelecuholesova.eu\/wp-content\/uploads\/2018\/08\/zapis-zastupitelstvo-c.-28-26.-6.-2018-1-e1534152444478-300x148.jpg 300w, https:\/\/kostelecuholesova.eu\/wp-content\/uploads\/2018\/08\/zapis-zastupitelstvo-c.-28-26.-6.-2018-1-e1534152444478-1024x507.jpg 1024w\" sizes=\"auto, (max-width: 1111px) 100vw, 1111px\" \/><\/a><\/p>\n<p>Z\u00e1pis bez podpis\u016f a data vyhotoven\u00ed, tak jak byl publikovan\u00fd na uzob.cz \u2013 <a href=\"http:\/\/kostelecuholesova.eu\/wp-content\/uploads\/2018\/08\/zapis-zastupitelstvo-c.-28-26.-6.-2018.pdf\" target=\"_blank\">zapis zastupitelstvo c. 28 &#8211; 26. 6. 2018<\/a><\/p>\n<p>Plnohodnotn\u00fd origin\u00e1ln\u00ed z\u00e1pis ze\u00a0ZZO 28 konan\u00e9ho dne 26. \u010dervna 2018 \u2013 <a href=\"http:\/\/kostelecuholesova.eu\/wp-content\/uploads\/2018\/08\/zapis-zastupitelstvo-c.-28-26.-6.-2018-original-an.pdf\" target=\"_blank\">zapis zastupitelstvo c. 28 &#8211; 26. 6. 2018 original an<\/a><a href=\"http:\/\/kostelecuholesova.eu\/wp-content\/uploads\/2017\/08\/zapis-zastupitelstvo-c.-23-17.-8.-2017-original.pdf\" target=\"_blank\"><br \/>\n<\/a><\/p>\n<p><span style=\"text-decoration: underline;\">P\u0159\u00edlohy k z\u00e1pisu:<\/span><\/p>\n<h6><strong>Bod 2 kontrola usnesen\u00ed<\/strong><\/h6>\n<ul>\n<li><a href=\"http:\/\/kostelecuholesova.eu\/wp-content\/uploads\/2018\/08\/21-Priloha-2-205-2018-\u017d\u016frek-Petr-dotaz-KOSTKA-1-2018.pdf\" target=\"_blank\">Priloha 2 205 2018 \u017d\u016frek Petr \u2013 dotaz KOSTKA 1 2018<\/a><\/li>\n<li><a href=\"http:\/\/kostelecuholesova.eu\/wp-content\/uploads\/2018\/08\/22-Stanovisko-redak\u010dn\u00ed-rady-Kone\u010dn\u00e1-verze.pdf\" target=\"_blank\">Stanovisko redak\u010dn\u00ed rady Kone\u010dn\u00e1 verze<\/a><\/li>\n<li><a href=\"http:\/\/kostelecuholesova.eu\/wp-content\/uploads\/2018\/08\/23-St\u00ed\u017enost-\u010d.-j.-OUKUH-2982018.pdf\" target=\"_blank\">St\u00ed\u017enost \u010d. j. OUKUH-2982018<\/a><\/li>\n<li><a href=\"http:\/\/kostelecuholesova.eu\/wp-content\/uploads\/2018\/08\/24-Rozhodnut\u00ed-K\u00daZK.pdf\" target=\"_blank\">Rozhodnut\u00ed K\u00daZK<\/a><\/li>\n<\/ul>\n<h6><strong>Bod 4 schv\u00e1len\u00ed z\u00e1v\u011bre\u010dn\u00e9ho \u00fa\u010dtu obce za rok 2017<\/strong><\/h6>\n<ul>\n<li><a href=\"http:\/\/kostelecuholesova.eu\/wp-content\/uploads\/2018\/08\/41Zve\u0159ejn\u011bn\u00ed-n\u00e1vrhu-Z\u00e1v\u011bre\u010dn\u00e9ho-\u00fa\u010dtu.pdf\" target=\"_blank\">Zve\u0159ejn\u011bn\u00ed n\u00e1vrhu Z\u00e1v\u011bre\u010dn\u00e9ho \u00fa\u010dtu<\/a><\/li>\n<li><a href=\"http:\/\/kostelecuholesova.eu\/wp-content\/uploads\/2018\/08\/42-Z\u00e1v\u011bre\u010dn\u00fd-\u00fa\u010det-za-rok-2017.pdf\" target=\"_blank\">Z\u00e1v\u011bre\u010dn\u00fd \u00fa\u010det za rok 2017<\/a><\/li>\n<li><a href=\"http:\/\/kostelecuholesova.eu\/wp-content\/uploads\/2018\/08\/43-Zastupitel-\u017d\u016frek-p\u0159\u00edloha-Z\u00e1v\u011bre\u010dn\u00fd-\u00fa\u010det-obce.pdf\" target=\"_blank\">Zastupitel \u017d\u016frek p\u0159\u00edloha Z\u00e1v\u011bre\u010dn\u00fd \u00fa\u010det obce<\/a><\/li>\n<\/ul>\n<h6><strong>Bod 5 schv\u00e1len\u00ed \u00fa\u010detn\u00ed uz\u00e1v\u011brky a hospod\u00e1\u0159sk\u00e9ho v\u00fdsledku obce za rok 2017<\/strong><\/h6>\n<ul>\n<li><a href=\"http:\/\/kostelecuholesova.eu\/wp-content\/uploads\/2018\/08\/5-V\u00fdkaz-zisku-a-ztr\u00e1t.pdf\" target=\"_blank\">V\u00fdkaz zisku a ztr\u00e1t<\/a><\/li>\n<\/ul>\n<h6><strong>Bod 6 schv\u00e1len\u00ed z\u00e1v\u011bre\u010dn\u00e9ho \u00fa\u010dtu svazku obc\u00ed pro hospoda\u0159en\u00ed s odpady za rok 2017<\/strong><\/h6>\n<ul>\n<li><a href=\"http:\/\/kostelecuholesova.eu\/wp-content\/uploads\/2018\/08\/61-Z\u00e1v\u011bre\u010dn\u00fd-\u00fa\u010det-Svazku-obc\u00ed-pro-hospoda\u0159en\u00ed-s-odpady-Byst\u0159ice-pod-Host\u00fdnem-za-rok-2017.pdf\" target=\"_blank\">Z\u00e1v\u011bre\u010dn\u00fd \u00fa\u010det Svazku obc\u00ed pro hospoda\u0159en\u00ed s odpady \u2013 Byst\u0159ice pod Host\u00fdnem za rok 2017<\/a><\/li>\n<li><a href=\"http:\/\/kostelecuholesova.eu\/wp-content\/uploads\/2018\/08\/62-Vyv\u011b\u0161en\u00ed-na-\u00fa\u0159edn\u00ed-desce.pdf\" target=\"_blank\">Vyv\u011b\u0161en\u00ed na \u00fa\u0159edn\u00ed desce<\/a><\/li>\n<\/ul>\n<h6><strong>Bod 7 zm\u011bna zp\u016fsobu obsluhy po\u0161ty<br \/>\n<\/strong><\/h6>\n<ul>\n<li><a href=\"http:\/\/kostelecuholesova.eu\/wp-content\/uploads\/2018\/08\/71-Z\u00e1pis-z-jedn\u00e1n\u00ed.pdf\" target=\"_blank\">Z\u00e1pis z jedn\u00e1n\u00ed<\/a><\/li>\n<li><a href=\"http:\/\/kostelecuholesova.eu\/wp-content\/uploads\/2018\/08\/72-Prezentace-Projektu-Po\u0161ta-Partner_Obec-Kostelec-u-Hole\u0161ova_2017_10_26.pdf\" target=\"_blank\">Prezentace Projektu Po\u0161ta Partner_Obec Kostelec u Hole\u0161ova_2017_10_26<\/a><\/li>\n<\/ul>\n<h6><strong>Bod 8 p\u0159\u00edsp\u011bvek Charita Hole\u0161ov<br \/>\n<\/strong><\/h6>\n<ul>\n<li><a href=\"http:\/\/kostelecuholesova.eu\/wp-content\/uploads\/2018\/08\/81-Po\u017eadavek-Charity-Hole\u0161ov.pdf\" target=\"_blank\">Po\u017eadavek Charity Hole\u0161ov<\/a><\/li>\n<li><a href=\"http:\/\/kostelecuholesova.eu\/wp-content\/uploads\/2018\/08\/82-Smlouva-D-2018-11.pdf\" target=\"_blank\">Smlouva D 2018 11<\/a><\/li>\n<\/ul>\n<h6><strong>Bod 10 vy\u0159azen\u00ed nedokon\u010den\u00fdch investic<br \/>\n<\/strong><\/h6>\n<ul>\n<li><a href=\"http:\/\/kostelecuholesova.eu\/wp-content\/uploads\/2018\/08\/10-N\u00e1vrh-na-vy\u0159azen\u00ed-nedokon\u010den\u00fdch-investic-z-majetku-obce.pdf\" target=\"_blank\">N\u00e1vrh na vy\u0159azen\u00ed nedokon\u010den\u00fdch investic z majetku obce<\/a><\/li>\n<\/ul>\n<p><strong>Bod 11 kabelov\u00e1 p\u0159\u00edpojka NN<br \/>\n<\/strong><\/p>\n<ul>\n<li><a href=\"http:\/\/kostelecuholesova.eu\/wp-content\/uploads\/2018\/08\/111-Smlouva-o-smlouv\u011b-budouc\u00ed.pdf\" target=\"_blank\">Smlouva o smlouv\u011b budouc\u00ed<\/a><\/li>\n<li><a href=\"http:\/\/kostelecuholesova.eu\/wp-content\/uploads\/2018\/08\/112-C1-situace.pdf\" target=\"_blank\">C1 situace<\/a><\/li>\n<li><a href=\"http:\/\/kostelecuholesova.eu\/wp-content\/uploads\/2018\/08\/113-C2-z\u00e1kres-do-KM.pdf\" target=\"_blank\">C2 z\u00e1kres do KM<\/a><\/li>\n<li><a href=\"http:\/\/kostelecuholesova.eu\/wp-content\/uploads\/2018\/08\/114-p\u0159ehledka.pdf\" target=\"_blank\">p\u0159ehledka<\/a><\/li>\n<li><a href=\"http:\/\/kostelecuholesova.eu\/wp-content\/uploads\/2018\/08\/115-soutisk.pdf\" target=\"_blank\">soutisk<\/a><\/li>\n<li><a href=\"http:\/\/kostelecuholesova.eu\/wp-content\/uploads\/2018\/08\/116-Tech_zp.pdf\" target=\"_blank\">Tech_zp<\/a><\/li>\n<\/ul>\n<h6><strong>Bod 12 rozpo\u010dtov\u00e9 opat\u0159en\u00ed 1\/2018<br \/>\n<\/strong><\/h6>\n<ul>\n<li><a href=\"http:\/\/kostelecuholesova.eu\/wp-content\/uploads\/2018\/08\/12-N\u00e1vrh-rozpo\u010dtov\u00e9ho-opat\u0159en\u00ed-\u010d.-1.pdf\" target=\"_blank\">N\u00e1vrh rozpo\u010dtov\u00e9ho opat\u0159en\u00ed \u010d. 1<\/a><\/li>\n<\/ul>\n<h6><strong>Bod 13 st\u0159edn\u011bdob\u00fd v\u00fdhled rozpo\u010dtu 2019-2023<br \/>\n<\/strong><\/h6>\n<ul>\n<li><a href=\"http:\/\/kostelecuholesova.eu\/wp-content\/uploads\/2018\/08\/13-\u00daprava-\u010d.-1-St\u0159edn\u011bdob\u00e9ho-v\u00fdhledu-na-roky-2019-2023.pdf\" target=\"_blank\">\u00daprava \u010d. 1 St\u0159edn\u011bdob\u00e9ho v\u00fdhledu na roky 2019-2023<\/a><\/li>\n<\/ul>\n<h6><strong>Bod 14 pl\u00e1n rozvoje sportu 2018-2022<\/strong><\/h6>\n<ul>\n<li><a href=\"http:\/\/kostelecuholesova.eu\/wp-content\/uploads\/2018\/08\/141-Pl\u00e1n-rozvoje-sportu-Kostelec-u-Hole\u0161ova_ver2.pdf\" target=\"_blank\">Pl\u00e1n rozvoje sportu Kostelec u Hole\u0161ova_ver2<\/a><\/li>\n<li><a href=\"http:\/\/kostelecuholesova.eu\/wp-content\/uploads\/2018\/08\/142-Zastupitel-Furch-p\u0159\u00edloha-Pl\u00e1n-rozvoje-sportu.pdf\" target=\"_blank\">Zastupitel Furch p\u0159\u00edloha Pl\u00e1n rozvoje sportu<\/a><\/li>\n<\/ul>\n<h6><strong>Bod 15 zpr\u00e1va z \u0161et\u0159en\u00ed kontroln\u00edho v\u00fdboru<br \/>\n<\/strong><\/h6>\n<ul>\n<li><a href=\"http:\/\/kostelecuholesova.eu\/wp-content\/uploads\/2018\/08\/151_Zadost_Kontrolniho_vyboru_28Z-15-1.pdf\" target=\"_blank\">Zadost_Kontrolniho_vyboru_28Z-15-1<\/a><\/li>\n<li><a href=\"http:\/\/kostelecuholesova.eu\/wp-content\/uploads\/2018\/08\/152_Zapis_Kontrolniho_vyboru_28Z-15-2.pdf\" target=\"_blank\">Zapis_Kontrolniho_vyboru_28Z-15-2<\/a><\/li>\n<li><a href=\"http:\/\/kostelecuholesova.eu\/wp-content\/uploads\/2018\/08\/153_X1_ZP_KuH_28Z-15-3.pdf\" target=\"_blank\">X1_ZP_KuH_28Z-15-3<\/a><\/li>\n<li><a href=\"http:\/\/kostelecuholesova.eu\/wp-content\/uploads\/2018\/08\/154-Kontroln\u00ed-v\u00fdbor-stanovisko-RO.pdf\" target=\"_blank\">Kontroln\u00ed v\u00fdbor stanovisko RO<\/a><\/li>\n<\/ul>\n<p>ZZO \u2013 zased\u00e1n\u00ed zastupitelstva obce.<\/p>\n<p>Autentick\u00fd videoz\u00e1znam ze ZZO \u010d. 28 naleznete <a href=\"http:\/\/kostelecuholesova.eu\/?p=5485\" target=\"_blank\">zde<\/a>.<\/p>\n","protected":false},"excerpt":{"rendered":"<p>Z\u00e1pis bez podpis\u016f a data vyhotoven\u00ed, tak jak byl publikovan\u00fd na uzob.cz \u2013 zapis zastupitelstvo c. 28 &#8211; 26. 6. 2018 Plnohodnotn\u00fd origin\u00e1ln\u00ed z\u00e1pis ze\u00a0ZZO 28 konan\u00e9ho dne 26. \u010dervna 2018 \u2013 zapis zastupitelstvo c. 28 &#8211; 26. 6. 2018 original an P\u0159\u00edlohy k z\u00e1pisu: Bod 2 kontrola usnesen\u00ed Priloha 2 205 2018 \u017d\u016frek Petr &hellip; <a href=\"https:\/\/kostelecuholesova.eu\/?page_id=5753\" class=\"more-link\">Pokra\u010dov\u00e1n\u00ed textu <span class=\"screen-reader-text\">ZZO \u010d. 28 \u2013 z\u00e1pis<\/span> <span class=\"meta-nav\">&rarr;<\/span><\/a><\/p>\n","protected":false},"author":1,"featured_media":0,"parent":663,"menu_order":0,"comment_status":"closed","ping_status":"closed","template":"","meta":{"_monsterinsights_skip_tracking":false,"_monsterinsights_sitenote_active":false,"_monsterinsights_sitenote_note":"","_monsterinsights_sitenote_category":0,"footnotes":""},"class_list":["post-5753","page","type-page","status-publish","hentry"],"_links":{"self":[{"href":"https:\/\/kostelecuholesova.eu\/index.php?rest_route=\/wp\/v2\/pages\/5753","targetHints":{"allow":["GET"]}}],"collection":[{"href":"https:\/\/kostelecuholesova.eu\/index.php?rest_route=\/wp\/v2\/pages"}],"about":[{"href":"https:\/\/kostelecuholesova.eu\/index.php?rest_route=\/wp\/v2\/types\/page"}],"author":[{"embeddable":true,"href":"https:\/\/kostelecuholesova.eu\/index.php?rest_route=\/wp\/v2\/users\/1"}],"replies":[{"embeddable":true,"href":"https:\/\/kostelecuholesova.eu\/index.php?rest_route=%2Fwp%2Fv2%2Fcomments&post=5753"}],"version-history":[{"count":10,"href":"https:\/\/kostelecuholesova.eu\/index.php?rest_route=\/wp\/v2\/pages\/5753\/revisions"}],"predecessor-version":[{"id":5827,"href":"https:\/\/kostelecuholesova.eu\/index.php?rest_route=\/wp\/v2\/pages\/5753\/revisions\/5827"}],"up":[{"embeddable":true,"href":"https:\/\/kostelecuholesova.eu\/index.php?rest_route=\/wp\/v2\/pages\/663"}],"wp:attachment":[{"href":"https:\/\/kostelecuholesova.eu\/index.php?rest_route=%2Fwp%2Fv2%2Fmedia&parent=5753"}],"curies":[{"name":"wp","href":"https:\/\/api.w.org\/{rel}","templated":true}]}}