{"id":5297,"date":"2018-05-16T08:40:54","date_gmt":"2018-05-16T06:40:54","guid":{"rendered":"http:\/\/kostelecuholesova.eu\/?page_id=5297"},"modified":"2018-05-21T11:38:20","modified_gmt":"2018-05-21T09:38:20","slug":"14-5-2018-clenove-redakcni-rady-a-jejich-pravomoce","status":"publish","type":"page","link":"https:\/\/kostelecuholesova.eu\/?page_id=5297","title":{"rendered":"14.5.2018 &#8211; \u010dlenov\u00e9 redak\u010dn\u00ed rady a jejich pravomoce"},"content":{"rendered":"<p><span style=\"color: #0000ff;\"><strong>14.5.2018, z\u00e1kon 106\/1999 Sb., obec Kostelec u Hole\u0161ova<br \/>\n<\/strong><\/span><\/p>\n<p><strong>obsah: <span style=\"text-decoration: underline; color: #ff0000;\">kdo je a byl \u010dlenem redak\u010dn\u00ed rady, jak\u00e9 maj\u00ed \u010dlenov\u00e9 pravomoce<\/span><\/strong><br \/>\n<strong>\u017e\u00e1dost: <\/strong><a href=\"http:\/\/kostelecuholesova.eu\/wp-content\/uploads\/2018\/05\/zadost-o-poskytnuti-dokumentu-180514.pdf\" target=\"_blank\">zadost o poskytnuti dokumentu 180514<\/a><br \/>\n<strong>odpov\u011b\u010f 21.5.2018: <\/strong><a href=\"http:\/\/kostelecuholesova.eu\/wp-content\/uploads\/2018\/05\/1-KOSTKA-redak\u010dn\u00ed-rada-pr\u016fvodn\u00ed-dopis.pdf\" target=\"_blank\">1 KOSTKA &#8211; redak\u010dn\u00ed rada &#8211; pr\u016fvodn\u00ed dopis<\/a><br \/>\n<strong><strong>poskytnut\u00e9 informace: <\/strong><\/strong><\/p>\n<ul>\n<li><a href=\"http:\/\/kostelecuholesova.eu\/wp-content\/uploads\/2018\/05\/2-Pravidla-pro-vyd\u00e1v\u00e1n\u00ed-periodika-KOSTKA-posledn\u00ed-verze.pdf\" target=\"_blank\">2 Pravidla pro vyd\u00e1v\u00e1n\u00ed periodika KOSTKA posledn\u00ed verze<\/a><\/li>\n<li><a href=\"http:\/\/kostelecuholesova.eu\/wp-content\/uploads\/2018\/05\/3-V\u00fd\u0148atek-z\u00e1pisu-ZO.pdf\" target=\"_blank\">3 V\u00fd\u0148atek z\u00e1pisu ZO<\/a><\/li>\n<\/ul>\n<p><strong>zve\u0159ejn\u011bn\u00ed obc\u00ed dle \u00a75 odst. 3 InfZ: <\/strong>ne<strong><br \/>\n<\/strong><\/p>\n","protected":false},"excerpt":{"rendered":"<p>14.5.2018, z\u00e1kon 106\/1999 Sb., obec Kostelec u Hole\u0161ova obsah: kdo je a byl \u010dlenem redak\u010dn\u00ed rady, jak\u00e9 maj\u00ed \u010dlenov\u00e9 pravomoce \u017e\u00e1dost: zadost o poskytnuti dokumentu 180514 odpov\u011b\u010f 21.5.2018: 1 KOSTKA &#8211; redak\u010dn\u00ed rada &#8211; pr\u016fvodn\u00ed dopis poskytnut\u00e9 informace: 2 Pravidla pro vyd\u00e1v\u00e1n\u00ed periodika KOSTKA posledn\u00ed verze 3 V\u00fd\u0148atek z\u00e1pisu ZO zve\u0159ejn\u011bn\u00ed obc\u00ed dle \u00a75 odst. &hellip; <a href=\"https:\/\/kostelecuholesova.eu\/?page_id=5297\" class=\"more-link\">Pokra\u010dov\u00e1n\u00ed textu <span class=\"screen-reader-text\">14.5.2018 &#8211; \u010dlenov\u00e9 redak\u010dn\u00ed rady a jejich pravomoce<\/span> <span class=\"meta-nav\">&rarr;<\/span><\/a><\/p>\n","protected":false},"author":1,"featured_media":0,"parent":4962,"menu_order":0,"comment_status":"closed","ping_status":"closed","template":"","meta":{"_monsterinsights_skip_tracking":false,"_monsterinsights_sitenote_active":false,"_monsterinsights_sitenote_note":"","_monsterinsights_sitenote_category":0,"footnotes":""},"class_list":["post-5297","page","type-page","status-publish","hentry"],"_links":{"self":[{"href":"https:\/\/kostelecuholesova.eu\/index.php?rest_route=\/wp\/v2\/pages\/5297","targetHints":{"allow":["GET"]}}],"collection":[{"href":"https:\/\/kostelecuholesova.eu\/index.php?rest_route=\/wp\/v2\/pages"}],"about":[{"href":"https:\/\/kostelecuholesova.eu\/index.php?rest_route=\/wp\/v2\/types\/page"}],"author":[{"embeddable":true,"href":"https:\/\/kostelecuholesova.eu\/index.php?rest_route=\/wp\/v2\/users\/1"}],"replies":[{"embeddable":true,"href":"https:\/\/kostelecuholesova.eu\/index.php?rest_route=%2Fwp%2Fv2%2Fcomments&post=5297"}],"version-history":[{"count":5,"href":"https:\/\/kostelecuholesova.eu\/index.php?rest_route=\/wp\/v2\/pages\/5297\/revisions"}],"predecessor-version":[{"id":5357,"href":"https:\/\/kostelecuholesova.eu\/index.php?rest_route=\/wp\/v2\/pages\/5297\/revisions\/5357"}],"up":[{"embeddable":true,"href":"https:\/\/kostelecuholesova.eu\/index.php?rest_route=\/wp\/v2\/pages\/4962"}],"wp:attachment":[{"href":"https:\/\/kostelecuholesova.eu\/index.php?rest_route=%2Fwp%2Fv2%2Fmedia&parent=5297"}],"curies":[{"name":"wp","href":"https:\/\/api.w.org\/{rel}","templated":true}]}}