{"id":4789,"date":"2018-01-20T15:06:08","date_gmt":"2018-01-20T13:06:08","guid":{"rendered":"http:\/\/kostelecuholesova.eu\/?page_id=4789"},"modified":"2018-01-20T15:12:53","modified_gmt":"2018-01-20T13:12:53","slug":"ro-c-12018-zapis","status":"publish","type":"page","link":"https:\/\/kostelecuholesova.eu\/?page_id=4789","title":{"rendered":"RO \u010d. 1\/2018 \u2013 z\u00e1pis"},"content":{"rendered":"<p><strong>z\u00e1pis:<\/strong><\/p>\n<ul>\n<li>podepsan\u00fd origin\u00e1ln\u00ed z\u00e1pis \u2013 <a href=\"http:\/\/kostelecuholesova.eu\/wp-content\/uploads\/2018\/01\/1-RO-18-zapis-rada-c.-1_2018-8.-1.-2018-original-an.pdf\" target=\"_blank\">1 RO 18 zapis rada c. 1_2018 &#8211; 8. 1. 2018 original an<\/a><\/li>\n<li>z\u00e1pis z aplikace uzob \u2013 nepodepsan\u00fd a bez data vyhotoven\u00ed &#8211; <a href=\"http:\/\/kostelecuholesova.eu\/wp-content\/uploads\/2018\/01\/1-RO-18-zapis-rada-c.-1_2018-8.-1.-2018.pdf\" target=\"_blank\">1 RO 18 zapis rada c. 1_2018 &#8211; 8. 1. 2018<\/a><\/li>\n<\/ul>\n<p><strong>p\u0159\u00edlohy<\/strong><\/p>\n<ul>\n<li><a href=\"http:\/\/kostelecuholesova.eu\/wp-content\/uploads\/2018\/01\/1-RO-18-bod-3-Zamer_prodeje_1-2018R-3-1.pdf\" target=\"_blank\">bod 3 Zamer_prodeje_1-2018R-3-1<\/a><\/li>\n<li><a href=\"http:\/\/kostelecuholesova.eu\/wp-content\/uploads\/2018\/01\/1-RO-18-bod-3-Cenova_nabidka_1-2018R-3-2.pdf\" target=\"_blank\">bod 3 Cenova_nabidka_1-2018R-3-2<\/a><\/li>\n<li><a href=\"http:\/\/kostelecuholesova.eu\/wp-content\/uploads\/2018\/01\/1-RO-18-bod-4-Podnet_starosty_SDH_Karlovice_1-2018R-4-1.pdf\" target=\"_blank\">bod 4 Podnet_starosty_SDH_Karlovice_1-2018R-4-1<\/a><\/li>\n<li><a href=\"http:\/\/kostelecuholesova.eu\/wp-content\/uploads\/2018\/01\/1-RO-18-bod-4-Dovybaveni_JSDHO_I_1-2018R-4-2.pdf\" target=\"_blank\">bod 4 Dovybaveni_JSDHO_I_1-2018R-4-2<\/a><\/li>\n<li><a href=\"http:\/\/kostelecuholesova.eu\/wp-content\/uploads\/2018\/01\/1-RO-18-bod-4-Dovybaveni_JSDHO_II.pdf\" target=\"_blank\">bod 4 Dovybaveni_JSDHO_II<\/a><\/li>\n<li><a href=\"http:\/\/kostelecuholesova.eu\/wp-content\/uploads\/2018\/01\/1-RO-18-bod-4-Dovybaveni_JSDHO_II_1-2018R-4-3.xlsx\" target=\"_blank\">bod 4 Dovybaveni_JSDHO_II_1-2018R-4-3<\/a><\/li>\n<li>bod 5 &#8211; z d\u016fvod\u016f ochrany osobn\u00edch \u00fadaj\u016f dokument nepublikujeme<\/li>\n<li><a href=\"http:\/\/kostelecuholesova.eu\/wp-content\/uploads\/2018\/01\/1-RO-18-bod-7-Objednavka_zpracovani_a_administrace_projektu_1-2018R-7-1.pdf\" target=\"_blank\">bod 7 Objednavka_zpracovani_a_administrace_projektu_1-2018R-7-1<\/a><\/li>\n<li><a href=\"http:\/\/kostelecuholesova.eu\/wp-content\/uploads\/2018\/01\/1-RO-18-bod-8-Dopis_Ing._Petra_Zurka_c.p._73_1-2018R-8-1.pdf\" target=\"_blank\">bod 8 Dopis_Ing._Petra_Zurka_c.p._73_1-2018R-8-1<\/a><\/li>\n<li><a href=\"http:\/\/kostelecuholesova.eu\/wp-content\/uploads\/2018\/01\/1-RO-18-bod-8-Odpoved_na_dopis_Ing._Petra_Zurka_1-2018R-8-1.pdf\" target=\"_blank\">bod 8 Odpoved_na_dopis_Ing._Petra_Zurka_1-2018R-8-1<\/a><\/li>\n<li><a href=\"http:\/\/kostelecuholesova.eu\/wp-content\/uploads\/2018\/01\/1-RO-18-bod-9-Zpravy_ze_sluzebnich_cest_1-2018R-9-1.pdf\" target=\"_blank\">bod 9 Zpravy_ze_sluzebnich_cest_1-2018R-9-1<\/a><\/li>\n<li><a href=\"http:\/\/kostelecuholesova.eu\/wp-content\/uploads\/2018\/01\/1-RO-18-bod-11-Zadost_o_sponzorsky_dar_do_tomboly_1-2018R-11-1.pdf\" target=\"_blank\">bod 11 Zadost_o_sponzorsky_dar_do_tomboly_1-2018R-11-1<\/a><\/li>\n<\/ul>\n<p>&nbsp;<\/p>\n","protected":false},"excerpt":{"rendered":"<p>z\u00e1pis: podepsan\u00fd origin\u00e1ln\u00ed z\u00e1pis \u2013 1 RO 18 zapis rada c. 1_2018 &#8211; 8. 1. 2018 original an z\u00e1pis z aplikace uzob \u2013 nepodepsan\u00fd a bez data vyhotoven\u00ed &#8211; 1 RO 18 zapis rada c. 1_2018 &#8211; 8. 1. 2018 p\u0159\u00edlohy bod 3 Zamer_prodeje_1-2018R-3-1 bod 3 Cenova_nabidka_1-2018R-3-2 bod 4 Podnet_starosty_SDH_Karlovice_1-2018R-4-1 bod 4 Dovybaveni_JSDHO_I_1-2018R-4-2 bod 4 &hellip; <a href=\"https:\/\/kostelecuholesova.eu\/?page_id=4789\" class=\"more-link\">Pokra\u010dov\u00e1n\u00ed textu <span class=\"screen-reader-text\">RO \u010d. 1\/2018 \u2013 z\u00e1pis<\/span> <span class=\"meta-nav\">&rarr;<\/span><\/a><\/p>\n","protected":false},"author":1,"featured_media":0,"parent":1138,"menu_order":0,"comment_status":"closed","ping_status":"closed","template":"","meta":{"_monsterinsights_skip_tracking":false,"_monsterinsights_sitenote_active":false,"_monsterinsights_sitenote_note":"","_monsterinsights_sitenote_category":0,"footnotes":""},"class_list":["post-4789","page","type-page","status-publish","hentry"],"_links":{"self":[{"href":"https:\/\/kostelecuholesova.eu\/index.php?rest_route=\/wp\/v2\/pages\/4789","targetHints":{"allow":["GET"]}}],"collection":[{"href":"https:\/\/kostelecuholesova.eu\/index.php?rest_route=\/wp\/v2\/pages"}],"about":[{"href":"https:\/\/kostelecuholesova.eu\/index.php?rest_route=\/wp\/v2\/types\/page"}],"author":[{"embeddable":true,"href":"https:\/\/kostelecuholesova.eu\/index.php?rest_route=\/wp\/v2\/users\/1"}],"replies":[{"embeddable":true,"href":"https:\/\/kostelecuholesova.eu\/index.php?rest_route=%2Fwp%2Fv2%2Fcomments&post=4789"}],"version-history":[{"count":5,"href":"https:\/\/kostelecuholesova.eu\/index.php?rest_route=\/wp\/v2\/pages\/4789\/revisions"}],"predecessor-version":[{"id":4808,"href":"https:\/\/kostelecuholesova.eu\/index.php?rest_route=\/wp\/v2\/pages\/4789\/revisions\/4808"}],"up":[{"embeddable":true,"href":"https:\/\/kostelecuholesova.eu\/index.php?rest_route=\/wp\/v2\/pages\/1138"}],"wp:attachment":[{"href":"https:\/\/kostelecuholesova.eu\/index.php?rest_route=%2Fwp%2Fv2%2Fmedia&parent=4789"}],"curies":[{"name":"wp","href":"https:\/\/api.w.org\/{rel}","templated":true}]}}