{"id":4741,"date":"2017-12-29T18:47:56","date_gmt":"2017-12-29T16:47:56","guid":{"rendered":"http:\/\/kostelecuholesova.eu\/?page_id=4741"},"modified":"2018-01-21T19:35:19","modified_gmt":"2018-01-21T17:35:19","slug":"zzo-c-25-zapis","status":"publish","type":"page","link":"https:\/\/kostelecuholesova.eu\/?page_id=4741","title":{"rendered":"ZZO \u010d. 25 \u2013 z\u00e1pis"},"content":{"rendered":"<p><a href=\"http:\/\/kostelecuholesova.eu\/wp-content\/uploads\/2017\/12\/zapis-zastupitelstvo-c.-25-12.-12.-2017_Page_1-e1514566311542.jpg\"><img loading=\"lazy\" decoding=\"async\" class=\"alignnone size-large wp-image-4761\" src=\"http:\/\/kostelecuholesova.eu\/wp-content\/uploads\/2017\/12\/zapis-zastupitelstvo-c.-25-12.-12.-2017_Page_1-e1514566311542-1024x505.jpg\" alt=\"zapis zastupitelstvo c. 25 - 12. 12. 2017_Page_1\" width=\"474\" height=\"233\" srcset=\"https:\/\/kostelecuholesova.eu\/wp-content\/uploads\/2017\/12\/zapis-zastupitelstvo-c.-25-12.-12.-2017_Page_1-e1514566311542-1024x505.jpg 1024w, https:\/\/kostelecuholesova.eu\/wp-content\/uploads\/2017\/12\/zapis-zastupitelstvo-c.-25-12.-12.-2017_Page_1-e1514566311542-300x148.jpg 300w, https:\/\/kostelecuholesova.eu\/wp-content\/uploads\/2017\/12\/zapis-zastupitelstvo-c.-25-12.-12.-2017_Page_1-e1514566311542.jpg 1106w\" sizes=\"auto, (max-width: 474px) 100vw, 474px\" \/><\/a><\/p>\n<p>Z\u00e1pis bez podpis\u016f a data vyhotoven\u00ed, tak jak byl publikovan\u00fd na uzob.cz \u2013 <a href=\"http:\/\/kostelecuholesova.eu\/wp-content\/uploads\/2017\/12\/zapis-zastupitelstvo-c.-25-12.-12.-2017.pdf\" target=\"_blank\">zapis zastupitelstvo c. 25 &#8211; 12. 12. 2017<\/a><\/p>\n<p>Plnohodnotn\u00fd origin\u00e1ln\u00ed z\u00e1pis ze\u00a0ZZO 25 konan\u00e9ho dne 12. prosince 2017 \u2013 <a href=\"http:\/\/kostelecuholesova.eu\/wp-content\/uploads\/2017\/12\/zapis-zastupitelstvo-c.-25-12.-12.-2017-original.pdf\" target=\"_blank\">zapis zastupitelstvo c. 25 &#8211; 12. 12. 2017 original<\/a><a href=\"http:\/\/kostelecuholesova.eu\/wp-content\/uploads\/2017\/08\/zapis-zastupitelstvo-c.-23-17.-8.-2017-original.pdf\" target=\"_blank\"><br \/>\n<\/a><\/p>\n<p><span style=\"text-decoration: underline;\">P\u0159\u00edlohy k z\u00e1pisu:<\/span><\/p>\n<p><strong>Bod 4 rozpo\u010dtov\u00e9 opat\u0159en\u00ed \u010d. 3\/2017<\/strong><\/p>\n<ul>\n<li><a href=\"http:\/\/kostelecuholesova.eu\/wp-content\/uploads\/2017\/12\/Navrh_rozpoctoveho_opatreni_c._3_2017_25Z-4-1.pdf\" target=\"_blank\">Navrh_rozpoctoveho_opatreni_c._3_2017_25Z-4-1<\/a><\/li>\n<\/ul>\n<p><strong>Bod 6 zm\u011bna \u00fazemn\u00edho pl\u00e1nu<\/strong><\/p>\n<ul>\n<li><a href=\"http:\/\/kostelecuholesova.eu\/wp-content\/uploads\/2017\/12\/1_Navrh_na_porizeni_zmeny_uzemniho_planu_25Z-6-1.pdf\" target=\"_blank\">1_Navrh_na_porizeni_zmeny_uzemniho_planu_25Z-6-1<\/a><\/li>\n<li><a href=\"http:\/\/kostelecuholesova.eu\/wp-content\/uploads\/2017\/12\/2_E-mailova_korespondence_25Z-6-2.pdf\" target=\"_blank\">2_E-mailova_korespondence_25Z-6-2<\/a><\/li>\n<li><a href=\"http:\/\/kostelecuholesova.eu\/wp-content\/uploads\/2017\/12\/3_Stanovisko_porizovatele_k_navrhu_na_porizeni_zmeny_25Z-6-3.pdf\" target=\"_blank\">3_Stanovisko_porizovatele_k_navrhu_na_porizeni_zmeny_25Z-6-3<\/a><\/li>\n<\/ul>\n<p><strong>Bod 8 dotace na z\u0159\u00edzen\u00ed babyboxu ve Zl\u00edn\u011b<\/strong><\/p>\n<ul>\n<li><a href=\"http:\/\/kostelecuholesova.eu\/wp-content\/uploads\/2017\/12\/Zadost_o_poskytnuti_dotace_25Z-7-1.pdf\" target=\"_blank\">Zadost_o_poskytnuti_dotace_25Z-7-1<\/a><\/li>\n<li><a href=\"http:\/\/kostelecuholesova.eu\/wp-content\/uploads\/2017\/12\/Verejnopravni_smlouva_25Z-7-2.pdf\" target=\"_blank\">Verejnopravni_smlouva_25Z-7-2<\/a><\/li>\n<\/ul>\n<p><strong>Bod 9 odm\u011bny neuvoln\u011bn\u00fdm zastupitel\u016fm<\/strong><\/p>\n<ul>\n<li><a href=\"http:\/\/kostelecuholesova.eu\/wp-content\/uploads\/2017\/12\/1_Vyse_odmen_clenu_zastupitelstev_25Z-9-1.pdf\" target=\"_blank\">1_Vyse_odmen_clenu_zastupitelstev_25Z-9-1<\/a><\/li>\n<li><a href=\"http:\/\/kostelecuholesova.eu\/wp-content\/uploads\/2017\/12\/2_Vyse_odmen_clenu_zastupitelstev_dle_4142016_25Z-9-2.pdf\" target=\"_blank\">2_Vyse_odmen_clenu_zastupitelstev_dle_4142016_25Z-9-2<\/a><\/li>\n<\/ul>\n<p><strong>Bod 10 p\u0159\u00edsp\u011bvek DS Choryn\u011b<\/strong><\/p>\n<ul>\n<li><a href=\"http:\/\/kostelecuholesova.eu\/wp-content\/uploads\/2017\/12\/Zadost_o_podporu_Domov_pro_seniory_Choryne_25Z-10-1.pdf\" target=\"_blank\">Zadost_o_podporu_Domov_pro_seniory_Choryne_25Z-10-1<\/a><\/li>\n<\/ul>\n<p><strong>Bod 11 dodatek k pravidl\u016fm KOSTKA<\/strong><\/p>\n<ul>\n<li><a href=\"http:\/\/kostelecuholesova.eu\/wp-content\/uploads\/2017\/12\/Dodatek_k_Pravidlum_Kostka_-_finalni_navrh_25Z-11-1.docx\" target=\"_blank\">Dodatek_k_Pravidlum_Kostka_-_finalni_navrh_25Z-11-1<\/a><\/li>\n<li>koment\u00e1\u0159 zastupitele \u017d\u016frka k n\u00e1vrhu dodatku Pravidel Kostka (a\u010dkoliv byl dokument v p\u0159edstihu zasl\u00e1n zastupitel\u016fm, nen\u00ed p\u0159ilo\u017een k ofici\u00e1ln\u00edmu z\u00e1pisu)\u00a0<a href=\"http:\/\/kostelecuholesova.eu\/wp-content\/uploads\/2017\/12\/Dodatek_k_Pravidlum_Kostka_-_finalni_navrh_25Z-11-1-komentar-PZ.pdf\" target=\"_blank\">Dodatek_k_Pravidlum_Kostka_-_finalni_navrh_25Z-11-1 komentar PZ<\/a><\/li>\n<\/ul>\n<p><strong>Bod 13 diskuze<br \/>\n<\/strong><\/p>\n<ul>\n<li>odpov\u011bdi na ot\u00e1zky zastupitele \u017d\u016frka ze ZZO \u010d. 24 <a href=\"http:\/\/kostelecuholesova.eu\/wp-content\/uploads\/2017\/12\/1_Odpovedi_na_otazky_zastupitele_Zurka_25Z-13-1.pdf\" target=\"_blank\">1_Odpovedi_na_otazky_zastupitele_Zurka_25Z-13-1<\/a><\/li>\n<li>\u017e\u00e1dost fy Dobr\u00e1 zak\u00e1zka s.r.o. o omluvu zaslan\u00e1 na v\u011bdom\u00ed ZO <a href=\"http:\/\/kostelecuholesova.eu\/wp-content\/uploads\/2017\/12\/2_Zadost_o_verejnou_omluvu_25Z-13-2.pdf\" target=\"_blank\">2_Zadost_o_verejnou_omluvu_25Z-13-2<\/a><\/li>\n<li>odpov\u011b\u010f zastupitele \u017d\u016frka firm\u011b Dobr\u00e1 zak\u00e1zka s.r.o. na jejich \u017e\u00e1dost <a href=\"http:\/\/kostelecuholesova.eu\/wp-content\/uploads\/2017\/12\/Priloha_od_zastupitele_Zurka_25Z-13-3.pdf\" target=\"_blank\">Priloha_od_zastupitele_Zurka_25Z-13-3<\/a><\/li>\n<\/ul>\n<p>vy\u017e\u00e1dan\u00e9 p\u0159\u00edlohy z\u00e1pisu ZZO \u010d. 25 &#8211; <a href=\"http:\/\/kostelecuholesova.eu\/wp-content\/uploads\/2017\/12\/P\u0159\u00edlohy-z\u00e1pisu-ZO-\u010d.-25-vyzadane-BO.pdf\" target=\"_blank\">P\u0159\u00edlohy z\u00e1pisu ZO \u010d. 25 vyzadane BO<\/a><\/p>\n<p>ZZO \u2013 zased\u00e1n\u00ed zastupitelstva obce.<\/p>\n<p>Autentick\u00fd videoz\u00e1znam ze ZZO \u010d. 25 naleznete <a href=\"http:\/\/kostelecuholesova.eu\/?p=4719\" target=\"_blank\">zde<\/a>.<\/p>\n","protected":false},"excerpt":{"rendered":"<p>Z\u00e1pis bez podpis\u016f a data vyhotoven\u00ed, tak jak byl publikovan\u00fd na uzob.cz \u2013 zapis zastupitelstvo c. 25 &#8211; 12. 12. 2017 Plnohodnotn\u00fd origin\u00e1ln\u00ed z\u00e1pis ze\u00a0ZZO 25 konan\u00e9ho dne 12. prosince 2017 \u2013 zapis zastupitelstvo c. 25 &#8211; 12. 12. 2017 original P\u0159\u00edlohy k z\u00e1pisu: Bod 4 rozpo\u010dtov\u00e9 opat\u0159en\u00ed \u010d. 3\/2017 Navrh_rozpoctoveho_opatreni_c._3_2017_25Z-4-1 Bod 6 zm\u011bna \u00fazemn\u00edho &hellip; <a href=\"https:\/\/kostelecuholesova.eu\/?page_id=4741\" class=\"more-link\">Pokra\u010dov\u00e1n\u00ed textu <span class=\"screen-reader-text\">ZZO \u010d. 25 \u2013 z\u00e1pis<\/span> <span class=\"meta-nav\">&rarr;<\/span><\/a><\/p>\n","protected":false},"author":1,"featured_media":0,"parent":663,"menu_order":0,"comment_status":"closed","ping_status":"closed","template":"","meta":{"_monsterinsights_skip_tracking":false,"_monsterinsights_sitenote_active":false,"_monsterinsights_sitenote_note":"","_monsterinsights_sitenote_category":0,"footnotes":""},"class_list":["post-4741","page","type-page","status-publish","hentry"],"_links":{"self":[{"href":"https:\/\/kostelecuholesova.eu\/index.php?rest_route=\/wp\/v2\/pages\/4741","targetHints":{"allow":["GET"]}}],"collection":[{"href":"https:\/\/kostelecuholesova.eu\/index.php?rest_route=\/wp\/v2\/pages"}],"about":[{"href":"https:\/\/kostelecuholesova.eu\/index.php?rest_route=\/wp\/v2\/types\/page"}],"author":[{"embeddable":true,"href":"https:\/\/kostelecuholesova.eu\/index.php?rest_route=\/wp\/v2\/users\/1"}],"replies":[{"embeddable":true,"href":"https:\/\/kostelecuholesova.eu\/index.php?rest_route=%2Fwp%2Fv2%2Fcomments&post=4741"}],"version-history":[{"count":7,"href":"https:\/\/kostelecuholesova.eu\/index.php?rest_route=\/wp\/v2\/pages\/4741\/revisions"}],"predecessor-version":[{"id":4813,"href":"https:\/\/kostelecuholesova.eu\/index.php?rest_route=\/wp\/v2\/pages\/4741\/revisions\/4813"}],"up":[{"embeddable":true,"href":"https:\/\/kostelecuholesova.eu\/index.php?rest_route=\/wp\/v2\/pages\/663"}],"wp:attachment":[{"href":"https:\/\/kostelecuholesova.eu\/index.php?rest_route=%2Fwp%2Fv2%2Fmedia&parent=4741"}],"curies":[{"name":"wp","href":"https:\/\/api.w.org\/{rel}","templated":true}]}}