{"id":3754,"date":"2017-08-26T13:07:31","date_gmt":"2017-08-26T11:07:31","guid":{"rendered":"http:\/\/kostelecuholesova.eu\/?page_id=3754"},"modified":"2018-01-31T18:01:15","modified_gmt":"2018-01-31T16:01:15","slug":"ro-c-152017-zapis","status":"publish","type":"page","link":"https:\/\/kostelecuholesova.eu\/?page_id=3754","title":{"rendered":"RO \u010d. 15\/2017 \u2013 z\u00e1pis"},"content":{"rendered":"<p><strong>z\u00e1pis:<\/strong><\/p>\n<ul>\n<li>podepsan\u00fd origin\u00e1ln\u00ed z\u00e1pis \u2013 <a href=\"http:\/\/kostelecuholesova.eu\/wp-content\/uploads\/2017\/10\/15-RO-17-zapis-rada-c.-15_2017-31.-7.-2017-original.pdf\" target=\"_blank\">15 RO 17 zapis rada c. 15_2017 &#8211; 31. 7. 2017 original<\/a><\/li>\n<li>z\u00e1pis z aplikace uzob \u2013 nepodepsan\u00fd a bez data vyhotoven\u00ed \u2013 <a href=\"http:\/\/kostelecuholesova.eu\/wp-content\/uploads\/2017\/08\/15-RO-17-zapis-rada-c.-15_2017-31.-7.-2017.pdf\" target=\"_blank\">15 RO 17 zapis rada c. 15_2017 &#8211; 31. 7. 2017<\/a><\/li>\n<\/ul>\n<p><strong>p\u0159\u00edlohy<\/strong><\/p>\n<ul>\n<li>bod 3 Prihlaska_DS_15-2017R-3-1; dokument z d\u016fvod\u016f ochrany osobn\u00edch \u00fadaj\u016f nepublikujeme<\/li>\n<li>bod 4 Zadost_o_prodlouzeni_najemni_smlouvy_15-2017R-4-1; dokument z d\u016fvod\u016f ochrany osobn\u00edch \u00fadaj\u016f nepublikujeme<\/li>\n<li><a href=\"http:\/\/kostelecuholesova.eu\/wp-content\/uploads\/2017\/08\/15-RO-17-bod-5-Odpoved_na_zadost_o_uverejneni_odpovedi_15-2017R-5-2.pdf\" target=\"_blank\">bod 5 Odpoved_na_zadost_o_uverejneni_odpovedi_15-2017R-5-2<\/a><\/li>\n<li><a href=\"http:\/\/kostelecuholesova.eu\/wp-content\/uploads\/2017\/08\/15-RO-17-bod-5-Zadost_o_uverejneni_odpovedi_15-2017R-5-1.pdf\" target=\"_blank\">bod 5 Zadost_o_uverejneni_odpovedi_15-2017R-5-1<\/a><\/li>\n<li><a href=\"http:\/\/kostelecuholesova.eu\/wp-content\/uploads\/2017\/08\/15-RO-17-bod-6-Priloha_ke_zrizovaci_listine_ZS_15-2017R-6-1.docx\" target=\"_blank\">bod 6 Priloha_ke_zrizovaci_listine_ZS_15-2017R-6-1<\/a><\/li>\n<\/ul>\n","protected":false},"excerpt":{"rendered":"<p>z\u00e1pis: podepsan\u00fd origin\u00e1ln\u00ed z\u00e1pis \u2013 15 RO 17 zapis rada c. 15_2017 &#8211; 31. 7. 2017 original z\u00e1pis z aplikace uzob \u2013 nepodepsan\u00fd a bez data vyhotoven\u00ed \u2013 15 RO 17 zapis rada c. 15_2017 &#8211; 31. 7. 2017 p\u0159\u00edlohy bod 3 Prihlaska_DS_15-2017R-3-1; dokument z d\u016fvod\u016f ochrany osobn\u00edch \u00fadaj\u016f nepublikujeme bod 4 Zadost_o_prodlouzeni_najemni_smlouvy_15-2017R-4-1; dokument z &hellip; <a href=\"https:\/\/kostelecuholesova.eu\/?page_id=3754\" class=\"more-link\">Pokra\u010dov\u00e1n\u00ed textu <span class=\"screen-reader-text\">RO \u010d. 15\/2017 \u2013 z\u00e1pis<\/span> <span class=\"meta-nav\">&rarr;<\/span><\/a><\/p>\n","protected":false},"author":1,"featured_media":0,"parent":1138,"menu_order":0,"comment_status":"closed","ping_status":"closed","template":"","meta":{"_monsterinsights_skip_tracking":false,"_monsterinsights_sitenote_active":false,"_monsterinsights_sitenote_note":"","_monsterinsights_sitenote_category":0,"footnotes":""},"class_list":["post-3754","page","type-page","status-publish","hentry"],"_links":{"self":[{"href":"https:\/\/kostelecuholesova.eu\/index.php?rest_route=\/wp\/v2\/pages\/3754","targetHints":{"allow":["GET"]}}],"collection":[{"href":"https:\/\/kostelecuholesova.eu\/index.php?rest_route=\/wp\/v2\/pages"}],"about":[{"href":"https:\/\/kostelecuholesova.eu\/index.php?rest_route=\/wp\/v2\/types\/page"}],"author":[{"embeddable":true,"href":"https:\/\/kostelecuholesova.eu\/index.php?rest_route=\/wp\/v2\/users\/1"}],"replies":[{"embeddable":true,"href":"https:\/\/kostelecuholesova.eu\/index.php?rest_route=%2Fwp%2Fv2%2Fcomments&post=3754"}],"version-history":[{"count":3,"href":"https:\/\/kostelecuholesova.eu\/index.php?rest_route=\/wp\/v2\/pages\/3754\/revisions"}],"predecessor-version":[{"id":4866,"href":"https:\/\/kostelecuholesova.eu\/index.php?rest_route=\/wp\/v2\/pages\/3754\/revisions\/4866"}],"up":[{"embeddable":true,"href":"https:\/\/kostelecuholesova.eu\/index.php?rest_route=\/wp\/v2\/pages\/1138"}],"wp:attachment":[{"href":"https:\/\/kostelecuholesova.eu\/index.php?rest_route=%2Fwp%2Fv2%2Fmedia&parent=3754"}],"curies":[{"name":"wp","href":"https:\/\/api.w.org\/{rel}","templated":true}]}}