{"id":3706,"date":"2017-08-24T11:57:59","date_gmt":"2017-08-24T09:57:59","guid":{"rendered":"http:\/\/kostelecuholesova.eu\/?page_id=3706"},"modified":"2017-08-28T12:21:52","modified_gmt":"2017-08-28T10:21:52","slug":"zzo-c-23-zapis","status":"publish","type":"page","link":"https:\/\/kostelecuholesova.eu\/?page_id=3706","title":{"rendered":"ZZO \u010d. 23 \u2013 z\u00e1pis"},"content":{"rendered":"<p><a href=\"http:\/\/kostelecuholesova.eu\/wp-content\/uploads\/2017\/08\/zapis-zastupitelstvo-c.-23-17.-8.-2017_Page_1-e1503566212572.jpg\"><img loading=\"lazy\" decoding=\"async\" class=\"alignnone size-large wp-image-3707\" src=\"http:\/\/kostelecuholesova.eu\/wp-content\/uploads\/2017\/08\/zapis-zastupitelstvo-c.-23-17.-8.-2017_Page_1-e1503566212572-1024x586.jpg\" alt=\"zapis zastupitelstvo c. 23 - 17. 8. 2017_Page_1\" width=\"474\" height=\"271\" srcset=\"https:\/\/kostelecuholesova.eu\/wp-content\/uploads\/2017\/08\/zapis-zastupitelstvo-c.-23-17.-8.-2017_Page_1-e1503566212572-1024x586.jpg 1024w, https:\/\/kostelecuholesova.eu\/wp-content\/uploads\/2017\/08\/zapis-zastupitelstvo-c.-23-17.-8.-2017_Page_1-e1503566212572-300x171.jpg 300w, https:\/\/kostelecuholesova.eu\/wp-content\/uploads\/2017\/08\/zapis-zastupitelstvo-c.-23-17.-8.-2017_Page_1-e1503566212572.jpg 1124w\" sizes=\"auto, (max-width: 474px) 100vw, 474px\" \/><\/a><\/p>\n<p>Z\u00e1pis bez podpis\u016f a data vyhotoven\u00ed, tak jak byl publikovan\u00fd na uzob.cz \u2013 <a href=\"http:\/\/kostelecuholesova.eu\/wp-content\/uploads\/2017\/08\/zapis-zastupitelstvo-c.-23-17.-8.-2017.pdf\" target=\"_blank\">zapis zastupitelstvo c. 23 &#8211; 17. 8. 2017<\/a><\/p>\n<p>Plnohodnotn\u00fd origin\u00e1ln\u00ed z\u00e1pis ze\u00a0ZZO 23 konan\u00e9ho dne 17. srpna 2017 \u2013 <a href=\"http:\/\/kostelecuholesova.eu\/wp-content\/uploads\/2017\/08\/zapis-zastupitelstvo-c.-23-17.-8.-2017-original.pdf\" target=\"_blank\">zapis zastupitelstvo c. 23 &#8211; 17. 8. 2017 original<\/a>.<\/p>\n<p><span style=\"text-decoration: underline;\">P\u0159\u00edlohy k z\u00e1pisu:<\/span><\/p>\n<p><strong>Bod 4 schv\u00e1len\u00ed vylou\u010den\u00ed uchaze\u010de a zru\u0161en\u00ed ve\u0159ejn\u00e9 zak\u00e1zky v re\u017eimu z\u00e1kona 134\/2016 Sb. &#8222;Modernizace ve\u0159ejn\u00e9ho osv\u011btlen\u00ed v obci Kostelec u Hole\u0161ova&#8220;<br \/>\n<\/strong><\/p>\n<ul>\n<li>ot\u00e1zky zastupitele \u017d\u016frka s po\u017eadavkem p\u00edsemn\u00e9 odpov\u011bdi:<a href=\"http:\/\/kostelecuholesova.eu\/wp-content\/uploads\/2017\/08\/Zastupitel_Zurek_priloha_bod_4_23Z-4-2.pdf\" target=\"_blank\"> Zastupitel_Zurek_priloha_bod_4_23Z-4-2<\/a><\/li>\n<li>zpr\u00e1va hodnot\u00edc\u00ed komise VZ:<a href=\"http:\/\/kostelecuholesova.eu\/wp-content\/uploads\/2017\/08\/Zprava_o_hodnoceni_nabidek_23Z-4-1.pdf\" target=\"_blank\"> Zprava_o_hodnoceni_nabidek_23Z-4-1<\/a><\/li>\n<li>v\u00fdzva \u00daOHS k zasl\u00e1n\u00ed dokument\u016f VZ v\u010detn\u011b zaslan\u00e9ho podn\u011bnu na p\u0159e\u0161et\u0159en\u00ed:<a href=\"http:\/\/kostelecuholesova.eu\/wp-content\/uploads\/2017\/08\/UOHS_Vyzva_23Z-4-1.pdf\" target=\"_blank\"> UOHS_Vyzva_23Z-4-1<\/a><\/li>\n<li>vyj\u00e1d\u0159en\u00ed zadavatele (obce) odeslan\u00e9 na \u00daOHS:<a href=\"http:\/\/kostelecuholesova.eu\/wp-content\/uploads\/2017\/08\/UOHS_Vyjadreni_k_podnetu_23Z-4-2.docx\" target=\"_blank\"> UOHS_Vyjadreni_k_podnetu_23Z-4-2<\/a><\/li>\n<\/ul>\n<p><strong>Bod 5 schv\u00e1len\u00ed zad\u00e1vac\u00ed dokumentace ve\u0159ejn\u00e9 zak\u00e1zky a zah\u00e1jen\u00ed zad\u00e1vac\u00edho \u0159\u00edzen\u00ed mimo re\u017eim z\u00e1kona 134\/2016 Sb. dle sm\u011brnice pro zad\u00e1v\u00e1n\u00ed ve\u0159ejn\u00fdch zak\u00e1zek &#8222;Modernizace a roz\u0161\u00ed\u0159en\u00ed ve\u0159ejn\u00e9ho osv\u011btlen\u00ed v obci Kostelec u Hole\u0161ova &#8211; RVO1&#8220;<\/strong><\/p>\n<p>p\u00edsemn\u00e9 p\u0159ipom\u00ednky zastupitele \u017d\u016frka ve kter\u00fdch varuje ostatn\u00ed p\u0159ed obch\u00e1zen\u00edm z\u00e1kona a pro\u010d se zdr\u017e\u00ed hlasov\u00e1n\u00ed <a href=\"http:\/\/kostelecuholesova.eu\/wp-content\/uploads\/2017\/08\/Zastupitel_Zurek_priloha_bod_5_23Z-5-1.pdf\" target=\"_blank\">Zastupitel_Zurek_priloha_bod_5_23Z-5-1<\/a><\/p>\n<ul>\n<li>zad\u00e1vac\u00ed dokumentace v editovateln\u00e9m form\u00e1tu doc\u00a0<a href=\"http:\/\/kostelecuholesova.eu\/wp-content\/uploads\/2017\/08\/0_ZD_23Z-5-1.doc\" target=\"_blank\">0_ZD_23Z-5-1<\/a><\/li>\n<li>zad\u00e1vac\u00ed dokumentace v pdf podepsan\u00e9m 9.8.2017 <a href=\"http:\/\/kostelecuholesova.eu\/wp-content\/uploads\/2017\/08\/0_ZD_23Z-5-2.pdf\" target=\"_blank\">0_ZD_23Z-5-2<\/a><\/li>\n<li>p\u0159\u00edloha \u010d. 1 Smlouva o d\u00edlo <a href=\"http:\/\/kostelecuholesova.eu\/wp-content\/uploads\/2017\/08\/1_SoD-OP_23Z-5-3.docx\" target=\"_blank\">1_SoD-OP_23Z-5-3<\/a><\/li>\n<li>p\u0159\u00edloha \u010d. 2 Kryc\u00ed list nab\u00eddky <a href=\"http:\/\/kostelecuholesova.eu\/wp-content\/uploads\/2017\/08\/2_Kryci_list_23Z-5-4.doc\" target=\"_blank\">2_Kryci_list_23Z-5-4<\/a><\/li>\n<li>p\u0159\u00edloha \u010d. 3 technick\u00e1 dokumentace <a href=\"http:\/\/kostelecuholesova.eu\/wp-content\/uploads\/2017\/08\/3_PDF_technicka_dokumentace_VO_23Z-5-5.zip\" target=\"_blank\">3_PDF_technicka_dokumentace_VO_23Z-5-5<\/a><\/li>\n<li>p\u0159\u00edloha \u010d. 3 po\u017eadavky na sv\u00edtidlo <a href=\"http:\/\/kostelecuholesova.eu\/wp-content\/uploads\/2017\/08\/3_Pozadavky_na_svitidlo_VO_I_23Z-5-6.doc\" target=\"_blank\">3_Pozadavky_na_svitidlo_VO_I_23Z-5-6<\/a><\/li>\n<li>p\u0159\u00edloha \u010d. 4 <a href=\"http:\/\/kostelecuholesova.eu\/wp-content\/uploads\/2017\/08\/4_Seznam_osob_23Z-5-7.doc\" target=\"_blank\">4_Seznam_osob_23Z-5-7<\/a><\/li>\n<li>v\u00fdkaz v\u00fdm\u011br <a href=\"http:\/\/kostelecuholesova.eu\/wp-content\/uploads\/2017\/08\/216003-Kostelec_RVO1_specifikace_23Z-5-10.xlsx\" target=\"_blank\">216003-Kostelec_RVO1_specifikace_23Z-5-10<\/a><\/li>\n<li>jmenov\u00e1n\u00ed komise<a href=\"http:\/\/kostelecuholesova.eu\/wp-content\/uploads\/2017\/08\/Jmenovani_komise__23Z-5-8.docx\" target=\"_blank\"> Jmenovani_komise__23Z-5-8<\/a><\/li>\n<li>seznam osloven\u00fdch firem<a href=\"http:\/\/kostelecuholesova.eu\/wp-content\/uploads\/2017\/08\/Seznam_oslovenych_firem_23Z-5-9.docx\" target=\"_blank\"> Seznam_oslovenych_firem_23Z-5-9<\/a><\/li>\n<\/ul>\n<p><strong>Bod 7 kabel NN zahrady Karlovice<br \/>\n<\/strong><\/p>\n<ul>\n<li><a href=\"http:\/\/kostelecuholesova.eu\/wp-content\/uploads\/2017\/08\/1_Zadost_o_podpis_situace_23Z-8-1.pdf\" target=\"_blank\">1_Zadost_o_podpis_situace_23Z-8-1<\/a><\/li>\n<li><a href=\"http:\/\/kostelecuholesova.eu\/wp-content\/uploads\/2017\/08\/2_Situace_kabel_NN_Karlovice_23Z-8-2.pdf\" target=\"_blank\">2_Situace_kabel_NN_Karlovice_23Z-8-2<\/a><\/li>\n<li><a href=\"http:\/\/kostelecuholesova.eu\/wp-content\/uploads\/2017\/08\/3_Vyjadreni_obce_k_zameru_stavby_23Z-8-3.pdf\" target=\"_blank\">3_Vyjadreni_obce_k_zameru_stavby_23Z-8-3<\/a><\/li>\n<li><a href=\"http:\/\/kostelecuholesova.eu\/wp-content\/uploads\/2017\/08\/4_Smlouva_o_smlouve_budouci_23Z-8-4.pdf\" target=\"_blank\">4_Smlouva_o_smlouve_budouci_23Z-8-4<\/a><\/li>\n<\/ul>\n<p><strong>Bod 8 kabel NN pozemek p.\u010d. 611\/2<br \/>\n<\/strong><\/p>\n<ul>\n<li><a href=\"http:\/\/kostelecuholesova.eu\/wp-content\/uploads\/2017\/08\/C.04_23Z-8-2.pdf\" target=\"_blank\">C.04_23Z-8-2<\/a><\/li>\n<li><a href=\"http:\/\/kostelecuholesova.eu\/wp-content\/uploads\/2017\/08\/1030038248-001_23Z-8-1.doc\" target=\"_blank\">1030038248-001_23Z-8-1<\/a><\/li>\n<\/ul>\n<p><strong>Bod 9 dodatek z\u0159izovac\u00ed smlouvy Z\u0160<br \/>\n<\/strong><\/p>\n<ul>\n<li><a href=\"http:\/\/kostelecuholesova.eu\/wp-content\/uploads\/2017\/08\/Nemovity_majetek_obce_s_kterym_hospodari_ZS_23Z-9-1.pdf\" target=\"_blank\">Nemovity_majetek_obce_s_kterym_hospodari_ZS_23Z-9-1<\/a><\/li>\n<li><a href=\"http:\/\/kostelecuholesova.eu\/wp-content\/uploads\/2017\/08\/Priloha_ke_zrizovaci_listine_ZS_23Z-9-2.docx\" target=\"_blank\">Priloha_ke_zrizovaci_listine_ZS_23Z-9-2<\/a><\/li>\n<li><a href=\"http:\/\/kostelecuholesova.eu\/wp-content\/uploads\/2017\/08\/Dodatek_c._2_ke_zrizovaci_listine_ZS_23Z-9-3.docx\" target=\"_blank\">Dodatek_c._2_ke_zrizovaci_listine_ZS_23Z-9-3<\/a><\/li>\n<\/ul>\n<p>ZZO \u2013 zased\u00e1n\u00ed zastupitelstva obce. Dokumenty jsou publikov\u00e1ny tak, jak byly poskytnuty obc\u00ed na z\u00e1klad\u011b m\u00e9 \u017e\u00e1dosti podle z\u00e1kona 106\/1999 Sb. o svobodn\u00e9m p\u0159\u00edstupu k informac\u00edm spolu se zaslan\u00fdm pokynem obce ohledn\u011b u\u017eit\u00ed p\u0159\u00edstupov\u00e9ho hesla do aplikace www.uzob.cz:<\/p>\n<ul>\n<li>volba obce: Kostelec u Hole\u0161ova<\/li>\n<li>u\u017eivatelsk\u00e9 jm\u00e9no: petr.zurek@bigoriginal.cz<\/li>\n<li>u\u017eivatelsk\u00e9 heslo: uzob<\/li>\n<\/ul>\n<p>Autentick\u00fd videoz\u00e1znam ze ZZO \u010d. 23 naleznete <a href=\"http:\/\/kostelecuholesova.eu\/?p=3699\" target=\"_blank\">zde<\/a>.<\/p>\n","protected":false},"excerpt":{"rendered":"<p>Z\u00e1pis bez podpis\u016f a data vyhotoven\u00ed, tak jak byl publikovan\u00fd na uzob.cz \u2013 zapis zastupitelstvo c. 23 &#8211; 17. 8. 2017 Plnohodnotn\u00fd origin\u00e1ln\u00ed z\u00e1pis ze\u00a0ZZO 23 konan\u00e9ho dne 17. srpna 2017 \u2013 zapis zastupitelstvo c. 23 &#8211; 17. 8. 2017 original. P\u0159\u00edlohy k z\u00e1pisu: Bod 4 schv\u00e1len\u00ed vylou\u010den\u00ed uchaze\u010de a zru\u0161en\u00ed ve\u0159ejn\u00e9 zak\u00e1zky v re\u017eimu &hellip; <a href=\"https:\/\/kostelecuholesova.eu\/?page_id=3706\" class=\"more-link\">Pokra\u010dov\u00e1n\u00ed textu <span class=\"screen-reader-text\">ZZO \u010d. 23 \u2013 z\u00e1pis<\/span> <span class=\"meta-nav\">&rarr;<\/span><\/a><\/p>\n","protected":false},"author":1,"featured_media":0,"parent":663,"menu_order":0,"comment_status":"open","ping_status":"open","template":"","meta":{"_monsterinsights_skip_tracking":false,"_monsterinsights_sitenote_active":false,"_monsterinsights_sitenote_note":"","_monsterinsights_sitenote_category":0,"footnotes":""},"class_list":["post-3706","page","type-page","status-publish","hentry"],"_links":{"self":[{"href":"https:\/\/kostelecuholesova.eu\/index.php?rest_route=\/wp\/v2\/pages\/3706","targetHints":{"allow":["GET"]}}],"collection":[{"href":"https:\/\/kostelecuholesova.eu\/index.php?rest_route=\/wp\/v2\/pages"}],"about":[{"href":"https:\/\/kostelecuholesova.eu\/index.php?rest_route=\/wp\/v2\/types\/page"}],"author":[{"embeddable":true,"href":"https:\/\/kostelecuholesova.eu\/index.php?rest_route=\/wp\/v2\/users\/1"}],"replies":[{"embeddable":true,"href":"https:\/\/kostelecuholesova.eu\/index.php?rest_route=%2Fwp%2Fv2%2Fcomments&post=3706"}],"version-history":[{"count":8,"href":"https:\/\/kostelecuholesova.eu\/index.php?rest_route=\/wp\/v2\/pages\/3706\/revisions"}],"predecessor-version":[{"id":3783,"href":"https:\/\/kostelecuholesova.eu\/index.php?rest_route=\/wp\/v2\/pages\/3706\/revisions\/3783"}],"up":[{"embeddable":true,"href":"https:\/\/kostelecuholesova.eu\/index.php?rest_route=\/wp\/v2\/pages\/663"}],"wp:attachment":[{"href":"https:\/\/kostelecuholesova.eu\/index.php?rest_route=%2Fwp%2Fv2%2Fmedia&parent=3706"}],"curies":[{"name":"wp","href":"https:\/\/api.w.org\/{rel}","templated":true}]}}