{"id":3080,"date":"2017-03-22T12:50:31","date_gmt":"2017-03-22T10:50:31","guid":{"rendered":"http:\/\/kostelecuholesova.eu\/?page_id=3080"},"modified":"2017-03-28T10:00:05","modified_gmt":"2017-03-28T08:00:05","slug":"zzo-c-19-zapis","status":"publish","type":"page","link":"https:\/\/kostelecuholesova.eu\/?page_id=3080","title":{"rendered":"ZZO \u010d. 19 \u2013 z\u00e1pis"},"content":{"rendered":"<p><a href=\"http:\/\/kostelecuholesova.eu\/wp-content\/uploads\/2017\/03\/zapis-zastupitelstvo-c.-19-14.-3.-2017-170319_Page_1-e1490179371454.jpg\"><img loading=\"lazy\" decoding=\"async\" class=\"alignnone wp-image-3083 size-large\" src=\"http:\/\/kostelecuholesova.eu\/wp-content\/uploads\/2017\/03\/zapis-zastupitelstvo-c.-19-14.-3.-2017-170319_Page_1-e1490179416642-1024x499.jpg\" alt=\"zapis zastupitelstvo c. 19 - 14. 3. 2017 170319_Page_1\" width=\"474\" height=\"230\" srcset=\"https:\/\/kostelecuholesova.eu\/wp-content\/uploads\/2017\/03\/zapis-zastupitelstvo-c.-19-14.-3.-2017-170319_Page_1-e1490179416642-1024x499.jpg 1024w, https:\/\/kostelecuholesova.eu\/wp-content\/uploads\/2017\/03\/zapis-zastupitelstvo-c.-19-14.-3.-2017-170319_Page_1-e1490179416642-300x146.jpg 300w, https:\/\/kostelecuholesova.eu\/wp-content\/uploads\/2017\/03\/zapis-zastupitelstvo-c.-19-14.-3.-2017-170319_Page_1-e1490179416642.jpg 1106w\" sizes=\"auto, (max-width: 474px) 100vw, 474px\" \/><\/a><\/p>\n<p>Z\u00e1pis bez podpis\u016f a data vyhotoven\u00ed, tak jak byl publikovan\u00fd na uzob.cz dne 19.3.2017 \u2013 <a href=\"http:\/\/kostelecuholesova.eu\/wp-content\/uploads\/2017\/03\/zapis-zastupitelstvo-c.-19-14.-3.-2017-170319.pdf\" target=\"_blank\">zapis zastupitelstvo c. 19 &#8211; 14. 3. 2017 170319<\/a><\/p>\n<p>Nov\u00e1 verze z\u00e1pisu bez podpis\u016f a data vyhotoven\u00ed, tak jak byl publikovan\u00fd na uzob.cz dne 20.3.2017 \u2013 <a href=\"http:\/\/kostelecuholesova.eu\/wp-content\/uploads\/2017\/03\/zapis-zastupitelstvo-c.-19-14.-3.-2017-170320.pdf\" target=\"_blank\">zapis zastupitelstvo c. 19 &#8211; 14. 3. 2017 170320 <\/a>(p\u0159id\u00e1ny 3 p\u0159\u00edlohy v bod\u011b 2 z\u00e1pisu).<\/p>\n<p>Plnohodnotn\u00fd origin\u00e1ln\u00ed z\u00e1pis ze\u00a0ZZO 19 konan\u00e9ho dne 14. b\u0159ezna 2017 \u2013 <a href=\"http:\/\/kostelecuholesova.eu\/wp-content\/uploads\/2017\/03\/zapis-zastupitelstvo-c.-19-14.-3.-2017-original.pdf\" target=\"_blank\">zapis zastupitelstvo c. 19 &#8211; 14. 3. 2017 original<\/a><\/p>\n<p><span style=\"text-decoration: underline;\">P\u0159\u00edlohy k z\u00e1pisu:<\/span><\/p>\n<p><strong>bod 2 \u2013 projedn\u00e1n\u00ed a schv\u00e1len\u00ed v\u00fdzvy ve\u0159ejn\u00e9 zak\u00e1zky &#8222;Obnova krajinn\u00e9 zelen\u011b v k.\u00fa. Kostelec u Hole\u0161ova&#8220;, Lipiny<br \/>\n<\/strong><\/p>\n<p>dokumenty uveden\u00e9 v p\u0159\u00edloze z\u00e1pisu, kter\u00e9 ale <span style=\"text-decoration: underline; color: #ff0000;\"><strong>nebyly<\/strong> <\/span>p\u0159edm\u011btem projedn\u00e1v\u00e1n\u00ed a ani se o nich nehlasovalo:<\/p>\n<ul>\n<li><a href=\"http:\/\/kostelecuholesova.eu\/wp-content\/uploads\/2017\/03\/V_KuH_Zelen_2017_19Z-2-1.docx\">_V_KuH_Zelen_2017_19Z-2-1<\/a><\/li>\n<li><a href=\"http:\/\/kostelecuholesova.eu\/wp-content\/uploads\/2017\/03\/ZD_KuH_2017_PRILOHY_19Z-2-4.docx\">_ZD_KuH_2017_PRILOHY_19Z-2-4<\/a><\/li>\n<li><a href=\"http:\/\/kostelecuholesova.eu\/wp-content\/uploads\/2017\/03\/ZD_KuH_2017_SMLOUVA_19Z-2-3.docx\">_ZD_KuH_2017_SMLOUVA_19Z-2-3<\/a><\/li>\n<li><a href=\"http:\/\/kostelecuholesova.eu\/wp-content\/uploads\/2017\/03\/ZD_KuH_Zelen_2017_19Z-2-2.docx\">_ZD_KuH_Zelen_2017_19Z-2-2<\/a><\/li>\n<\/ul>\n<p>dokumenty uveden\u00e9 v p\u0159\u00edloze z\u00e1pisu, kter\u00e9 <span style=\"text-decoration: underline; color: #0000ff;\"><strong>byly<\/strong> <\/span>p\u0159edm\u011btem projedn\u00e1v\u00e1n\u00ed a hlasov\u00e1n\u00ed:<\/p>\n<ul>\n<li><strong>Projektov\u00e1 dokumentace<\/strong><a href=\"http:\/\/kostelecuholesova.eu\/wp-content\/uploads\/2017\/03\/OBNOVA_KRAJINNE_ZELENE_V_K.U._KOSTELEC_U_HOLESOVA_19Z-2-7.zip\"> OBNOVA_KRAJINNE_ZELENE_V_K.U._KOSTELEC_U_HOLESOVA_19Z-2-7<\/a><\/li>\n<li><a href=\"http:\/\/kostelecuholesova.eu\/wp-content\/uploads\/2017\/03\/01A_Jmenovani_OTEVIRANI_19Z-2-5.docx\">01A_Jmenovani_OTEVIRANI_19Z-2-5<\/a><\/li>\n<li><a href=\"http:\/\/kostelecuholesova.eu\/wp-content\/uploads\/2017\/03\/01B_Jmenovani_HODNOCENI_19Z-2-6.docx\">01B_Jmenovani_HODNOCENI_19Z-2-6<\/a><\/li>\n<li>p\u0159ipom\u00ednky 1 zastupitele Ing. Petra \u017d\u016frka k p\u0159edkl\u00e1dan\u00fdm dokument\u016fm<a href=\"http:\/\/kostelecuholesova.eu\/wp-content\/uploads\/2017\/03\/bod_2_ZD_Lipiny_pripominky_do_zapisu_19Z-2-8.pdf\" target=\"_blank\"> bod_2_ZD_Lipiny_pripominky_do_zapisu_19Z-2-8<\/a><\/li>\n<li>p\u0159ipom\u00ednky 2 zastupitele Ing. Petra \u017d\u016frka k p\u0159edkl\u00e1dan\u00fdm dokument\u016fm<a href=\"http:\/\/kostelecuholesova.eu\/wp-content\/uploads\/2017\/03\/bod_2_ZD_Lipiny_pripominky_do_zapisu_c2_170314_19Z-2-9.pdf\" target=\"_blank\"> bod_2_ZD_Lipiny_pripominky_do_zapisu_c2_170314_19Z-2-9<\/a><\/li>\n<li><strong>V\u00fdzva<\/strong><a href=\"http:\/\/kostelecuholesova.eu\/wp-content\/uploads\/2017\/03\/1__V_KuH_Zelen_2017_PV_19Z-2-10.docx\"> 1__V_KuH_Zelen_2017_PV_19Z-2-10<\/a><\/li>\n<li><strong>Zad\u00e1vac\u00ed dokumentace<\/strong><a href=\"http:\/\/kostelecuholesova.eu\/wp-content\/uploads\/2017\/03\/2__ZD_KuH_Zelen_2017_PV_19Z-2-11.docx\"> 2__ZD_KuH_Zelen_2017_PV_19Z-2-11<\/a><\/li>\n<li><strong>Smlouva o d\u00edlo<\/strong><a href=\"http:\/\/kostelecuholesova.eu\/wp-content\/uploads\/2017\/03\/3_-ZD-KuH-2017-SMLOUVA_PV_19Z-2-12.docx\"> 3_-ZD-KuH-2017-SMLOUVA_PV_19Z-2-12<\/a><\/li>\n<\/ul>\n<p><strong>bod 3 \u2013 projedn\u00e1n\u00ed a schv\u00e1len\u00ed projektu na d\u011btsk\u00e1 h\u0159i\u0161t\u011b<\/strong><\/p>\n<ul>\n<li><a href=\"http:\/\/kostelecuholesova.eu\/wp-content\/uploads\/2017\/03\/Projekt_odeslany_na_MMR_19Z-3-1.pdf\" target=\"_blank\">Projekt_odeslany_na_MMR_19Z-3-1<\/a><\/li>\n<\/ul>\n<p>ZZO \u2013 zased\u00e1n\u00ed zastupitelstva obce. Dokumenty jsou publikov\u00e1ny tak, jak byly poskytnuty obc\u00ed na z\u00e1klad\u011b m\u00e9 \u017e\u00e1dosti podle z\u00e1kona 106\/1999 Sb. o svobodn\u00e9m p\u0159\u00edstupu k informac\u00edm spolu se zaslan\u00fdm pokynem obce ohledn\u011b u\u017eit\u00ed p\u0159\u00edstupov\u00e9ho hesla do aplikace www.uzob.cz:<\/p>\n<ul>\n<li>volba obce: Kostelec u Hole\u0161ova<\/li>\n<li>u\u017eivatelsk\u00e9 jm\u00e9no: petr.zurek@bigoriginal.cz<\/li>\n<li>u\u017eivatelsk\u00e9 heslo: uzob<\/li>\n<\/ul>\n<p>Autentick\u00fd videoz\u00e1znam ze ZZO \u010d. 19 naleznete <a href=\"http:\/\/kostelecuholesova.eu\/?p=3012\" target=\"_blank\">zde<\/a>.<\/p>\n","protected":false},"excerpt":{"rendered":"<p>Z\u00e1pis bez podpis\u016f a data vyhotoven\u00ed, tak jak byl publikovan\u00fd na uzob.cz dne 19.3.2017 \u2013 zapis zastupitelstvo c. 19 &#8211; 14. 3. 2017 170319 Nov\u00e1 verze z\u00e1pisu bez podpis\u016f a data vyhotoven\u00ed, tak jak byl publikovan\u00fd na uzob.cz dne 20.3.2017 \u2013 zapis zastupitelstvo c. 19 &#8211; 14. 3. 2017 170320 (p\u0159id\u00e1ny 3 p\u0159\u00edlohy v bod\u011b &hellip; <a href=\"https:\/\/kostelecuholesova.eu\/?page_id=3080\" class=\"more-link\">Pokra\u010dov\u00e1n\u00ed textu <span class=\"screen-reader-text\">ZZO \u010d. 19 \u2013 z\u00e1pis<\/span> <span class=\"meta-nav\">&rarr;<\/span><\/a><\/p>\n","protected":false},"author":1,"featured_media":0,"parent":663,"menu_order":0,"comment_status":"closed","ping_status":"open","template":"","meta":{"_monsterinsights_skip_tracking":false,"_monsterinsights_sitenote_active":false,"_monsterinsights_sitenote_note":"","_monsterinsights_sitenote_category":0,"footnotes":""},"class_list":["post-3080","page","type-page","status-publish","hentry"],"_links":{"self":[{"href":"https:\/\/kostelecuholesova.eu\/index.php?rest_route=\/wp\/v2\/pages\/3080","targetHints":{"allow":["GET"]}}],"collection":[{"href":"https:\/\/kostelecuholesova.eu\/index.php?rest_route=\/wp\/v2\/pages"}],"about":[{"href":"https:\/\/kostelecuholesova.eu\/index.php?rest_route=\/wp\/v2\/types\/page"}],"author":[{"embeddable":true,"href":"https:\/\/kostelecuholesova.eu\/index.php?rest_route=\/wp\/v2\/users\/1"}],"replies":[{"embeddable":true,"href":"https:\/\/kostelecuholesova.eu\/index.php?rest_route=%2Fwp%2Fv2%2Fcomments&post=3080"}],"version-history":[{"count":8,"href":"https:\/\/kostelecuholesova.eu\/index.php?rest_route=\/wp\/v2\/pages\/3080\/revisions"}],"predecessor-version":[{"id":3143,"href":"https:\/\/kostelecuholesova.eu\/index.php?rest_route=\/wp\/v2\/pages\/3080\/revisions\/3143"}],"up":[{"embeddable":true,"href":"https:\/\/kostelecuholesova.eu\/index.php?rest_route=\/wp\/v2\/pages\/663"}],"wp:attachment":[{"href":"https:\/\/kostelecuholesova.eu\/index.php?rest_route=%2Fwp%2Fv2%2Fmedia&parent=3080"}],"curies":[{"name":"wp","href":"https:\/\/api.w.org\/{rel}","templated":true}]}}