{"id":3074,"date":"2017-03-22T12:26:07","date_gmt":"2017-03-22T10:26:07","guid":{"rendered":"http:\/\/kostelecuholesova.eu\/?page_id=3074"},"modified":"2017-05-25T16:13:04","modified_gmt":"2017-05-25T14:13:04","slug":"22-3-2017-zverejneni-vyzvy-lipiny-finalni-verze-dokumentace-vz","status":"publish","type":"page","link":"https:\/\/kostelecuholesova.eu\/?page_id=3074","title":{"rendered":"22.3.2017 &#8211; zve\u0159ejn\u011bn\u00ed v\u00fdzvy Lipiny + fin\u00e1ln\u00ed verze dokumentace VZ"},"content":{"rendered":"<p><span style=\"color: #0000ff;\"><strong>22.3.2017, z\u00e1kon 106\/1999 Sb., obec Kostelec u Hole\u0161ova<\/strong><\/span><\/p>\n<p><strong>obsah: <span style=\"text-decoration: underline; color: #ff0000;\">doklady o zve\u0159ejn\u011bn\u00ed v\u00fdzvy ve\u0159ejn\u00e9 zak\u00e1zky &#8222;Obnova krajinn\u00e9 zelen\u011b v k.\u00fa. Kostelec u Hole\u0161ova&#8220; a origin\u00e1ln\u00ed fin\u00e1ln\u00ed dokumentace poskytnut\u00e1 uchaze\u010d\u016fm<\/span><\/strong><br \/>\n<strong>\u017e\u00e1dost: <\/strong><a href=\"http:\/\/kostelecuholesova.eu\/wp-content\/uploads\/2017\/03\/zadost-o-poskytnuti-dokumentu-170322.pdf\" target=\"_blank\">zadost o poskytnuti dokumentu 170322<\/a><br \/>\n<strong>odpov\u011b\u010f 28.3.2017: <\/strong>rozhodnut\u00ed o odm\u00edtnut\u00ed \u017e\u00e1dosti, proto\u017ee obec po\u017eadovanou informac\u00ed nedisponuje <a href=\"http:\/\/kostelecuholesova.eu\/wp-content\/uploads\/2017\/03\/obnova-krajinn\u00e9-zelen\u011b.pdf\" target=\"_blank\">obnova krajinn\u00e9 zelen\u011b<\/a><br \/>\n<strong>odvol\u00e1n\u00ed proti rozhodnut\u00ed o zam\u00edtnut\u00ed 6.4.2017<\/strong>: <a href=\"http:\/\/kostelecuholesova.eu\/wp-content\/uploads\/2017\/03\/odvolani-k-zadosti-170406-prilohy.pdf\" target=\"_blank\">odvolani k zadosti 170406 prilohy<\/a><br \/>\n<strong>rozhodnut\u00ed K\u00da ve Zl\u00edn\u011b o zru\u0161en\u00ed Rozhodnut\u00ed a o nov\u00e9m projedn\u00e1n\u00ed \u017e\u00e1dosti 25.4.2017<\/strong>: <a href=\"http:\/\/kostelecuholesova.eu\/wp-content\/uploads\/2017\/03\/rozhodnuti-KUZL-170425.pdf\" target=\"_blank\">rozhodnuti KUZL 170425<\/a><br \/>\n<strong>odpov\u011b\u010f 5.5.2017<\/strong>: <a href=\"http:\/\/kostelecuholesova.eu\/wp-content\/uploads\/2017\/03\/POSKYTNUT\u00cd-INFORMACE-na-z\u00e1klad\u011b-zru\u0161en\u00e9ho-rozhodnut\u00ed-obnova-krajinn\u00e9-zelen\u011b.pdf\" target=\"_blank\">POSKYTNUT\u00cd INFORMACE na z\u00e1klad\u011b zru\u0161en\u00e9ho rozhodnut\u00ed &#8211; obnova krajinn\u00e9 zelen\u011b<\/a><br \/>\n<strong><strong>poskytnut\u00e9 informace 5.5.2017:<\/strong><\/strong><\/p>\n<ul>\n<li><a href=\"http:\/\/kostelecuholesova.eu\/wp-content\/uploads\/2017\/03\/V\u00fdzva.pdf\" target=\"_blank\">V\u00fdzva<\/a><\/li>\n<li><a href=\"http:\/\/kostelecuholesova.eu\/wp-content\/uploads\/2017\/03\/Zad\u00e1vac\u00ed-dokumentace.pdf\" target=\"_blank\">Zad\u00e1vac\u00ed dokumentace<\/a><\/li>\n<li><a href=\"http:\/\/kostelecuholesova.eu\/wp-content\/uploads\/2017\/03\/ZD_KuH_2017_P\u0158\u00cdLOHY.pdf\" target=\"_blank\">_ZD_KuH_2017_P\u0158\u00cdLOHY<\/a><\/li>\n<li><a href=\"http:\/\/kostelecuholesova.eu\/wp-content\/uploads\/2017\/03\/ZD_KuH_2017_SMLOUVA.pdf\" target=\"_blank\">_ZD_KuH_2017_SMLOUVA<\/a><\/li>\n<li><a href=\"http:\/\/kostelecuholesova.eu\/wp-content\/uploads\/2017\/03\/ZD_KuH_2017_SMLOUVA_P1.pdf\" target=\"_blank\">_ZD_KuH_2017_SMLOUVA_P1<\/a><\/li>\n<li><a href=\"http:\/\/kostelecuholesova.eu\/wp-content\/uploads\/2017\/03\/ZD_KuH_2017_SMLOUVA_P2.pdf\" target=\"_blank\">_ZD_KuH_2017_SMLOUVA_P2<\/a><\/li>\n<li><a href=\"http:\/\/kostelecuholesova.eu\/wp-content\/uploads\/2017\/03\/\u00da\u0159edn\u00ed-deska-zve\u0159ejn\u011bn\u00ed.pdf\" target=\"_blank\">\u00da\u0159edn\u00ed deska zve\u0159ejn\u011bn\u00ed<\/a><\/li>\n<\/ul>\n<p><strong>16 zve\u0159ejn\u011bn\u00ed obc\u00ed dle \u00a75 odst. 3 InfZ:<\/strong> ne, pouze doprovodn\u00e1 informace k Rozhodnut\u00ed o zam\u00edtnut\u00ed ze dne 28.3.2017 <a href=\"http:\/\/kostelecuholesova.eu\/wp-content\/uploads\/2017\/03\/Doprovodn\u00e1-informace-obnova-krajinn\u00e9-zelen\u011b.pdf\" target=\"_blank\">Doprovodn\u00e1 informace &#8211; obnova krajinn\u00e9 zelen\u011b<\/a>; k poskytnut\u00fdm informac\u00edm ze dne 5.5.2017 nebyla zve\u0159ejn\u011bna \u017e\u00e1dn\u00e1, ani doprovodn\u00e1, informace<strong><br \/>\n<\/strong><\/p>\n","protected":false},"excerpt":{"rendered":"<p>22.3.2017, z\u00e1kon 106\/1999 Sb., obec Kostelec u Hole\u0161ova obsah: doklady o zve\u0159ejn\u011bn\u00ed v\u00fdzvy ve\u0159ejn\u00e9 zak\u00e1zky &#8222;Obnova krajinn\u00e9 zelen\u011b v k.\u00fa. Kostelec u Hole\u0161ova&#8220; a origin\u00e1ln\u00ed fin\u00e1ln\u00ed dokumentace poskytnut\u00e1 uchaze\u010d\u016fm \u017e\u00e1dost: zadost o poskytnuti dokumentu 170322 odpov\u011b\u010f 28.3.2017: rozhodnut\u00ed o odm\u00edtnut\u00ed \u017e\u00e1dosti, proto\u017ee obec po\u017eadovanou informac\u00ed nedisponuje obnova krajinn\u00e9 zelen\u011b odvol\u00e1n\u00ed proti rozhodnut\u00ed o zam\u00edtnut\u00ed 6.4.2017: &hellip; <a href=\"https:\/\/kostelecuholesova.eu\/?page_id=3074\" class=\"more-link\">Pokra\u010dov\u00e1n\u00ed textu <span class=\"screen-reader-text\">22.3.2017 &#8211; zve\u0159ejn\u011bn\u00ed v\u00fdzvy Lipiny + fin\u00e1ln\u00ed verze dokumentace VZ<\/span> <span class=\"meta-nav\">&rarr;<\/span><\/a><\/p>\n","protected":false},"author":1,"featured_media":0,"parent":2589,"menu_order":0,"comment_status":"closed","ping_status":"open","template":"","meta":{"_monsterinsights_skip_tracking":false,"_monsterinsights_sitenote_active":false,"_monsterinsights_sitenote_note":"","_monsterinsights_sitenote_category":0,"footnotes":""},"class_list":["post-3074","page","type-page","status-publish","hentry"],"_links":{"self":[{"href":"https:\/\/kostelecuholesova.eu\/index.php?rest_route=\/wp\/v2\/pages\/3074","targetHints":{"allow":["GET"]}}],"collection":[{"href":"https:\/\/kostelecuholesova.eu\/index.php?rest_route=\/wp\/v2\/pages"}],"about":[{"href":"https:\/\/kostelecuholesova.eu\/index.php?rest_route=\/wp\/v2\/types\/page"}],"author":[{"embeddable":true,"href":"https:\/\/kostelecuholesova.eu\/index.php?rest_route=\/wp\/v2\/users\/1"}],"replies":[{"embeddable":true,"href":"https:\/\/kostelecuholesova.eu\/index.php?rest_route=%2Fwp%2Fv2%2Fcomments&post=3074"}],"version-history":[{"count":6,"href":"https:\/\/kostelecuholesova.eu\/index.php?rest_route=\/wp\/v2\/pages\/3074\/revisions"}],"predecessor-version":[{"id":3319,"href":"https:\/\/kostelecuholesova.eu\/index.php?rest_route=\/wp\/v2\/pages\/3074\/revisions\/3319"}],"up":[{"embeddable":true,"href":"https:\/\/kostelecuholesova.eu\/index.php?rest_route=\/wp\/v2\/pages\/2589"}],"wp:attachment":[{"href":"https:\/\/kostelecuholesova.eu\/index.php?rest_route=%2Fwp%2Fv2%2Fmedia&parent=3074"}],"curies":[{"name":"wp","href":"https:\/\/api.w.org\/{rel}","templated":true}]}}