{"id":2934,"date":"2017-03-13T14:39:10","date_gmt":"2017-03-13T12:39:10","guid":{"rendered":"http:\/\/kostelecuholesova.eu\/?page_id=2934"},"modified":"2017-03-13T15:59:15","modified_gmt":"2017-03-13T13:59:15","slug":"zzo-c-18-zapis","status":"publish","type":"page","link":"https:\/\/kostelecuholesova.eu\/?page_id=2934","title":{"rendered":"ZZO \u010d. 18 \u2013 z\u00e1pis"},"content":{"rendered":"<p><a href=\"http:\/\/kostelecuholesova.eu\/wp-content\/uploads\/2017\/03\/zapis-zastupitelstvo-c.-18-28.-2.-2017-170307_Page_01-e1489403272488.jpg\"><img loading=\"lazy\" decoding=\"async\" class=\"alignnone size-large wp-image-2945\" src=\"http:\/\/kostelecuholesova.eu\/wp-content\/uploads\/2017\/03\/zapis-zastupitelstvo-c.-18-28.-2.-2017-170307_Page_01-e1489403272488-1024x495.jpg\" alt=\"zapis zastupitelstvo c. 18 - 28. 2. 2017 170307_Page_01\" width=\"474\" height=\"229\" srcset=\"https:\/\/kostelecuholesova.eu\/wp-content\/uploads\/2017\/03\/zapis-zastupitelstvo-c.-18-28.-2.-2017-170307_Page_01-e1489403272488-1024x495.jpg 1024w, https:\/\/kostelecuholesova.eu\/wp-content\/uploads\/2017\/03\/zapis-zastupitelstvo-c.-18-28.-2.-2017-170307_Page_01-e1489403272488-300x145.jpg 300w, https:\/\/kostelecuholesova.eu\/wp-content\/uploads\/2017\/03\/zapis-zastupitelstvo-c.-18-28.-2.-2017-170307_Page_01-e1489403272488.jpg 1120w\" sizes=\"auto, (max-width: 474px) 100vw, 474px\" \/><\/a><\/p>\n<p>Z\u00e1pis bez podpis\u016f a data vyhotoven\u00ed, tak jak byl publikovan\u00fd na uzob.cz dne 7.3.2017 &#8211; <a href=\"http:\/\/kostelecuholesova.eu\/wp-content\/uploads\/2017\/03\/zapis-zastupitelstvo-c.-18-28.-2.-2017-170307.pdf\" target=\"_blank\">zapis zastupitelstvo c. 18 &#8211; 28. 2. 2017 170307<\/a><\/p>\n<p>Plnohodnotn\u00fd origin\u00e1ln\u00ed z\u00e1pis ze\u00a0ZZO 18 konan\u00e9ho dne 28. \u00fanora 2017 &#8211; <a href=\"http:\/\/kostelecuholesova.eu\/wp-content\/uploads\/2017\/03\/zapis-zastupitelstvo-c.-18-28.-2.-2017-original.pdf\" target=\"_blank\">zapis zastupitelstvo c. 18 &#8211; 28. 2. 2017 original<\/a><\/p>\n<p><span style=\"text-decoration: underline;\">P\u0159\u00edlohy k z\u00e1pisu:<\/span><\/p>\n<p><strong>bod 1 &#8211; zah\u00e1jen\u00ed &amp; n\u00e1mitky k z\u00e1pisu ZZO \u010d. 17<\/strong><\/p>\n<ul>\n<li><a href=\"http:\/\/kostelecuholesova.eu\/wp-content\/uploads\/2017\/03\/01-namitky_zapisu_ZZO_c17_170224_18Z-1-1.pdf\" target=\"_blank\">namitky_zapisu_ZZO_c17_170224_18Z-1-1<\/a><\/li>\n<li><a href=\"http:\/\/kostelecuholesova.eu\/wp-content\/uploads\/2017\/03\/01-Dodatek_18Z-1-2.docx\" target=\"_blank\">Dodatek_18Z-1-2<\/a><\/li>\n<\/ul>\n<p><strong>bod 4 &#8211; projedn\u00e1n\u00ed a schv\u00e1len\u00ed rozpo\u010dtu obce na rok 2017<\/strong><\/p>\n<ul>\n<li><a href=\"http:\/\/kostelecuholesova.eu\/wp-content\/uploads\/2017\/03\/04-Navrh_rozpoctu_obce_Kostelec_u_Holesova_na_rok_2017_18Z-4-1.pdf\" target=\"_blank\">Navrh_rozpoctu_obce_Kostelec_u_Holesova_na_rok_2017_18Z-4-1<\/a><\/li>\n<li><a href=\"http:\/\/kostelecuholesova.eu\/wp-content\/uploads\/2017\/03\/04-Navrh_rozpoctu_obce_Kostelec_u_Holesova_na_rok_2017_I_18Z-4-2.pdf\" target=\"_blank\">Navrh_rozpoctu_obce_Kostelec_u_Holesova_na_rok_2017_I_18Z-4-2<\/a><\/li>\n<li><a href=\"http:\/\/kostelecuholesova.eu\/wp-content\/uploads\/2017\/03\/04-Financni_prispevek_spolkum_2017_I_18Z-4-3.xlsx\" target=\"_blank\">Financni_prispevek_spolkum_2017_I_18Z-4-3<\/a><\/li>\n<li><a href=\"http:\/\/kostelecuholesova.eu\/wp-content\/uploads\/2017\/03\/04-Financni_prispevek_spolkum_2017_II_18Z-4-4.xlsx\" target=\"_blank\">Financni_prispevek_spolkum_2017_II_18Z-4-4<\/a><\/li>\n<li><a href=\"http:\/\/kostelecuholesova.eu\/wp-content\/uploads\/2017\/03\/04-Rozpocet_2017_cerpani_rezervy_I_18Z-4-5.xlsx\" target=\"_blank\">Rozpocet_2017_cerpani_rezervy_I_18Z-4-5<\/a><\/li>\n<li><a href=\"http:\/\/kostelecuholesova.eu\/wp-content\/uploads\/2017\/03\/04-Zverejneni_navrhu_18Z-4-6.pdf\" target=\"_blank\">Zverejneni_navrhu_18Z-4-6<\/a><\/li>\n<li><a href=\"http:\/\/kostelecuholesova.eu\/wp-content\/uploads\/2017\/03\/04-Stavy_na_bankovnich_uctech_18Z-4-7.pdf\" target=\"_blank\">Stavy_na_bankovnich_uctech_18Z-4-7<\/a><\/li>\n<li><a href=\"http:\/\/kostelecuholesova.eu\/wp-content\/uploads\/2017\/03\/04-Financni_vybor_projednani_rozpoctu_18Z-4-8.pdf\" target=\"_blank\">Financni_vybor_projednani_rozpoctu_18Z-4-8<\/a><\/li>\n<li><a href=\"http:\/\/kostelecuholesova.eu\/wp-content\/uploads\/2017\/03\/04-Pripominky_p._Zurka_k_bodu_4_18Z-4-9.pdf\" target=\"_blank\">Pripominky_p._Zurka_k_bodu_4_18Z-4-9<\/a><\/li>\n<\/ul>\n<p><strong>bod 5 &#8211; ve\u0159ejnopr\u00e1vn\u00ed smlouvy<\/strong><\/p>\n<ul>\n<li><a href=\"http:\/\/kostelecuholesova.eu\/wp-content\/uploads\/2017\/03\/05-1_2017_Myslivecke_sdruzeni_18Z-5-1.docx\" target=\"_blank\">1_2017_Myslivecke_sdruzeni_18Z-5-1<\/a><\/li>\n<li><a href=\"http:\/\/kostelecuholesova.eu\/wp-content\/uploads\/2017\/03\/05-2_2017_TJ_Sokol_18Z-5-1.docx\" target=\"_blank\">2_2017_TJ_Sokol_18Z-5-1<\/a><\/li>\n<li><a href=\"http:\/\/kostelecuholesova.eu\/wp-content\/uploads\/2017\/03\/05-3_2017_SK_Moravan_18Z-5-1.docx\" target=\"_blank\">3_2017_SK_Moravan_18Z-5-1<\/a><\/li>\n<li><a href=\"http:\/\/kostelecuholesova.eu\/wp-content\/uploads\/2017\/03\/05-4_2017_SDH_KOstelec_18Z-5-1.docx\" target=\"_blank\">4_2017_SDH_KOstelec_18Z-5-1<\/a><\/li>\n<li><a href=\"http:\/\/kostelecuholesova.eu\/wp-content\/uploads\/2017\/03\/05-5_2017_SDH_Karlovice_18Z-5-1.docx\" target=\"_blank\">5_2017_SDH_Karlovice_18Z-5-1<\/a><\/li>\n<li><a href=\"http:\/\/kostelecuholesova.eu\/wp-content\/uploads\/2017\/03\/05-6_2017_KVZ_Kostelec_18Z-5-1.docx\" target=\"_blank\">6_2017_KVZ_Kostelec_18Z-5-1<\/a><\/li>\n<li><a href=\"http:\/\/kostelecuholesova.eu\/wp-content\/uploads\/2017\/03\/05-7_2017_Kostelan_18Z-5-1.docx\" target=\"_blank\">7_2017_Kostelan_18Z-5-1<\/a><\/li>\n<li><a href=\"http:\/\/kostelecuholesova.eu\/wp-content\/uploads\/2017\/03\/05-8_2017_Vcelari_18Z-5-1.docx\" target=\"_blank\">8_2017_Vcelari_18Z-5-1<\/a><\/li>\n<li><a href=\"http:\/\/kostelecuholesova.eu\/wp-content\/uploads\/2017\/03\/05-9_2017_Soc.sluzby_Uherske_Hradiste_18Z-5-1.docx\" target=\"_blank\">9_2017_Soc.sluzby_Uherske_Hradiste_18Z-5-1<\/a><\/li>\n<li><a href=\"http:\/\/kostelecuholesova.eu\/wp-content\/uploads\/2017\/03\/05-10_2017_Centrum_pro_zdravotne_postizene_Zlin_18Z-5-1.docx\" target=\"_blank\">10_2017_Centrum_pro_zdravotne_postizene_Zlin_18Z-5-1<\/a><\/li>\n<\/ul>\n<p><strong>bod 6 &#8211; nav\u00fd\u0161en\u00ed odm\u011bn neuvoln\u011bn\u00fdm zastupitel\u016fm<\/strong><\/p>\n<ul>\n<li><a href=\"http:\/\/kostelecuholesova.eu\/wp-content\/uploads\/2017\/03\/06-1_Narizeni_vlady_odmenovani_clenu_ZO_18Z-6-1.pdf\" target=\"_blank\">1_Narizeni_vlady_odmenovani_clenu_ZO_18Z-6-1<\/a><\/li>\n<li><a href=\"http:\/\/kostelecuholesova.eu\/wp-content\/uploads\/2017\/03\/06-2_Odmenovani_clenu_ZO_18Z-6-2.pdf\" target=\"_blank\">2_Odmenovani_clenu_ZO_18Z-6-2<\/a><\/li>\n<li><a href=\"http:\/\/kostelecuholesova.eu\/wp-content\/uploads\/2017\/03\/06-Navyseni_odmen_pro_neuvolnene_zastupitele_18Z-6-3.pdf\" target=\"_blank\">Navyseni_odmen_pro_neuvolnene_zastupitele_18Z-6-3<\/a><\/li>\n<\/ul>\n<p><strong>bod 7 &#8211; v\u00fdpov\u011b\u010f smlouvy STILT PROJECTS<\/strong><\/p>\n<ul>\n<li><a href=\"http:\/\/kostelecuholesova.eu\/wp-content\/uploads\/2017\/03\/07-Odvolani_prikazu_18Z-4-1.pdf\" target=\"_blank\">Odvolani_prikazu_18Z-4-1<\/a><\/li>\n<li><a href=\"http:\/\/kostelecuholesova.eu\/wp-content\/uploads\/2017\/03\/07-7_Jednani_se_STILT_PROJECTSEM_18Z-7-2.pdf\" target=\"_blank\">7_Jednani_se_STILT_PROJECTSEM_18Z-7-2<\/a><\/li>\n<li><a href=\"http:\/\/kostelecuholesova.eu\/wp-content\/uploads\/2017\/03\/07-Odpoved_plna_moc_18Z-7-3.pdf\" target=\"_blank\">Odpoved,_plna_moc_18Z-7-3<\/a><\/li>\n<\/ul>\n<p><strong>bod 9 &#8211; varianta \u0159e\u0161en\u00ed VO a administr\u00e1tor VZ VO<\/strong><\/p>\n<ul>\n<li><a href=\"http:\/\/kostelecuholesova.eu\/wp-content\/uploads\/2017\/03\/09-Modernizace_VO_-_Kostelec_u_Holesova_18Z-9-1.doc\" target=\"_blank\">Modernizace_VO_-_Kostelec_u_Holesova_18Z-9-1<\/a><\/li>\n<li><a href=\"http:\/\/kostelecuholesova.eu\/wp-content\/uploads\/2017\/03\/09-Pripominky_p._Zurka_kbodu_9_18Z-9-2.pdf\" target=\"_blank\">Pripominky_p._Zurka_kbodu_9_18Z-9-2<\/a><\/li>\n<li><a href=\"http:\/\/kostelecuholesova.eu\/wp-content\/uploads\/2017\/03\/09-Prik._sml._09_Kostelec_u_Holesova_-_Modernizace_a_rozsireni_verejneho_osvetleni_v_obci_Kostelec_u_Holesova_18Z-9-1.pdf\" target=\"_blank\">Prik._sml._09_Kostelec_u_Holesova_-_Modernizace_a_rozsireni_verejneho_osvetleni_v_obci_Kostelec_u_Holesova_18Z-9-1<\/a><\/li>\n<\/ul>\n<p><strong>bod 10 &#8211; v\u00fdzva Lipiny a schv\u00e1len\u00ed upraven\u00e9ho projektu<\/strong><\/p>\n<ul>\n<li><a href=\"http:\/\/kostelecuholesova.eu\/wp-content\/uploads\/2017\/03\/10-_V_KuH_Zelen_2017_18Z-9-1.docx\" target=\"_blank\">_V_KuH_Zelen_2017_18Z-9-1<\/a><\/li>\n<li><a href=\"http:\/\/kostelecuholesova.eu\/wp-content\/uploads\/2017\/03\/10-_ZD_KuH_Zelen_2017_18Z-9-2.docx\" target=\"_blank\">_ZD_KuH_Zelen_2017_18Z-9-2<\/a><\/li>\n<li><a href=\"http:\/\/kostelecuholesova.eu\/wp-content\/uploads\/2017\/03\/10-_ZD_KuH_2017_SMLOUVA_18Z-9-3.docx\" target=\"_blank\">_ZD_KuH_2017_SMLOUVA_18Z-9-3<\/a><\/li>\n<li><a href=\"http:\/\/kostelecuholesova.eu\/wp-content\/uploads\/2017\/03\/10-OBNOVA_KRAJINNE_ZELENE_V_K.U._KOSTELEC_U_HOLESOVA_18Z-10-4.zip\" target=\"_blank\">OBNOVA_KRAJINNE_ZELENE_V_K.U._KOSTELEC_U_HOLESOVA_18Z-10-4<\/a><\/li>\n<li><a href=\"http:\/\/kostelecuholesova.eu\/wp-content\/uploads\/2017\/03\/10-_ZD_KuH_2017_PRILOHY_18Z-10-5.docx\" target=\"_blank\">_ZD_KuH_2017_PRILOHY_18Z-10-5<\/a><\/li>\n<li><a href=\"http:\/\/kostelecuholesova.eu\/wp-content\/uploads\/2017\/03\/10-01A_Jmenovani_OTEVIRANI_18Z-10-6.docx\" target=\"_blank\">01A_Jmenovani_OTEVIRANI_18Z-10-6<\/a><\/li>\n<li><a href=\"http:\/\/kostelecuholesova.eu\/wp-content\/uploads\/2017\/03\/10-01B_Jmenovani_HODNOCENI_18Z-10-7.docx\" target=\"_blank\">01B_Jmenovani_HODNOCENI_18Z-10-7<\/a><\/li>\n<li><a href=\"http:\/\/kostelecuholesova.eu\/wp-content\/uploads\/2017\/03\/10-Pripominky_p._Zurka_k_bodu_10_18Z-10-8.pdf\" target=\"_blank\">Pripominky_p._Zurka_k_bodu_10_18Z-10-8<\/a><\/li>\n<\/ul>\n<p><strong>bod 11 &#8211; prodej obecn\u00edch pozemk\u016f<\/strong><\/p>\n<ul>\n<li><a href=\"http:\/\/kostelecuholesova.eu\/wp-content\/uploads\/2017\/03\/11-Zadost_o_odprodej_casti_pozemku_18Z-10-1.pdf\" target=\"_blank\">Zadost_o_odprodej_casti_pozemku_18Z-10-1<\/a><\/li>\n<li><a href=\"http:\/\/kostelecuholesova.eu\/wp-content\/uploads\/2017\/03\/11-Geometricky_plan_18Z-10-2.pdf\" target=\"_blank\">Geometricky_plan_18Z-10-2<\/a><\/li>\n<\/ul>\n<p><strong>bod 12 &#8211; n\u00e1kup pozemk\u016f obc\u00ed<\/strong><\/p>\n<ul>\n<li><a href=\"http:\/\/kostelecuholesova.eu\/wp-content\/uploads\/2017\/03\/12-100_5948_18Z-12-1.jpg\" target=\"_blank\">100_5948_18Z-12-1.jpg<\/a><\/li>\n<li><a href=\"http:\/\/kostelecuholesova.eu\/wp-content\/uploads\/2017\/03\/12-Znalecky_posudek_18Z-12-2.pdf\" target=\"_blank\">Znalecky_posudek_18Z-12-2<\/a><\/li>\n<\/ul>\n<p><strong>bod 13 &#8211; dodatek \u010d. 2 ke smlouv\u011b Scolarest<\/strong><\/p>\n<ul>\n<li><a href=\"http:\/\/kostelecuholesova.eu\/wp-content\/uploads\/2017\/03\/13-Dodatek_c._2_SCOLAREST_18Z-13-1.pdf\" target=\"_blank\">Dodatek_c._2_SCOLAREST_18Z-13-1<\/a><\/li>\n<li><a href=\"http:\/\/kostelecuholesova.eu\/wp-content\/uploads\/2017\/03\/13-Pripominky_p._Zurka_k_bodu_13_18Z-13-2.pdf\" target=\"_blank\">Pripominky_p._Zurka_k_bodu_13_18Z-13-2<\/a><\/li>\n<\/ul>\n<p>ZZO \u2013 zased\u00e1n\u00ed zastupitelstva obce. Dokumenty jsou publikov\u00e1ny tak, jak byly poskytnuty obc\u00ed na z\u00e1klad\u011b m\u00e9 \u017e\u00e1dosti podle z\u00e1kona 106\/1999 Sb. o svobodn\u00e9m p\u0159\u00edstupu k informac\u00edm spolu se zaslan\u00fdm pokynem obce ohledn\u011b u\u017eit\u00ed p\u0159\u00edstupov\u00e9ho hesla do aplikace www.uzob.cz:<\/p>\n<ul>\n<li>volba obce: Kostelec u Hole\u0161ova<\/li>\n<li>u\u017eivatelsk\u00e9 jm\u00e9no: petr.zurek@bigoriginal.cz<\/li>\n<li>u\u017eivatelsk\u00e9 heslo: uzob<\/li>\n<\/ul>\n<p>Autentick\u00fd videoz\u00e1znam ze ZZO \u010d. 18 naleznete <a href=\"http:\/\/kostelecuholesova.eu\/?p=2917\" target=\"_blank\">zde<\/a>.<\/p>\n","protected":false},"excerpt":{"rendered":"<p>Z\u00e1pis bez podpis\u016f a data vyhotoven\u00ed, tak jak byl publikovan\u00fd na uzob.cz dne 7.3.2017 &#8211; zapis zastupitelstvo c. 18 &#8211; 28. 2. 2017 170307 Plnohodnotn\u00fd origin\u00e1ln\u00ed z\u00e1pis ze\u00a0ZZO 18 konan\u00e9ho dne 28. \u00fanora 2017 &#8211; zapis zastupitelstvo c. 18 &#8211; 28. 2. 2017 original P\u0159\u00edlohy k z\u00e1pisu: bod 1 &#8211; zah\u00e1jen\u00ed &amp; n\u00e1mitky k z\u00e1pisu &hellip; <a href=\"https:\/\/kostelecuholesova.eu\/?page_id=2934\" class=\"more-link\">Pokra\u010dov\u00e1n\u00ed textu <span class=\"screen-reader-text\">ZZO \u010d. 18 \u2013 z\u00e1pis<\/span> <span class=\"meta-nav\">&rarr;<\/span><\/a><\/p>\n","protected":false},"author":1,"featured_media":0,"parent":663,"menu_order":0,"comment_status":"closed","ping_status":"open","template":"","meta":{"_monsterinsights_skip_tracking":false,"_monsterinsights_sitenote_active":false,"_monsterinsights_sitenote_note":"","_monsterinsights_sitenote_category":0,"footnotes":""},"class_list":["post-2934","page","type-page","status-publish","hentry"],"_links":{"self":[{"href":"https:\/\/kostelecuholesova.eu\/index.php?rest_route=\/wp\/v2\/pages\/2934","targetHints":{"allow":["GET"]}}],"collection":[{"href":"https:\/\/kostelecuholesova.eu\/index.php?rest_route=\/wp\/v2\/pages"}],"about":[{"href":"https:\/\/kostelecuholesova.eu\/index.php?rest_route=\/wp\/v2\/types\/page"}],"author":[{"embeddable":true,"href":"https:\/\/kostelecuholesova.eu\/index.php?rest_route=\/wp\/v2\/users\/1"}],"replies":[{"embeddable":true,"href":"https:\/\/kostelecuholesova.eu\/index.php?rest_route=%2Fwp%2Fv2%2Fcomments&post=2934"}],"version-history":[{"count":11,"href":"https:\/\/kostelecuholesova.eu\/index.php?rest_route=\/wp\/v2\/pages\/2934\/revisions"}],"predecessor-version":[{"id":3011,"href":"https:\/\/kostelecuholesova.eu\/index.php?rest_route=\/wp\/v2\/pages\/2934\/revisions\/3011"}],"up":[{"embeddable":true,"href":"https:\/\/kostelecuholesova.eu\/index.php?rest_route=\/wp\/v2\/pages\/663"}],"wp:attachment":[{"href":"https:\/\/kostelecuholesova.eu\/index.php?rest_route=%2Fwp%2Fv2%2Fmedia&parent=2934"}],"curies":[{"name":"wp","href":"https:\/\/api.w.org\/{rel}","templated":true}]}}