{"id":2299,"date":"2016-11-15T15:05:01","date_gmt":"2016-11-15T13:05:01","guid":{"rendered":"http:\/\/kostelecuholesova.eu\/?page_id=2299"},"modified":"2017-01-16T18:46:30","modified_gmt":"2017-01-16T16:46:30","slug":"ro-c-232016-zapis","status":"publish","type":"page","link":"https:\/\/kostelecuholesova.eu\/?page_id=2299","title":{"rendered":"RO \u010d. 23\/2016 \u2013 z\u00e1pis"},"content":{"rendered":"<p><strong>z\u00e1pis:<\/strong><\/p>\n<ul>\n<li>podepsan\u00fd origin\u00e1ln\u00ed z\u00e1pis <a href=\"http:\/\/kostelecuholesova.eu\/wp-content\/uploads\/2016\/11\/Zapis-RO-23.pdf\" target=\"_blank\">23 RO 16 zapis rada c. 23_2016 &#8211; 14. 11. 2016 original<\/a><\/li>\n<li>z\u00e1pis z aplikace uzob &#8211; nepodepsan\u00fd a bez data vyhotoven\u00ed <a href=\"http:\/\/kostelecuholesova.eu\/wp-content\/uploads\/2016\/11\/23-RO-16-zapis-rada-c.-23_2016-14.-11.-2016.pdf\" target=\"_blank\">23-ro-16-zapis-rada-c-23_2016-14-11-2016<\/a><\/li>\n<\/ul>\n<p><strong>p\u0159\u00edlohy:<\/strong><\/p>\n<ul>\n<li><a href=\"http:\/\/kostelecuholesova.eu\/wp-content\/uploads\/2016\/11\/23-RO-16-bod-3-Dodatek_c._1_k_prikazni_smlouve_23-2016R-3-1.pdf\" target=\"_blank\">bod-3-dodatek_c-_1_k_prikazni_smlouve_23-2016r-3-1<\/a><\/li>\n<li><a href=\"http:\/\/kostelecuholesova.eu\/wp-content\/uploads\/2016\/11\/23-RO-16-bod-4-Zadost_o_prijeti_daru_23-2016R-4-1.pdf\" target=\"_blank\">bod-4-zadost_o_prijeti_daru_23-2016r-4-1<\/a><\/li>\n<li><a href=\"http:\/\/kostelecuholesova.eu\/wp-content\/uploads\/2016\/11\/23-RO-16-bod-4-Danovy_doklad_23-2016R-4-2.pdf\" target=\"_blank\">bod-4-danovy_doklad_23-2016r-4-2<\/a><\/li>\n<li><a href=\"http:\/\/kostelecuholesova.eu\/wp-content\/uploads\/2016\/11\/23-RO-16-bod-5-Cenova_nabidka_Latitude_5570_Obec_Kostelec_23-2016R-5-1.xlsx\" target=\"_blank\">bod-5-cenova_nabidka_latitude_5570_obec_kostelec_23-2016r-5-1<\/a><\/li>\n<li><a href=\"http:\/\/kostelecuholesova.eu\/wp-content\/uploads\/2016\/11\/23-RO-16-bod-6-Priloha_bez_nazvu__00629_23-2016R-6-1.pdf\" target=\"_blank\">bod-6-priloha_bez_nazvu__00629_23-2016r-6-1<\/a><\/li>\n<li><a href=\"http:\/\/kostelecuholesova.eu\/wp-content\/uploads\/2016\/11\/23-RO-16-bod-6-Reference_PKV_23-2016R-6-2.pdf\" target=\"_blank\">bod-6-reference_pkv_23-2016r-6-2<\/a><\/li>\n<li><a href=\"http:\/\/kostelecuholesova.eu\/wp-content\/uploads\/2016\/11\/23-RO-16-bod-6-PENB_-_otazky_a_odpovedi_na_MPO_23-2016R-6-3.pdf\" target=\"_blank\">bod-6-penb_-_otazky_a_odpovedi_na_mpo_23-2016r-6-3<\/a><\/li>\n<li><a href=\"http:\/\/kostelecuholesova.eu\/wp-content\/uploads\/2016\/11\/23-RO-16-bod-7-413003913_0_Sdeleni_MV_obci_dok._c._9_23-2016R-7-1.pdf\" target=\"_blank\">bod-7-413003913_0_sdeleni_mv_obci_dok-_c-_9_23-2016r-7-1<\/a><\/li>\n<li><a href=\"http:\/\/kostelecuholesova.eu\/wp-content\/uploads\/2016\/11\/23-RO-16-bod-8-Navrh_na_vyrazeni_23-2016R-8-1.pdf\" target=\"_blank\">bod-8-navrh_na_vyrazeni_23-2016r-8-1<\/a><\/li>\n<li><a href=\"http:\/\/kostelecuholesova.eu\/wp-content\/uploads\/2016\/11\/23-RO-16-bod-8-Souhlas_s_vyrazenim_majetku_23-2016R-8-2.pdf\" target=\"_blank\">bod-8-souhlas_s_vyrazenim_majetku_23-2016r-8-2<\/a><\/li>\n<li><a href=\"http:\/\/kostelecuholesova.eu\/wp-content\/uploads\/2016\/11\/23-RO-16-bod-8-Soupis_majetku_23-2016R-8-3.pdf\" target=\"_blank\">bod-8-soupis_majetku_23-2016r-8-3<\/a><\/li>\n<li><a href=\"http:\/\/kostelecuholesova.eu\/wp-content\/uploads\/2016\/11\/23-RO-16-bod-9-Pracovni_schuzka_23-2016R-10-1.pdf\" target=\"_blank\">bod-9-pracovni_schuzka_23-2016r-10-1<\/a><\/li>\n<\/ul>\n","protected":false},"excerpt":{"rendered":"<p>z\u00e1pis: podepsan\u00fd origin\u00e1ln\u00ed z\u00e1pis 23 RO 16 zapis rada c. 23_2016 &#8211; 14. 11. 2016 original z\u00e1pis z aplikace uzob &#8211; nepodepsan\u00fd a bez data vyhotoven\u00ed 23-ro-16-zapis-rada-c-23_2016-14-11-2016 p\u0159\u00edlohy: bod-3-dodatek_c-_1_k_prikazni_smlouve_23-2016r-3-1 bod-4-zadost_o_prijeti_daru_23-2016r-4-1 bod-4-danovy_doklad_23-2016r-4-2 bod-5-cenova_nabidka_latitude_5570_obec_kostelec_23-2016r-5-1 bod-6-priloha_bez_nazvu__00629_23-2016r-6-1 bod-6-reference_pkv_23-2016r-6-2 bod-6-penb_-_otazky_a_odpovedi_na_mpo_23-2016r-6-3 bod-7-413003913_0_sdeleni_mv_obci_dok-_c-_9_23-2016r-7-1 bod-8-navrh_na_vyrazeni_23-2016r-8-1 bod-8-souhlas_s_vyrazenim_majetku_23-2016r-8-2 bod-8-soupis_majetku_23-2016r-8-3 bod-9-pracovni_schuzka_23-2016r-10-1<\/p>\n","protected":false},"author":1,"featured_media":0,"parent":1138,"menu_order":0,"comment_status":"closed","ping_status":"closed","template":"","meta":{"_monsterinsights_skip_tracking":false,"_monsterinsights_sitenote_active":false,"_monsterinsights_sitenote_note":"","_monsterinsights_sitenote_category":0,"footnotes":""},"class_list":["post-2299","page","type-page","status-publish","hentry"],"_links":{"self":[{"href":"https:\/\/kostelecuholesova.eu\/index.php?rest_route=\/wp\/v2\/pages\/2299","targetHints":{"allow":["GET"]}}],"collection":[{"href":"https:\/\/kostelecuholesova.eu\/index.php?rest_route=\/wp\/v2\/pages"}],"about":[{"href":"https:\/\/kostelecuholesova.eu\/index.php?rest_route=\/wp\/v2\/types\/page"}],"author":[{"embeddable":true,"href":"https:\/\/kostelecuholesova.eu\/index.php?rest_route=\/wp\/v2\/users\/1"}],"replies":[{"embeddable":true,"href":"https:\/\/kostelecuholesova.eu\/index.php?rest_route=%2Fwp%2Fv2%2Fcomments&post=2299"}],"version-history":[{"count":5,"href":"https:\/\/kostelecuholesova.eu\/index.php?rest_route=\/wp\/v2\/pages\/2299\/revisions"}],"predecessor-version":[{"id":2695,"href":"https:\/\/kostelecuholesova.eu\/index.php?rest_route=\/wp\/v2\/pages\/2299\/revisions\/2695"}],"up":[{"embeddable":true,"href":"https:\/\/kostelecuholesova.eu\/index.php?rest_route=\/wp\/v2\/pages\/1138"}],"wp:attachment":[{"href":"https:\/\/kostelecuholesova.eu\/index.php?rest_route=%2Fwp%2Fv2%2Fmedia&parent=2299"}],"curies":[{"name":"wp","href":"https:\/\/api.w.org\/{rel}","templated":true}]}}