{"id":1721,"date":"2016-09-30T13:00:20","date_gmt":"2016-09-30T11:00:20","guid":{"rendered":"http:\/\/kostelecuholesova.eu\/?page_id=1721"},"modified":"2016-10-17T15:03:36","modified_gmt":"2016-10-17T13:03:36","slug":"komunikace-s-uohs","status":"publish","type":"page","link":"https:\/\/kostelecuholesova.eu\/?page_id=1721","title":{"rendered":"komunikace s \u00daOHS ohledn\u011b VZ na ve\u0159ejn\u00e9 osv\u011btlen\u00ed"},"content":{"rendered":"<p>Dokumenty poskytnut\u00e9 obc\u00ed dne 30.9.2016 na z\u00e1klad\u011b m\u00e9 <a href=\"http:\/\/kostelecuholesova.eu\/wp-content\/uploads\/2016\/09\/zadost-o-poskytnuti-dokumentu-160915.pdf\" target=\"_blank\">\u017e\u00e1dosti ze dne 15.9.2016<\/a>.<\/p>\n<ul>\n<li><a href=\"http:\/\/kostelecuholesova.eu\/wp-content\/uploads\/2016\/09\/Poskytnuti-informace-k-upresnene-zadosti.pdf\" target=\"_blank\">poskytnuti-informace-k-upresnene-zadosti<\/a><\/li>\n<li><a href=\"http:\/\/kostelecuholesova.eu\/wp-content\/uploads\/2016\/09\/pisemna-komunikace.pdf\" target=\"_blank\">1 pisemna-komunikace<\/a> (hlavn\u00ed dokumenty, 39 stran)<\/li>\n<li><a href=\"http:\/\/kostelecuholesova.eu\/wp-content\/uploads\/2016\/09\/396006646_0_C.j.-UOHS-P1223-2016.pdf\" target=\"_blank\">2 c-j-uohs-p1223-2016<\/a> (odpov\u011b\u010f obce ze dne 26.8.2016 na \u017e\u00e1dost \u00daHOS o zaslan\u00ed dokument\u016f VZ)<\/li>\n<li><a href=\"http:\/\/kostelecuholesova.eu\/wp-content\/uploads\/2016\/09\/396006646_1_Dodatecne-informace-c.-1-k-zadavacim-podminkam.pdf\" target=\"_blank\">3 dodatecne-informace-c-1-k-zadavacim-podminkam<\/a><\/li>\n<li><a href=\"http:\/\/kostelecuholesova.eu\/wp-content\/uploads\/2016\/09\/396006646_2_Dodatecne-informace-c.-2-k-zadavacim-podminkam.pdf\" target=\"_blank\">4 dodatecne-informace-c-2-k-zadavacim-podminkam<\/a><\/li>\n<li><a href=\"http:\/\/kostelecuholesova.eu\/wp-content\/uploads\/2016\/09\/396006646_3_Formular-pro-uvedeni-podilu-subdodavatelu.pdf\" target=\"_blank\">5 formular-pro-uvedeni-podilu-subdodavatelu<\/a><\/li>\n<li><a href=\"http:\/\/kostelecuholesova.eu\/wp-content\/uploads\/2016\/09\/396006646_4_Kryci-list-nabidky.pdf\" target=\"_blank\">6 kryci-list-nabidky<\/a><\/li>\n<li><a href=\"http:\/\/kostelecuholesova.eu\/wp-content\/uploads\/2016\/09\/396006646_5_Obchodni-podminky-vzorova-smlouva-o-dilo.pdf\" target=\"_blank\">7 obchodni-podminky-vzorova-smlouva-o-dilo<\/a><\/li>\n<li><a href=\"http:\/\/kostelecuholesova.eu\/wp-content\/uploads\/2016\/09\/396006646_6_Oznameni-o-ustanoveni-clenem-komise-pro-otevirani-obalek-s-nabidkami-a-pozvani-na-jeji-jednani.pdf\" target=\"_blank\">8 oznameni-o-ustanoveni-clenem-komise-pro-otevirani-obalek-s-nabidkami-a-pozvani-na-jeji-jednani<\/a><\/li>\n<li><a href=\"http:\/\/kostelecuholesova.eu\/wp-content\/uploads\/2016\/09\/396006646_7_Podminky-a-pozadavky-pro-zpracovani-nabidky.pdf\" target=\"_blank\">9 podminky-a-pozadavky-pro-zpracovani-nabidky<\/a><\/li>\n<li><a href=\"http:\/\/kostelecuholesova.eu\/wp-content\/uploads\/2016\/09\/396006646_8_Pozadovane-technicke-parametry-svitidel.pdf\" target=\"_blank\">10 pozadovane-technicke-parametry-svitidel<\/a><\/li>\n<li><a href=\"http:\/\/kostelecuholesova.eu\/wp-content\/uploads\/2016\/09\/396006646_9_Protokol-o-otevirani-obalek-s-nabidkami-podanymi-v-listinne-podobe.pdf\" target=\"_blank\">11 protokol-o-otevirani-obalek-s-nabidkami-podanymi-v-listinne-podobe<\/a><\/li>\n<li><a href=\"http:\/\/kostelecuholesova.eu\/wp-content\/uploads\/2016\/09\/396006646_10_Seznam-oslovenych-firem-k-podani-nabidky+postovni-podaci-arch.pdf\" target=\"_blank\">12 seznam-oslovenych-firem-k-podani-nabidkypostovni-podaci-arch<\/a><\/li>\n<li><a href=\"http:\/\/kostelecuholesova.eu\/wp-content\/uploads\/2016\/09\/396006646_11_Seznam-podanych-nabidek.pdf\" target=\"_blank\">13 seznam-podanych-nabidek<\/a><\/li>\n<li><a href=\"http:\/\/kostelecuholesova.eu\/wp-content\/uploads\/2016\/09\/396006646_12_Svetelne-technicky-vypocet.pdf\" target=\"_blank\">14 svetelne-technicky-vypocet<\/a><\/li>\n<li><a href=\"http:\/\/kostelecuholesova.eu\/wp-content\/uploads\/2016\/09\/396006646_13_Technicka-specifikace-vyrobku.pdf\" target=\"_blank\">15 technicka-specifikace-vyrobku<\/a><\/li>\n<li><a href=\"http:\/\/kostelecuholesova.eu\/wp-content\/uploads\/2016\/09\/396006646_14_Ustanoveni-komise-pro-otevirani-obalek.pdf\" target=\"_blank\">16 ustanoveni-komise-pro-otevirani-obalek<\/a><\/li>\n<li><a href=\"http:\/\/kostelecuholesova.eu\/wp-content\/uploads\/2016\/09\/396006646_15_Vykaz-vymer.pdf\" target=\"_blank\">17 vykaz-vymer<\/a><\/li>\n<li><a href=\"http:\/\/kostelecuholesova.eu\/wp-content\/uploads\/2016\/09\/396006646_16_Vyzva-k-podani-nabidky.pdf\" target=\"_blank\">18 vyzva-k-podani-nabidky<\/a><\/li>\n<li><a href=\"http:\/\/kostelecuholesova.eu\/wp-content\/uploads\/2016\/09\/396006646_17_Cestne-prohlaseni-o-nepodjatosti-a-mlcenlivosti.pdf\" target=\"_blank\">19 cestne-prohlaseni-o-nepodjatosti-a-mlcenlivosti<\/a><\/li>\n<\/ul>\n<p>dodate\u010dn\u011b z\u00edskan\u00e9 dne 17.10.2014 vyj\u00e1d\u0159en\u00ed zadavatele ze dne 30.9.2016: <a href=\"http:\/\/kostelecuholesova.eu\/wp-content\/uploads\/2016\/09\/\u00daHOS-vyj\u00e1d\u0159en\u00ed-zadavatele.pdf\" target=\"_blank\">uhos-vyjadreni-zadavatele<\/a><\/p>\n","protected":false},"excerpt":{"rendered":"<p>Dokumenty poskytnut\u00e9 obc\u00ed dne 30.9.2016 na z\u00e1klad\u011b m\u00e9 \u017e\u00e1dosti ze dne 15.9.2016. poskytnuti-informace-k-upresnene-zadosti 1 pisemna-komunikace (hlavn\u00ed dokumenty, 39 stran) 2 c-j-uohs-p1223-2016 (odpov\u011b\u010f obce ze dne 26.8.2016 na \u017e\u00e1dost \u00daHOS o zaslan\u00ed dokument\u016f VZ) 3 dodatecne-informace-c-1-k-zadavacim-podminkam 4 dodatecne-informace-c-2-k-zadavacim-podminkam 5 formular-pro-uvedeni-podilu-subdodavatelu 6 kryci-list-nabidky 7 obchodni-podminky-vzorova-smlouva-o-dilo 8 oznameni-o-ustanoveni-clenem-komise-pro-otevirani-obalek-s-nabidkami-a-pozvani-na-jeji-jednani 9 podminky-a-pozadavky-pro-zpracovani-nabidky 10 pozadovane-technicke-parametry-svitidel 11 protokol-o-otevirani-obalek-s-nabidkami-podanymi-v-listinne-podobe 12 seznam-oslovenych-firem-k-podani-nabidkypostovni-podaci-arch 13 seznam-podanych-nabidek &hellip; <a href=\"https:\/\/kostelecuholesova.eu\/?page_id=1721\" class=\"more-link\">Pokra\u010dov\u00e1n\u00ed textu <span class=\"screen-reader-text\">komunikace s \u00daOHS ohledn\u011b VZ na ve\u0159ejn\u00e9 osv\u011btlen\u00ed<\/span> <span class=\"meta-nav\">&rarr;<\/span><\/a><\/p>\n","protected":false},"author":1,"featured_media":0,"parent":1611,"menu_order":0,"comment_status":"closed","ping_status":"closed","template":"","meta":{"_monsterinsights_skip_tracking":false,"_monsterinsights_sitenote_active":false,"_monsterinsights_sitenote_note":"","_monsterinsights_sitenote_category":0,"footnotes":""},"class_list":["post-1721","page","type-page","status-publish","hentry"],"_links":{"self":[{"href":"https:\/\/kostelecuholesova.eu\/index.php?rest_route=\/wp\/v2\/pages\/1721","targetHints":{"allow":["GET"]}}],"collection":[{"href":"https:\/\/kostelecuholesova.eu\/index.php?rest_route=\/wp\/v2\/pages"}],"about":[{"href":"https:\/\/kostelecuholesova.eu\/index.php?rest_route=\/wp\/v2\/types\/page"}],"author":[{"embeddable":true,"href":"https:\/\/kostelecuholesova.eu\/index.php?rest_route=\/wp\/v2\/users\/1"}],"replies":[{"embeddable":true,"href":"https:\/\/kostelecuholesova.eu\/index.php?rest_route=%2Fwp%2Fv2%2Fcomments&post=1721"}],"version-history":[{"count":5,"href":"https:\/\/kostelecuholesova.eu\/index.php?rest_route=\/wp\/v2\/pages\/1721\/revisions"}],"predecessor-version":[{"id":1987,"href":"https:\/\/kostelecuholesova.eu\/index.php?rest_route=\/wp\/v2\/pages\/1721\/revisions\/1987"}],"up":[{"embeddable":true,"href":"https:\/\/kostelecuholesova.eu\/index.php?rest_route=\/wp\/v2\/pages\/1611"}],"wp:attachment":[{"href":"https:\/\/kostelecuholesova.eu\/index.php?rest_route=%2Fwp%2Fv2%2Fmedia&parent=1721"}],"curies":[{"name":"wp","href":"https:\/\/api.w.org\/{rel}","templated":true}]}}