{"id":1674,"date":"2016-09-26T21:40:41","date_gmt":"2016-09-26T19:40:41","guid":{"rendered":"http:\/\/kostelecuholesova.eu\/?page_id=1674"},"modified":"2016-09-29T15:33:09","modified_gmt":"2016-09-29T13:33:09","slug":"zzo-c-16-zapis","status":"publish","type":"page","link":"https:\/\/kostelecuholesova.eu\/?page_id=1674","title":{"rendered":"ZZO \u010d. 16 \u2013 z\u00e1pis"},"content":{"rendered":"<p><a href=\"http:\/\/kostelecuholesova.eu\/wp-content\/uploads\/2016\/09\/Zapis-ze-zastupitelstva-c.-16_Page_1-e1475152666273.jpg\"><img loading=\"lazy\" decoding=\"async\" class=\"alignnone size-large wp-image-1690\" src=\"http:\/\/kostelecuholesova.eu\/wp-content\/uploads\/2016\/09\/Zapis-ze-zastupitelstva-c.-16_Page_1-e1475152666273-1024x581.jpg\" alt=\"zapis-ze-zastupitelstva-c-16_page_1\" width=\"474\" height=\"268\" srcset=\"https:\/\/kostelecuholesova.eu\/wp-content\/uploads\/2016\/09\/Zapis-ze-zastupitelstva-c.-16_Page_1-e1475152666273-1024x581.jpg 1024w, https:\/\/kostelecuholesova.eu\/wp-content\/uploads\/2016\/09\/Zapis-ze-zastupitelstva-c.-16_Page_1-e1475152666273-300x170.jpg 300w, https:\/\/kostelecuholesova.eu\/wp-content\/uploads\/2016\/09\/Zapis-ze-zastupitelstva-c.-16_Page_1-e1475152666273.jpg 1491w\" sizes=\"auto, (max-width: 474px) 100vw, 474px\" \/><\/a><\/p>\n<p>Plnohodnotn\u00fd z\u00e1pis ze\u00a0<a href=\"http:\/\/kostelecuholesova.eu\/wp-content\/uploads\/2016\/09\/Zapis-ze-zastupitelstva-c.-16.pdf\" target=\"_blank\">ZZO 16<\/a> konan\u00e9ho dne 13. z\u00e1\u0159\u00ed 2016.<\/p>\n<p><span style=\"text-decoration: underline;\">P\u0159\u00edlohy k z\u00e1pisu:<\/span><\/p>\n<p><strong>bod 4 &#8211; schv\u00e1len\u00ed v\u00edt\u011bze VZ na \u00fav\u011br<\/strong><br \/>\n<a href=\"http:\/\/kostelecuholesova.eu\/wp-content\/uploads\/2016\/09\/16-ZO-16-bod-4-oznameni_o_vyberu_nejvh.nabidky_16Z-4-1.doc\" target=\"_blank\">oznameni_o_vyberu_nejvh-nabidky_16z-4-1<\/a><br \/>\n<a href=\"http:\/\/kostelecuholesova.eu\/wp-content\/uploads\/2016\/09\/16-ZO-16-bod-4-Rozhodnuti_o_vyberu_nejvh._nabidky_16Z-4-2.pdf\" target=\"_blank\">rozhodnuti_o_vyberu_nejvh-_nabidky_16z-4-2<\/a><\/p>\n<p><strong>bod 5 &#8211; schv\u00e1len\u00ed v\u00edt\u011bze VZ na Prom\u011bnu \u0161koln\u00ed zahrady<\/strong><br \/>\n<a href=\"http:\/\/kostelecuholesova.eu\/wp-content\/uploads\/2016\/09\/16-ZO-16-bod-5-2016_H26_Kostelec_u_Holesova_POV2016_MACH_16Z-5-2.doc\" target=\"_blank\">2016_h26_kostelec_u_holesova_pov2016_mach_16z-5-2<\/a><br \/>\n<a href=\"http:\/\/kostelecuholesova.eu\/wp-content\/uploads\/2016\/09\/16-ZO-16-bod-5-Promena_skolni_zahrady_16Z-5-1.pdf\" target=\"_blank\">promena_skolni_zahrady_16z-5-1<\/a><\/p>\n<p><strong>bod 6 &#8211; OZV 1\/2016<\/strong><br \/>\n<a href=\"http:\/\/kostelecuholesova.eu\/wp-content\/uploads\/2016\/09\/16-ZO-16-bod-6-OZV_2016_16Z-6-1.docx\" target=\"_blank\">ozv_2016_16z-6-1<\/a><\/p>\n<p><strong>bod 7 &#8211; Hospic<\/strong><br \/>\n<a href=\"http:\/\/kostelecuholesova.eu\/wp-content\/uploads\/2016\/09\/16-ZO-16-bod-7-Hospic_na_Svatem_Kopecku_16Z-7-1.pdf\" target=\"_blank\">hospic_na_svatem_kopecku_16z-7-1<\/a><\/p>\n<p><strong>bod 8 &#8211; dodatek smlouvy<\/strong><br \/>\n<a href=\"http:\/\/kostelecuholesova.eu\/wp-content\/uploads\/2016\/09\/16-ZO-16-bod-8-Dodatek_ke_smlouve_16Z-8-1.pdf\" target=\"_blank\">dodatek_ke_smlouve_16z-8-1<\/a><\/p>\n<p><strong>bod 9 &#8211; projedn\u00e1n\u00ed protokolu o kontrole veden\u00ed archivn\u00ed a spisov\u00e9 slu\u017eby<\/strong><br \/>\n<a href=\"http:\/\/kostelecuholesova.eu\/wp-content\/uploads\/2016\/09\/16-ZO-16-bod-9-Podani_pisemne_zpravy_16Z-9-2.pdf\" target=\"_blank\">podani_pisemne_zpravy_16z-9-2<\/a><br \/>\n<a href=\"http:\/\/kostelecuholesova.eu\/wp-content\/uploads\/2016\/09\/16-ZO-16-bod-9-protokol_o_kontrole_16Z-9-1.pdf\" target=\"_blank\">protokol_o_kontrole_16z-9-1<\/a><br \/>\n<a href=\"http:\/\/kostelecuholesova.eu\/wp-content\/uploads\/2016\/09\/16-ZO-16-bod-9-Spisovy_a_skartacni_rad_16Z-9-3.pdf\" target=\"_blank\">spisovy_a_skartacni_rad_16z-9-3<\/a><\/p>\n<p><strong>bod 10 &#8211; projedn\u00e1n\u00ed protokolu o kontrole Ministerstva vnitra \u010cR &#8211; odbor dozoru a kontroly<\/strong><br \/>\n<a href=\"http:\/\/kostelecuholesova.eu\/wp-content\/uploads\/2016\/09\/16-ZO-16-bod-10-MVCR_kontrola_16Z-10-1.pdf\" target=\"_blank\">mvcr_kontrola_16z-10-1<\/a><br \/>\n<a href=\"http:\/\/kostelecuholesova.eu\/wp-content\/uploads\/2016\/09\/16-ZO-16-bod-10-Protokol_o_kontrole_MVCR_16Z-10-2.pdf\" target=\"_blank\">protokol_o_kontrole_mvcr_16z-10-2<\/a><br \/>\n<a href=\"http:\/\/kostelecuholesova.eu\/wp-content\/uploads\/2016\/09\/16-ZO-16-bod-10-Vyrozumeni_o_procesnim_ukonceni_kontroly_16Z-10-3.pdf\" target=\"_blank\">vyrozumeni_o_procesnim_ukonceni_kontroly_16z-10-3<\/a><\/p>\n<p>Autentick\u00fd videoz\u00e1znam ze ZZO \u010d. 16 naleznete <a href=\"http:\/\/kostelecuholesova.eu\/?p=1588\">zde<\/a>.<\/p>\n","protected":false},"excerpt":{"rendered":"<p>Plnohodnotn\u00fd z\u00e1pis ze\u00a0ZZO 16 konan\u00e9ho dne 13. z\u00e1\u0159\u00ed 2016. P\u0159\u00edlohy k z\u00e1pisu: bod 4 &#8211; schv\u00e1len\u00ed v\u00edt\u011bze VZ na \u00fav\u011br oznameni_o_vyberu_nejvh-nabidky_16z-4-1 rozhodnuti_o_vyberu_nejvh-_nabidky_16z-4-2 bod 5 &#8211; schv\u00e1len\u00ed v\u00edt\u011bze VZ na Prom\u011bnu \u0161koln\u00ed zahrady 2016_h26_kostelec_u_holesova_pov2016_mach_16z-5-2 promena_skolni_zahrady_16z-5-1 bod 6 &#8211; OZV 1\/2016 ozv_2016_16z-6-1 bod 7 &#8211; Hospic hospic_na_svatem_kopecku_16z-7-1 bod 8 &#8211; dodatek smlouvy dodatek_ke_smlouve_16z-8-1 bod 9 &#8211; projedn\u00e1n\u00ed &hellip; <a href=\"https:\/\/kostelecuholesova.eu\/?page_id=1674\" class=\"more-link\">Pokra\u010dov\u00e1n\u00ed textu <span class=\"screen-reader-text\">ZZO \u010d. 16 \u2013 z\u00e1pis<\/span> <span class=\"meta-nav\">&rarr;<\/span><\/a><\/p>\n","protected":false},"author":1,"featured_media":0,"parent":663,"menu_order":0,"comment_status":"closed","ping_status":"closed","template":"","meta":{"_monsterinsights_skip_tracking":false,"_monsterinsights_sitenote_active":false,"_monsterinsights_sitenote_note":"","_monsterinsights_sitenote_category":0,"footnotes":""},"class_list":["post-1674","page","type-page","status-publish","hentry"],"_links":{"self":[{"href":"https:\/\/kostelecuholesova.eu\/index.php?rest_route=\/wp\/v2\/pages\/1674","targetHints":{"allow":["GET"]}}],"collection":[{"href":"https:\/\/kostelecuholesova.eu\/index.php?rest_route=\/wp\/v2\/pages"}],"about":[{"href":"https:\/\/kostelecuholesova.eu\/index.php?rest_route=\/wp\/v2\/types\/page"}],"author":[{"embeddable":true,"href":"https:\/\/kostelecuholesova.eu\/index.php?rest_route=\/wp\/v2\/users\/1"}],"replies":[{"embeddable":true,"href":"https:\/\/kostelecuholesova.eu\/index.php?rest_route=%2Fwp%2Fv2%2Fcomments&post=1674"}],"version-history":[{"count":7,"href":"https:\/\/kostelecuholesova.eu\/index.php?rest_route=\/wp\/v2\/pages\/1674\/revisions"}],"predecessor-version":[{"id":1712,"href":"https:\/\/kostelecuholesova.eu\/index.php?rest_route=\/wp\/v2\/pages\/1674\/revisions\/1712"}],"up":[{"embeddable":true,"href":"https:\/\/kostelecuholesova.eu\/index.php?rest_route=\/wp\/v2\/pages\/663"}],"wp:attachment":[{"href":"https:\/\/kostelecuholesova.eu\/index.php?rest_route=%2Fwp%2Fv2%2Fmedia&parent=1674"}],"curies":[{"name":"wp","href":"https:\/\/api.w.org\/{rel}","templated":true}]}}