{"id":1443,"date":"2016-08-08T12:07:54","date_gmt":"2016-08-08T10:07:54","guid":{"rendered":"http:\/\/kostelecuholesova.eu\/?page_id=1443"},"modified":"2016-08-08T12:12:19","modified_gmt":"2016-08-08T10:12:19","slug":"zzo-c-14-zapis","status":"publish","type":"page","link":"https:\/\/kostelecuholesova.eu\/?page_id=1443","title":{"rendered":"ZZO \u010d. 14 \u2013 z\u00e1pis"},"content":{"rendered":"<p><a href=\"http:\/\/kostelecuholesova.eu\/wp-content\/uploads\/2016\/08\/Z\u00e1pis_Page_1-e1470650364358.jpg\"><img loading=\"lazy\" decoding=\"async\" class=\"alignnone size-large wp-image-1444\" src=\"http:\/\/kostelecuholesova.eu\/wp-content\/uploads\/2016\/08\/Z\u00e1pis_Page_1-e1470650364358-1024x503.jpg\" alt=\"Z\u00e1pis_Page_1\" width=\"474\" height=\"232\" srcset=\"https:\/\/kostelecuholesova.eu\/wp-content\/uploads\/2016\/08\/Z\u00e1pis_Page_1-e1470650364358-1024x503.jpg 1024w, https:\/\/kostelecuholesova.eu\/wp-content\/uploads\/2016\/08\/Z\u00e1pis_Page_1-e1470650364358-300x147.jpg 300w, https:\/\/kostelecuholesova.eu\/wp-content\/uploads\/2016\/08\/Z\u00e1pis_Page_1-e1470650364358.jpg 1496w\" sizes=\"auto, (max-width: 474px) 100vw, 474px\" \/><\/a><\/p>\n<p>Plnohodnotn\u00fd z\u00e1pis ze\u00a0<a href=\"http:\/\/kostelecuholesova.eu\/wp-content\/uploads\/2016\/08\/Z\u00e1pis-ZZO-c-14.pdf\" target=\"_blank\">ZZO 14<\/a> konan\u00e9ho dne 11. \u010dervence 2016.<\/p>\n<p>P\u0159\u00edlohy k z\u00e1pisu:<\/p>\n<p><a href=\"http:\/\/kostelecuholesova.eu\/wp-content\/uploads\/2016\/08\/bod-1-N\u00e1mitky-k-z\u00e1pisu-ZO-\u010d.-13.pdf\" target=\"_blank\">bod 1 -N\u00e1mitky k z\u00e1pisu ZO \u010d. 13<\/a><\/p>\n<p><a href=\"http:\/\/kostelecuholesova.eu\/wp-content\/uploads\/2016\/08\/bod-4-P\u0159\u00edloha-1-Obchodn\u00ed-podm\u00ednky-SOD.pdf\" target=\"_blank\">bod 4 &#8211; P\u0159\u00edloha 1 Obchodn\u00ed podm\u00ednky SOD<\/a><\/p>\n<p><a href=\"http:\/\/kostelecuholesova.eu\/wp-content\/uploads\/2016\/08\/bod-4-P\u0159\u00edloha-2-Podm\u00ednky-a-po\u017eadavky-VO.pdf\" target=\"_blank\">bod 4 &#8211; P\u0159\u00edloha 2 Podm\u00ednky a po\u017eadavky VO<\/a><\/p>\n<p><a href=\"http:\/\/kostelecuholesova.eu\/wp-content\/uploads\/2016\/08\/bod-4-P\u0159\u00edloha-3-Seznam-osloven\u00fdch-firem.pdf\" target=\"_blank\">bod 4 &#8211; P\u0159\u00edloha 3 Seznam osloven\u00fdch firem<\/a><\/p>\n<p><a href=\"http:\/\/kostelecuholesova.eu\/wp-content\/uploads\/2016\/08\/bod-4-P\u0159\u00edloha-4-V\u00fdzva-k-pod\u00e1n\u00ed-nab\u00eddky.pdf\" target=\"_blank\">bod 4 &#8211; P\u0159\u00edloha 4 V\u00fdzva k pod\u00e1n\u00ed nab\u00eddky<\/a><\/p>\n<p><a href=\"http:\/\/kostelecuholesova.eu\/wp-content\/uploads\/2016\/08\/bod-4-P\u0159\u00edloha-5-Kryc\u00ed-list-nab\u00eddky-zhotovitel.pdf\" target=\"_blank\">bod 4 &#8211; P\u0159\u00edloha 5 Kryc\u00ed list nab\u00eddky zhotovitel<\/a><\/p>\n<p><a href=\"http:\/\/kostelecuholesova.eu\/wp-content\/uploads\/2016\/08\/bod-4-P\u0159\u00edloha-6-Pod\u00edl-subdodavatel\u016f.pdf\" target=\"_blank\">bod 4 &#8211; P\u0159\u00edloha 6 Pod\u00edl subdodavatel\u016f<\/a><\/p>\n<p><a href=\"http:\/\/kostelecuholesova.eu\/wp-content\/uploads\/2016\/08\/bod-4-P\u0159\u00edloha-7-Technick\u00e9-parametry-sv\u00edtidel.pdf\" target=\"_blank\">bod 4 &#8211; P\u0159\u00edloha 7 Technick\u00e9 parametry sv\u00edtidel<\/a><\/p>\n<p><a href=\"http:\/\/kostelecuholesova.eu\/wp-content\/uploads\/2016\/08\/bod-4-P\u0159\u00edloha-8-N\u00e1vrh-\u010dlen\u016f-a-n\u00e1hradn\u00edk\u016f-komis\u00ed.docx\" target=\"_blank\">bod 4 &#8211; P\u0159\u00edloha 8 N\u00e1vrh \u010dlen\u016f a n\u00e1hradn\u00edk\u016f komis\u00ed<\/a><\/p>\n<p><a href=\"http:\/\/kostelecuholesova.eu\/wp-content\/uploads\/2016\/08\/bod-4-P\u0159\u00edloha-9-\u017d\u00e1dost-o-uveden\u00ed-do-z\u00e1pisu.pdf\" target=\"_blank\">bod 4 &#8211; P\u0159\u00edloha 9 \u017d\u00e1dost o uveden\u00ed do z\u00e1pisu<\/a><\/p>\n<p><a href=\"http:\/\/kostelecuholesova.eu\/wp-content\/uploads\/2016\/08\/bod-5-P\u0159\u00edloha-1-N\u00e1vrh-subjekt\u016f.pdf\" target=\"_blank\">bod 5 &#8211; P\u0159\u00edloha 1 N\u00e1vrh subjekt\u016f<\/a><\/p>\n<p><a href=\"http:\/\/kostelecuholesova.eu\/wp-content\/uploads\/2016\/08\/bod-5-P\u0159\u00edloha-2-\u00dav\u011br-Kostelec-u-Hole\u0161ova-ZD.pdf\" target=\"_blank\">bod 5 &#8211; P\u0159\u00edloha 2 \u00dav\u011br Kostelec u Hole\u0161ova &#8211; ZD<\/a><\/p>\n<p><a href=\"http:\/\/kostelecuholesova.eu\/wp-content\/uploads\/2016\/08\/bod-5-P\u0159\u00edloha-3-V\u00fdzva-k-pod\u00e1n\u00ed-nab\u00eddky.pdf\" target=\"_blank\">bod 5 &#8211; P\u0159\u00edloha 3 V\u00fdzva k pod\u00e1n\u00ed nab\u00eddky<\/a><\/p>\n<p><a href=\"http:\/\/kostelecuholesova.eu\/wp-content\/uploads\/2016\/08\/bod-5-P\u0159\u00edloha-4-Kryc\u00ed-list-nab\u00eddky-\u00fav\u011br.pdf\" target=\"_blank\">bod 5 &#8211; P\u0159\u00edloha 4 Kryc\u00ed list nab\u00eddky \u00fav\u011br<\/a><\/p>\n<p><a href=\"http:\/\/kostelecuholesova.eu\/wp-content\/uploads\/2016\/08\/bod-6-P\u0159\u00edloha-1-Seznam-osloven\u00fdch-firem.pdf\" target=\"_blank\">bod 6 &#8211; P\u0159\u00edloha 1 Seznam osloven\u00fdch firem<\/a><\/p>\n<p><a href=\"http:\/\/kostelecuholesova.eu\/wp-content\/uploads\/2016\/08\/bod-6-P\u0159\u00edloha-2-SOD.pdf\" target=\"_blank\">bod 6 &#8211; P\u0159\u00edloha 2 SOD<\/a><\/p>\n<p><a href=\"http:\/\/kostelecuholesova.eu\/wp-content\/uploads\/2016\/08\/bod-6-P\u0159\u00edloha-3-V\u00fdzva-k-pod\u00e1n\u00ed-nab\u00eddky.pdf\" target=\"_blank\">bod 6 &#8211; P\u0159\u00edloha 3 V\u00fdzva k pod\u00e1n\u00ed nab\u00eddky<\/a><\/p>\n<p><a href=\"http:\/\/kostelecuholesova.eu\/wp-content\/uploads\/2016\/08\/bod-6-P\u0159\u00edloha-4-Zad\u00e1vac\u00ed-+-kvalifika\u010dn\u00ed-dokumentace.pdf\" target=\"_blank\">bod 6 &#8211; P\u0159\u00edloha 4 Zad\u00e1vac\u00ed + kvalifika\u010dn\u00ed dokumentace<\/a><\/p>\n<p><a href=\"http:\/\/kostelecuholesova.eu\/wp-content\/uploads\/2016\/08\/bod-6-P\u0159\u00edloha-5-Kryc\u00ed-list-nab\u00eddky-technick\u00fd-dozor.pdf\" target=\"_blank\">bod 6 &#8211; P\u0159\u00edloha 5 Kryc\u00ed list nab\u00eddky technick\u00fd dozor<\/a><\/p>\n<p>ZZO &#8211; zased\u00e1n\u00ed zastupitelstva obce. Dokumenty jsou publikov\u00e1ny tak, jak byly poskytnuty obc\u00ed (p. Hlobil) na z\u00e1klad\u011b m\u00e9 \u017e\u00e1dosti podle z\u00e1kona 106\/1999 Sb. o svobodn\u00e9m p\u0159\u00edstupu k informac\u00edm.<\/p>\n","protected":false},"excerpt":{"rendered":"<p>Plnohodnotn\u00fd z\u00e1pis ze\u00a0ZZO 14 konan\u00e9ho dne 11. \u010dervence 2016. P\u0159\u00edlohy k z\u00e1pisu: bod 1 -N\u00e1mitky k z\u00e1pisu ZO \u010d. 13 bod 4 &#8211; P\u0159\u00edloha 1 Obchodn\u00ed podm\u00ednky SOD bod 4 &#8211; P\u0159\u00edloha 2 Podm\u00ednky a po\u017eadavky VO bod 4 &#8211; P\u0159\u00edloha 3 Seznam osloven\u00fdch firem bod 4 &#8211; P\u0159\u00edloha 4 V\u00fdzva k pod\u00e1n\u00ed nab\u00eddky bod &hellip; <a href=\"https:\/\/kostelecuholesova.eu\/?page_id=1443\" class=\"more-link\">Pokra\u010dov\u00e1n\u00ed textu <span class=\"screen-reader-text\">ZZO \u010d. 14 \u2013 z\u00e1pis<\/span> <span class=\"meta-nav\">&rarr;<\/span><\/a><\/p>\n","protected":false},"author":1,"featured_media":0,"parent":663,"menu_order":0,"comment_status":"closed","ping_status":"closed","template":"","meta":{"_monsterinsights_skip_tracking":false,"_monsterinsights_sitenote_active":false,"_monsterinsights_sitenote_note":"","_monsterinsights_sitenote_category":0,"footnotes":""},"class_list":["post-1443","page","type-page","status-publish","hentry"],"_links":{"self":[{"href":"https:\/\/kostelecuholesova.eu\/index.php?rest_route=\/wp\/v2\/pages\/1443","targetHints":{"allow":["GET"]}}],"collection":[{"href":"https:\/\/kostelecuholesova.eu\/index.php?rest_route=\/wp\/v2\/pages"}],"about":[{"href":"https:\/\/kostelecuholesova.eu\/index.php?rest_route=\/wp\/v2\/types\/page"}],"author":[{"embeddable":true,"href":"https:\/\/kostelecuholesova.eu\/index.php?rest_route=\/wp\/v2\/users\/1"}],"replies":[{"embeddable":true,"href":"https:\/\/kostelecuholesova.eu\/index.php?rest_route=%2Fwp%2Fv2%2Fcomments&post=1443"}],"version-history":[{"count":4,"href":"https:\/\/kostelecuholesova.eu\/index.php?rest_route=\/wp\/v2\/pages\/1443\/revisions"}],"predecessor-version":[{"id":1468,"href":"https:\/\/kostelecuholesova.eu\/index.php?rest_route=\/wp\/v2\/pages\/1443\/revisions\/1468"}],"up":[{"embeddable":true,"href":"https:\/\/kostelecuholesova.eu\/index.php?rest_route=\/wp\/v2\/pages\/663"}],"wp:attachment":[{"href":"https:\/\/kostelecuholesova.eu\/index.php?rest_route=%2Fwp%2Fv2%2Fmedia&parent=1443"}],"curies":[{"name":"wp","href":"https:\/\/api.w.org\/{rel}","templated":true}]}}