{"id":10952,"date":"2023-08-01T17:49:17","date_gmt":"2023-08-01T15:49:17","guid":{"rendered":"https:\/\/kostelecuholesova.eu\/?page_id=10952"},"modified":"2023-08-01T18:19:01","modified_gmt":"2023-08-01T16:19:01","slug":"zzo-c-6-zapis-3","status":"publish","type":"page","link":"https:\/\/kostelecuholesova.eu\/?page_id=10952","title":{"rendered":"ZZO \u010d. 6 \u2013 z\u00e1pis"},"content":{"rendered":"<p>Z\u00e1pis ze ZZO \u010d. 6 konan\u00e9ho dne 11. \u010dervence 2023, jak byl publikov\u00e1n na uzob.cz \u2013 <a href=\"https:\/\/kostelecuholesova.eu\/wp-content\/uploads\/2023\/08\/zapis-zastupitelstvo-c-6-11.07.2023.pdf\" target=\"_blank\" rel=\"noopener\">zapis zastupitelstvo c 6 &#8211; 11.07.2023<\/a><\/p>\n<h5>P\u0159\u00edlohy k z\u00e1pisu:<\/h5>\n<ul>\n<li><strong>bod 3<\/strong><\/li>\n<\/ul>\n<p><a href=\"https:\/\/kostelecuholesova.eu\/wp-content\/uploads\/2023\/08\/ZO-c.-6-prispevek-k-bodu-3_6Z-3_1.pdf\" target=\"_blank\" rel=\"noopener\">ZO \u010d. 6 p\u0159\u00edsp\u011bvek k bodu 3_6Z-3_1<\/a><\/p>\n<ul>\n<li><strong>bod 6<\/strong><\/li>\n<\/ul>\n<p><a href=\"https:\/\/kostelecuholesova.eu\/wp-content\/uploads\/2023\/08\/ZO-c.-6-prispevek-k-bodu-6_6Z-6_1.pdf\">ZO \u010d. 6 p\u0159\u00edsp\u011bvek k bodu 6_6Z-6_1<\/a><\/p>\n<p>ZZO \u2013 zased\u00e1n\u00ed zastupitelstva obce.<\/p>\n<p>Audioz\u00e1znam ze ZZO \u010d. 6 naleznete <a href=\"https:\/\/kostelecuholesova.eu\/?p=10948\" target=\"_blank\" rel=\"noopener\">zde<\/a>.<\/p>\n","protected":false},"excerpt":{"rendered":"<p>Z\u00e1pis ze ZZO \u010d. 6 konan\u00e9ho dne 11. \u010dervence 2023, jak byl publikov\u00e1n na uzob.cz \u2013 zapis zastupitelstvo c 6 &#8211; 11.07.2023 P\u0159\u00edlohy k z\u00e1pisu: bod 3 ZO \u010d. 6 p\u0159\u00edsp\u011bvek k bodu 3_6Z-3_1 bod 6 ZO \u010d. 6 p\u0159\u00edsp\u011bvek k bodu 6_6Z-6_1 ZZO \u2013 zased\u00e1n\u00ed zastupitelstva obce. Audioz\u00e1znam ze ZZO \u010d. 6 naleznete zde.<\/p>\n","protected":false},"author":1,"featured_media":0,"parent":663,"menu_order":0,"comment_status":"closed","ping_status":"closed","template":"","meta":{"_monsterinsights_skip_tracking":false,"_monsterinsights_sitenote_active":false,"_monsterinsights_sitenote_note":"","_monsterinsights_sitenote_category":0,"footnotes":""},"class_list":["post-10952","page","type-page","status-publish","hentry"],"_links":{"self":[{"href":"https:\/\/kostelecuholesova.eu\/index.php?rest_route=\/wp\/v2\/pages\/10952","targetHints":{"allow":["GET"]}}],"collection":[{"href":"https:\/\/kostelecuholesova.eu\/index.php?rest_route=\/wp\/v2\/pages"}],"about":[{"href":"https:\/\/kostelecuholesova.eu\/index.php?rest_route=\/wp\/v2\/types\/page"}],"author":[{"embeddable":true,"href":"https:\/\/kostelecuholesova.eu\/index.php?rest_route=\/wp\/v2\/users\/1"}],"replies":[{"embeddable":true,"href":"https:\/\/kostelecuholesova.eu\/index.php?rest_route=%2Fwp%2Fv2%2Fcomments&post=10952"}],"version-history":[{"count":4,"href":"https:\/\/kostelecuholesova.eu\/index.php?rest_route=\/wp\/v2\/pages\/10952\/revisions"}],"predecessor-version":[{"id":10963,"href":"https:\/\/kostelecuholesova.eu\/index.php?rest_route=\/wp\/v2\/pages\/10952\/revisions\/10963"}],"up":[{"embeddable":true,"href":"https:\/\/kostelecuholesova.eu\/index.php?rest_route=\/wp\/v2\/pages\/663"}],"wp:attachment":[{"href":"https:\/\/kostelecuholesova.eu\/index.php?rest_route=%2Fwp%2Fv2%2Fmedia&parent=10952"}],"curies":[{"name":"wp","href":"https:\/\/api.w.org\/{rel}","templated":true}]}}