{"id":10927,"date":"2023-06-17T09:19:17","date_gmt":"2023-06-17T07:19:17","guid":{"rendered":"https:\/\/kostelecuholesova.eu\/?page_id=10927"},"modified":"2023-06-17T16:34:18","modified_gmt":"2023-06-17T14:34:18","slug":"zzo-c-5-zapis-3","status":"publish","type":"page","link":"https:\/\/kostelecuholesova.eu\/?page_id=10927","title":{"rendered":"ZZO \u010d. 5 \u2013 z\u00e1pis"},"content":{"rendered":"<p>Z\u00e1pis ze ZZO \u010d. 5 konan\u00e9ho dne 25. kv\u011btna 2023, jak byl publikov\u00e1n na uzob.cz \u2013 <a href=\"https:\/\/kostelecuholesova.eu\/wp-content\/uploads\/2023\/06\/zapis-zastupitelstvo-c-5-25.05.2023.pdf\" target=\"_blank\" rel=\"noopener\">zapis zastupitelstvo c 5 &#8211; 25.05.2023<\/a><\/p>\n<h5>P\u0159\u00edlohy k z\u00e1pisu:<\/h5>\n<ul>\n<li><strong>bod 3<\/strong><\/li>\n<\/ul>\n<p><a href=\"https:\/\/kostelecuholesova.eu\/wp-content\/uploads\/2023\/06\/bod-3-Informace-o-cinnosti-obce_5Z-3_1.docx\" target=\"_blank\" rel=\"noopener\">bod 3 Informace o \u010dinnosti obce_5Z-3_1<\/a><\/p>\n<p><a href=\"https:\/\/kostelecuholesova.eu\/wp-content\/uploads\/2023\/06\/bod-3-Informace-o-cinnosti-Petr-Hlobil-pripominky_5Z-3_1.pdf\" target=\"_blank\" rel=\"noopener\">bod 3 Informace o \u010dinnosti-Petr Hlobil p\u0159ipom\u00ednky_5Z-3_1<\/a><\/p>\n<ul>\n<li><strong>bod 18<\/strong><\/li>\n<\/ul>\n<p><a href=\"https:\/\/kostelecuholesova.eu\/wp-content\/uploads\/2023\/06\/bod-18-Diskuze-Petr-Hlobil_5Z-18_1.pdf\" target=\"_blank\" rel=\"noopener\">bod 18 Diskuze -Petr Hlobil_5Z-18_1<\/a><\/p>\n<p><a href=\"https:\/\/kostelecuholesova.eu\/wp-content\/uploads\/2023\/06\/bod-18-Upozorneni-na-nedostatky-a-poruseni-zakona-pri-vykonu-prenesene-pusobnosti_5Z-18_1.pdf\" target=\"_blank\" rel=\"noopener\">bod 18 Upozorn\u011bn\u00ed na nedostatky a poru\u0161en\u00ed z\u00e1kona p\u0159i v\u00fdkonu p\u0159enesen\u00e9 p\u016fsobnosti_5Z-18_1<\/a><\/p>\n<p>&nbsp;<\/p>\n<p>ZZO \u2013 zased\u00e1n\u00ed zastupitelstva obce.<\/p>\n<p>Audioz\u00e1znam ze ZZO \u010d. 5 naleznete <a href=\"https:\/\/kostelecuholesova.eu\/?p=10924\" target=\"_blank\" rel=\"noopener\">zde<\/a>.<\/p>\n","protected":false},"excerpt":{"rendered":"<p>Z\u00e1pis ze ZZO \u010d. 5 konan\u00e9ho dne 25. kv\u011btna 2023, jak byl publikov\u00e1n na uzob.cz \u2013 zapis zastupitelstvo c 5 &#8211; 25.05.2023 P\u0159\u00edlohy k z\u00e1pisu: bod 3 bod 3 Informace o \u010dinnosti obce_5Z-3_1 bod 3 Informace o \u010dinnosti-Petr Hlobil p\u0159ipom\u00ednky_5Z-3_1 bod 18 bod 18 Diskuze -Petr Hlobil_5Z-18_1 bod 18 Upozorn\u011bn\u00ed na nedostatky a poru\u0161en\u00ed z\u00e1kona &hellip; <a href=\"https:\/\/kostelecuholesova.eu\/?page_id=10927\" class=\"more-link\">Pokra\u010dov\u00e1n\u00ed textu <span class=\"screen-reader-text\">ZZO \u010d. 5 \u2013 z\u00e1pis<\/span> <span class=\"meta-nav\">&rarr;<\/span><\/a><\/p>\n","protected":false},"author":1,"featured_media":0,"parent":663,"menu_order":0,"comment_status":"closed","ping_status":"closed","template":"","meta":{"_monsterinsights_skip_tracking":false,"_monsterinsights_sitenote_active":false,"_monsterinsights_sitenote_note":"","_monsterinsights_sitenote_category":0,"footnotes":""},"class_list":["post-10927","page","type-page","status-publish","hentry"],"_links":{"self":[{"href":"https:\/\/kostelecuholesova.eu\/index.php?rest_route=\/wp\/v2\/pages\/10927","targetHints":{"allow":["GET"]}}],"collection":[{"href":"https:\/\/kostelecuholesova.eu\/index.php?rest_route=\/wp\/v2\/pages"}],"about":[{"href":"https:\/\/kostelecuholesova.eu\/index.php?rest_route=\/wp\/v2\/types\/page"}],"author":[{"embeddable":true,"href":"https:\/\/kostelecuholesova.eu\/index.php?rest_route=\/wp\/v2\/users\/1"}],"replies":[{"embeddable":true,"href":"https:\/\/kostelecuholesova.eu\/index.php?rest_route=%2Fwp%2Fv2%2Fcomments&post=10927"}],"version-history":[{"count":4,"href":"https:\/\/kostelecuholesova.eu\/index.php?rest_route=\/wp\/v2\/pages\/10927\/revisions"}],"predecessor-version":[{"id":10945,"href":"https:\/\/kostelecuholesova.eu\/index.php?rest_route=\/wp\/v2\/pages\/10927\/revisions\/10945"}],"up":[{"embeddable":true,"href":"https:\/\/kostelecuholesova.eu\/index.php?rest_route=\/wp\/v2\/pages\/663"}],"wp:attachment":[{"href":"https:\/\/kostelecuholesova.eu\/index.php?rest_route=%2Fwp%2Fv2%2Fmedia&parent=10927"}],"curies":[{"name":"wp","href":"https:\/\/api.w.org\/{rel}","templated":true}]}}