{"id":10901,"date":"2023-03-17T14:49:40","date_gmt":"2023-03-17T13:49:40","guid":{"rendered":"https:\/\/kostelecuholesova.eu\/?page_id=10901"},"modified":"2023-03-17T14:51:27","modified_gmt":"2023-03-17T13:51:27","slug":"zzo-c-4-zapis-3","status":"publish","type":"page","link":"https:\/\/kostelecuholesova.eu\/?page_id=10901","title":{"rendered":"ZZO \u010d. 4 \u2013 z\u00e1pis"},"content":{"rendered":"<p>Z\u00e1pis ze ZZO \u010d. 4 konan\u00e9ho dne 28. \u00fanora 2023, jak byl publikov\u00e1n na uzob.cz \u2013 <a href=\"https:\/\/kostelecuholesova.eu\/wp-content\/uploads\/2023\/03\/zapis-zastupitelstvo-c-4-28.02.2023-public.pdf\" target=\"_blank\" rel=\"noopener\">zapis zastupitelstvo c 4 &#8211; 28.02.2023 public<\/a><\/p>\n<h5>P\u0159\u00edlohy k z\u00e1pisu:<\/h5>\n<ul>\n<li>bod 4 rozpo\u010det na rok 2023 &#8211; <a href=\"https:\/\/kostelecuholesova.eu\/wp-content\/uploads\/2023\/03\/Rozpocet_podrobny_vcetne_plneni_predchoziho_roku6533814423493324481_4Z-4_1.pdf\" target=\"_blank\" rel=\"noopener\">Rozpocet_podrobny_vcetne_plneni_predchoziho_roku6533814423493324481_4Z-4_1<\/a><\/li>\n<li>bod 5 p\u0159estupek \u00daOHS &#8211; v\u00fdsledky, z\u00e1v\u011bry\n<ul>\n<li><a href=\"https:\/\/kostelecuholesova.eu\/wp-content\/uploads\/2023\/03\/setreni-podnetu-UOHS-v-oblasti-deleni-zakazek-a-stretu-zajmu-vysledky-zavery_4Z-4_1.pdf\" target=\"_blank\" rel=\"noopener\">set\u0159en\u00ed podn\u011btu \u00daOHS v oblasti d\u011blen\u00ed zak\u00e1zek a st\u0159et\u016f z\u00e1jm\u016f, v\u00fdsledky, z\u00e1v\u011bry_4Z-4_1<\/a><\/li>\n<li><a href=\"https:\/\/kostelecuholesova.eu\/wp-content\/uploads\/2023\/03\/Vysledky-setreni-zavery-UOHS_4Z-5_1.pdf\" target=\"_blank\" rel=\"noopener\">V\u00fdsledky \u0161et\u0159en\u00ed, z\u00e1v\u011bry \u00daOHS_4Z-5_1<\/a><\/li>\n<\/ul>\n<\/li>\n<li>bod 6 sd\u011blen\u00ed k diskuzi ZO \u010d. 3\n<ul>\n<li><a href=\"https:\/\/kostelecuholesova.eu\/wp-content\/uploads\/2023\/03\/Sdeleni-k-diskuzi-na-ZZO-c.-3_4Z-5_1.pdf\" target=\"_blank\" rel=\"noopener\">Sd\u011blen\u00ed k diskuzi na ZZO \u010d. 3_4Z-5_1<\/a><\/li>\n<li><a href=\"https:\/\/kostelecuholesova.eu\/wp-content\/uploads\/2023\/03\/Sdeleni-k-diskuzi-na-ZZO-c.-3_4Z-6_1.docx\" target=\"_blank\" rel=\"noopener\">Sd\u011blen\u00ed k diskuzi na ZZO \u010d. 3_4Z-6_1<\/a><\/li>\n<\/ul>\n<\/li>\n<li>bod 7 podn\u011bt a st\u00ed\u017enost NY Legal &#8211; <a href=\"https:\/\/kostelecuholesova.eu\/wp-content\/uploads\/2023\/03\/Podnet-a-stiznost-na-nehospodarne-nakladani-s-verejnymi-prostredky_4Z-6_1.pdf\" target=\"_blank\" rel=\"noopener\">Podn\u011bt a st\u00ed\u017enost na nehospod\u00e1rn\u00e9 nakl\u00e1d\u00e1n\u00ed s ve\u0159ejn\u00fdmi prost\u0159edky_4Z-6_1<\/a><\/li>\n<li>bod 11 diskuze &#8211; <a href=\"https:\/\/kostelecuholesova.eu\/wp-content\/uploads\/2023\/03\/Prispevek-do-diskuze_4Z-11_1.pdf\" target=\"_blank\" rel=\"noopener\">P\u0159\u00edsp\u011bvek do diskuze_4Z-11_1<\/a><\/li>\n<\/ul>\n<p>ZZO \u2013 zased\u00e1n\u00ed zastupitelstva obce.<\/p>\n<p>Audioz\u00e1znam ze ZZO \u010d. 4 naleznete <a href=\"https:\/\/kostelecuholesova.eu\/?p=10893\" target=\"_blank\" rel=\"noopener\">zde<\/a>.<\/p>\n","protected":false},"excerpt":{"rendered":"<p>Z\u00e1pis ze ZZO \u010d. 4 konan\u00e9ho dne 28. \u00fanora 2023, jak byl publikov\u00e1n na uzob.cz \u2013 zapis zastupitelstvo c 4 &#8211; 28.02.2023 public P\u0159\u00edlohy k z\u00e1pisu: bod 4 rozpo\u010det na rok 2023 &#8211; Rozpocet_podrobny_vcetne_plneni_predchoziho_roku6533814423493324481_4Z-4_1 bod 5 p\u0159estupek \u00daOHS &#8211; v\u00fdsledky, z\u00e1v\u011bry set\u0159en\u00ed podn\u011btu \u00daOHS v oblasti d\u011blen\u00ed zak\u00e1zek a st\u0159et\u016f z\u00e1jm\u016f, v\u00fdsledky, z\u00e1v\u011bry_4Z-4_1 V\u00fdsledky \u0161et\u0159en\u00ed, &hellip; <a href=\"https:\/\/kostelecuholesova.eu\/?page_id=10901\" class=\"more-link\">Pokra\u010dov\u00e1n\u00ed textu <span class=\"screen-reader-text\">ZZO \u010d. 4 \u2013 z\u00e1pis<\/span> <span class=\"meta-nav\">&rarr;<\/span><\/a><\/p>\n","protected":false},"author":1,"featured_media":0,"parent":663,"menu_order":0,"comment_status":"closed","ping_status":"closed","template":"","meta":{"_monsterinsights_skip_tracking":false,"_monsterinsights_sitenote_active":false,"_monsterinsights_sitenote_note":"","_monsterinsights_sitenote_category":0,"footnotes":""},"class_list":["post-10901","page","type-page","status-publish","hentry"],"_links":{"self":[{"href":"https:\/\/kostelecuholesova.eu\/index.php?rest_route=\/wp\/v2\/pages\/10901","targetHints":{"allow":["GET"]}}],"collection":[{"href":"https:\/\/kostelecuholesova.eu\/index.php?rest_route=\/wp\/v2\/pages"}],"about":[{"href":"https:\/\/kostelecuholesova.eu\/index.php?rest_route=\/wp\/v2\/types\/page"}],"author":[{"embeddable":true,"href":"https:\/\/kostelecuholesova.eu\/index.php?rest_route=\/wp\/v2\/users\/1"}],"replies":[{"embeddable":true,"href":"https:\/\/kostelecuholesova.eu\/index.php?rest_route=%2Fwp%2Fv2%2Fcomments&post=10901"}],"version-history":[{"count":6,"href":"https:\/\/kostelecuholesova.eu\/index.php?rest_route=\/wp\/v2\/pages\/10901\/revisions"}],"predecessor-version":[{"id":10916,"href":"https:\/\/kostelecuholesova.eu\/index.php?rest_route=\/wp\/v2\/pages\/10901\/revisions\/10916"}],"up":[{"embeddable":true,"href":"https:\/\/kostelecuholesova.eu\/index.php?rest_route=\/wp\/v2\/pages\/663"}],"wp:attachment":[{"href":"https:\/\/kostelecuholesova.eu\/index.php?rest_route=%2Fwp%2Fv2%2Fmedia&parent=10901"}],"curies":[{"name":"wp","href":"https:\/\/api.w.org\/{rel}","templated":true}]}}