{"id":10464,"date":"2022-11-20T19:35:12","date_gmt":"2022-11-20T17:35:12","guid":{"rendered":"http:\/\/kostelecuholesova.eu\/?page_id=10464"},"modified":"2022-11-21T18:26:32","modified_gmt":"2022-11-21T16:26:32","slug":"zzo-c-2-zapis-3","status":"publish","type":"page","link":"https:\/\/kostelecuholesova.eu\/?page_id=10464","title":{"rendered":"ZZO \u010d. 2 \u2013 z\u00e1pis"},"content":{"rendered":"<p>Z\u00e1pis bez podpis\u016f a data vyhotoven\u00ed, tak jak byl publikovan\u00fd na uzob.cz \u2013 <a href=\"http:\/\/kostelecuholesova.eu\/wp-content\/uploads\/2022\/11\/zapis-zastupitelstvo-c-2-10.11.2022-public.pdf\" target=\"_blank\" rel=\"noopener noreferrer\">zapis zastupitelstvo c 2 &#8211; 10.11.2022 public<\/a><\/p>\n<p>Plnohodnotn\u00fd origin\u00e1ln\u00ed z\u00e1pis ze ZZO \u010d. 2 konan\u00e9ho dne 10. listopadu 2022 \u2013 v procesu \u017e\u00e1dosti<\/p>\n<h5>P\u0159\u00edlohy k z\u00e1pisu:<\/h5>\n<ul>\n<li>bod 10 &#8211; <a href=\"http:\/\/kostelecuholesova.eu\/wp-content\/uploads\/2022\/11\/P\u0159\u00edsp\u011bvek-do-diskuze-Hlobil-Petr_2Z-8_1.pdf\" target=\"_blank\" rel=\"noopener noreferrer\">P\u0159\u00edsp\u011bvek-do-diskuze-Hlobil-Petr_2Z-8_1<\/a><\/li>\n<\/ul>\n<p>ZZO \u2013 zased\u00e1n\u00ed zastupitelstva obce.<\/p>\n<p>Audioz\u00e1znam ze ZZO \u010d. 2 naleznete <a href=\"http:\/\/kostelecuholesova.eu\/?p=10469\" target=\"_blank\" rel=\"noopener noreferrer\">zde<\/a>.<\/p>\n","protected":false},"excerpt":{"rendered":"<p>Z\u00e1pis bez podpis\u016f a data vyhotoven\u00ed, tak jak byl publikovan\u00fd na uzob.cz \u2013 zapis zastupitelstvo c 2 &#8211; 10.11.2022 public Plnohodnotn\u00fd origin\u00e1ln\u00ed z\u00e1pis ze ZZO \u010d. 2 konan\u00e9ho dne 10. listopadu 2022 \u2013 v procesu \u017e\u00e1dosti P\u0159\u00edlohy k z\u00e1pisu: bod 10 &#8211; P\u0159\u00edsp\u011bvek-do-diskuze-Hlobil-Petr_2Z-8_1 ZZO \u2013 zased\u00e1n\u00ed zastupitelstva obce. Audioz\u00e1znam ze ZZO \u010d. 2 naleznete zde.<\/p>\n","protected":false},"author":1,"featured_media":0,"parent":663,"menu_order":0,"comment_status":"closed","ping_status":"closed","template":"","meta":{"_monsterinsights_skip_tracking":false,"_monsterinsights_sitenote_active":false,"_monsterinsights_sitenote_note":"","_monsterinsights_sitenote_category":0,"footnotes":""},"class_list":["post-10464","page","type-page","status-publish","hentry"],"_links":{"self":[{"href":"https:\/\/kostelecuholesova.eu\/index.php?rest_route=\/wp\/v2\/pages\/10464","targetHints":{"allow":["GET"]}}],"collection":[{"href":"https:\/\/kostelecuholesova.eu\/index.php?rest_route=\/wp\/v2\/pages"}],"about":[{"href":"https:\/\/kostelecuholesova.eu\/index.php?rest_route=\/wp\/v2\/types\/page"}],"author":[{"embeddable":true,"href":"https:\/\/kostelecuholesova.eu\/index.php?rest_route=\/wp\/v2\/users\/1"}],"replies":[{"embeddable":true,"href":"https:\/\/kostelecuholesova.eu\/index.php?rest_route=%2Fwp%2Fv2%2Fcomments&post=10464"}],"version-history":[{"count":3,"href":"https:\/\/kostelecuholesova.eu\/index.php?rest_route=\/wp\/v2\/pages\/10464\/revisions"}],"predecessor-version":[{"id":10479,"href":"https:\/\/kostelecuholesova.eu\/index.php?rest_route=\/wp\/v2\/pages\/10464\/revisions\/10479"}],"up":[{"embeddable":true,"href":"https:\/\/kostelecuholesova.eu\/index.php?rest_route=\/wp\/v2\/pages\/663"}],"wp:attachment":[{"href":"https:\/\/kostelecuholesova.eu\/index.php?rest_route=%2Fwp%2Fv2%2Fmedia&parent=10464"}],"curies":[{"name":"wp","href":"https:\/\/api.w.org\/{rel}","templated":true}]}}